{"id":11613,"date":"2025-06-29T13:59:01","date_gmt":"2025-06-29T11:59:01","guid":{"rendered":"https:\/\/uj.adatbank.ro\/lexikon\/termek\/kemeny-laszlo\/"},"modified":"2025-06-29T13:59:01","modified_gmt":"2025-06-29T11:59:01","slug":"kemeny-laszlo","status":"publish","type":"product","link":"https:\/\/uj.adatbank.ro\/lexikon\/termek\/kemeny-laszlo\/","title":{"rendered":"KEM\u00c9NY L\u00e1szl\u00f3"},"content":{"rendered":"<p>Magyarb\u00fckk\u00f6s, 1732. m\u00e1j. 12., 1730. \u2020 Magyarb\u00fckk\u00f6s, 1787. szept. 29.: r. k. pap. \u2013 Tanult Kv.-on a Jezsuita Gimn. \u00e9s Akad. (1747\u201349), B\u00e9csben a P\u00e1zm\u00e1neumban, R\u00f3m\u00e1ban a Collegium Germanicum et Hungaricum-ban (1750\u201354). Papp\u00e1 szentelt\u00e9k (1753). Egerszegen pl\u00e9b\u00e1nos, esztergomi kanonok (1763\u2013), zebeg\u00e9nyi pr\u00e9post, \u00e9s n\u00f3gr\u00e1di f\u0151esperes volt. Egerszegi pl\u00e9b\u00e1nos \u00e9s kanonok. Erd\u00e9lyben halt meg, mid\u0151n rokonai l\u00e1togat\u00e1s\u00e1ra j\u00e1rt. <br \/><strong>Irod.:<\/strong> Bir\u00f3 J\u00f3zsef. A bonchidai B\u00e1nffy-kast\u00e9ly csal\u00e1di arck\u00e9pei = Lyka eml\u00e9kk.; Ferenczi S\u00e1ndor 2009; K\u00fclf\u00f6ld\u00f6n b\u00fajdos\u00f3 erd\u00e9lyi di\u00e1kok levelez\u00e9se (Kv., 1933); Nagy Iv\u00e1n; Szab\u00f3\u2013Sz\u00f6gi<\/br><\/p>\n","protected":false},"excerpt":{"rendered":"<p>Magyarb\u00fckk\u00f6s, 1732. m\u00e1j. 12., 1730. \u2020 Magyarb\u00fckk\u00f6s, 1787. szept. 29.: r. k. pap. \u2013 Tanult Kv.-on a Jezsuita Gimn. \u00e9s Akad. (1747\u201349), B\u00e9csben a P\u00e1zm\u00e1neumban, R\u00f3m\u00e1ban a Collegium Germanicum et Hungaricum-ban (1750\u201354). Papp\u00e1 szentelt\u00e9k (1753). Egerszegen pl\u00e9b\u00e1nos, esztergomi kanonok (1763\u2013), zebeg\u00e9nyi pr\u00e9post, \u00e9s n\u00f3gr\u00e1di f\u0151esperes volt. Egerszegi pl\u00e9b\u00e1nos \u00e9s kanonok. Erd\u00e9lyben halt meg, mid\u0151n rokonai [&hellip;]<\/p>\n","protected":false},"featured_media":0,"comment_status":"open","ping_status":"closed","template":"","meta":[],"product_brand":[],"product_cat":[137],"product_tag":[],"class_list":{"0":"post-11613","1":"product","2":"type-product","3":"status-publish","5":"product_cat-maros-megyei-eletrajzi-lexikon","7":"first","8":"instock","9":"shipping-taxable","10":"product-type-simple"},"_links":{"self":[{"href":"https:\/\/uj.adatbank.ro\/lexikon\/wp-json\/wp\/v2\/product\/11613","targetHints":{"allow":["GET"]}}],"collection":[{"href":"https:\/\/uj.adatbank.ro\/lexikon\/wp-json\/wp\/v2\/product"}],"about":[{"href":"https:\/\/uj.adatbank.ro\/lexikon\/wp-json\/wp\/v2\/types\/product"}],"replies":[{"embeddable":true,"href":"https:\/\/uj.adatbank.ro\/lexikon\/wp-json\/wp\/v2\/comments?post=11613"}],"wp:attachment":[{"href":"https:\/\/uj.adatbank.ro\/lexikon\/wp-json\/wp\/v2\/media?parent=11613"}],"wp:term":[{"taxonomy":"product_brand","embeddable":true,"href":"https:\/\/uj.adatbank.ro\/lexikon\/wp-json\/wp\/v2\/product_brand?post=11613"},{"taxonomy":"product_cat","embeddable":true,"href":"https:\/\/uj.adatbank.ro\/lexikon\/wp-json\/wp\/v2\/product_cat?post=11613"},{"taxonomy":"product_tag","embeddable":true,"href":"https:\/\/uj.adatbank.ro\/lexikon\/wp-json\/wp\/v2\/product_tag?post=11613"}],"curies":[{"name":"wp","href":"https:\/\/api.w.org\/{rel}","templated":true}]}}