{"id":11615,"date":"2025-06-29T13:59:06","date_gmt":"2025-06-29T11:59:06","guid":{"rendered":"https:\/\/uj.adatbank.ro\/lexikon\/termek\/kemeny-laszlo-magyargyeromonostori-br-gr-id\/"},"modified":"2025-06-29T13:59:06","modified_gmt":"2025-06-29T11:59:06","slug":"kemeny-laszlo-magyargyeromonostori-br-gr-id","status":"publish","type":"product","link":"https:\/\/uj.adatbank.ro\/lexikon\/termek\/kemeny-laszlo-magyargyeromonostori-br-gr-id\/","title":{"rendered":"KEM\u00c9NY L\u00e1szl\u00f3, magyargyer\u0151monostori, br., gr. id."},"content":{"rendered":"<p>? \u2020 1744: \u00fcln\u00f6k, erd\u00e9lyi f\u0151korm\u00e1nyz\u00f3. \u2013 Kem\u00e9ny J\u00e1nos, erd\u00e9lyi fejedelem unok\u00e1ja. K. Simon (1633\u20131675) \u00e9s Per\u00e9nyi Kata (\u2020 1693) fia. Feles\u00e9ge Pekry Kata (1650\u20131709), Pekry L\u0151rincz kuruc gener\u00e1lis l\u00e1nya.) Gyermekei L\u00e1szl\u00f3 (1709\u20131774), L\u0151rinc, Farkas (1741\u20131805), Mikl\u00f3s, Johanna \u00e9s Ter\u00e9z. \u2013 A II. R\u00e1k\u00f3czi Ferenc \u00e1ltal Mv.-en kinevezett fejedelmi korm\u00e1nytan\u00e1cs egyik tagja \u00e9s a fejedelem szem\u00e9lyn\u00f6ke (1707. \u00e1pr). Udvarhelysz\u00e9ki f\u0151kapit\u00e1ny (1707\u2013). A Kir. T\u00e1bla \u00fcln\u00f6ke (1715\u201318), guberniumi tan\u00e1csos hal\u00e1l\u00e1ig. Csombordi birtokos, \u0151 \u00e9s fia Farkas \u00e9p\u00edtett\u00e9k a csombordi barokk kast\u00e9lyt. Magyar gr\u00f3fi rangot kapott (B\u00e9cs, 1844. nov. 13). Farkas fia hal\u00e1l\u00e1val kihalt fi\u00fa\u00e1gon a gr\u00f3fi \u00e1g (1805). <br \/><strong>Irod.:<\/strong> \u00c1rva Bethlen K.; Bicsok-Orb\u00e1n; II. R\u00e1k\u00f3czi Ferenc: Eml\u00e9kiratai (Bp., 1979); Wessel\u00e9nyi Istv\u00e1n<\/br><\/p>\n","protected":false},"excerpt":{"rendered":"<p>? \u2020 1744: \u00fcln\u00f6k, erd\u00e9lyi f\u0151korm\u00e1nyz\u00f3. \u2013 Kem\u00e9ny J\u00e1nos, erd\u00e9lyi fejedelem unok\u00e1ja. K. Simon (1633\u20131675) \u00e9s Per\u00e9nyi Kata (\u2020 1693) fia. Feles\u00e9ge Pekry Kata (1650\u20131709), Pekry L\u0151rincz kuruc gener\u00e1lis l\u00e1nya.) Gyermekei L\u00e1szl\u00f3 (1709\u20131774), L\u0151rinc, Farkas (1741\u20131805), Mikl\u00f3s, Johanna \u00e9s Ter\u00e9z. \u2013 A II. R\u00e1k\u00f3czi Ferenc \u00e1ltal Mv.-en kinevezett fejedelmi korm\u00e1nytan\u00e1cs egyik tagja \u00e9s a fejedelem [&hellip;]<\/p>\n","protected":false},"featured_media":0,"comment_status":"open","ping_status":"closed","template":"","meta":[],"product_brand":[],"product_cat":[137],"product_tag":[],"class_list":{"0":"post-11615","1":"product","2":"type-product","3":"status-publish","5":"product_cat-maros-megyei-eletrajzi-lexikon","7":"first","8":"instock","9":"shipping-taxable","10":"product-type-simple"},"_links":{"self":[{"href":"https:\/\/uj.adatbank.ro\/lexikon\/wp-json\/wp\/v2\/product\/11615","targetHints":{"allow":["GET"]}}],"collection":[{"href":"https:\/\/uj.adatbank.ro\/lexikon\/wp-json\/wp\/v2\/product"}],"about":[{"href":"https:\/\/uj.adatbank.ro\/lexikon\/wp-json\/wp\/v2\/types\/product"}],"replies":[{"embeddable":true,"href":"https:\/\/uj.adatbank.ro\/lexikon\/wp-json\/wp\/v2\/comments?post=11615"}],"wp:attachment":[{"href":"https:\/\/uj.adatbank.ro\/lexikon\/wp-json\/wp\/v2\/media?parent=11615"}],"wp:term":[{"taxonomy":"product_brand","embeddable":true,"href":"https:\/\/uj.adatbank.ro\/lexikon\/wp-json\/wp\/v2\/product_brand?post=11615"},{"taxonomy":"product_cat","embeddable":true,"href":"https:\/\/uj.adatbank.ro\/lexikon\/wp-json\/wp\/v2\/product_cat?post=11615"},{"taxonomy":"product_tag","embeddable":true,"href":"https:\/\/uj.adatbank.ro\/lexikon\/wp-json\/wp\/v2\/product_tag?post=11615"}],"curies":[{"name":"wp","href":"https:\/\/api.w.org\/{rel}","templated":true}]}}