{"id":11616,"date":"2025-06-29T13:59:10","date_gmt":"2025-06-29T11:59:10","guid":{"rendered":"https:\/\/uj.adatbank.ro\/lexikon\/termek\/kemeny-laszlo-mgyeromonostori-br-gr-ifj\/"},"modified":"2025-06-29T13:59:10","modified_gmt":"2025-06-29T11:59:10","slug":"kemeny-laszlo-mgyeromonostori-br-gr-ifj","status":"publish","type":"product","link":"https:\/\/uj.adatbank.ro\/lexikon\/termek\/kemeny-laszlo-mgyeromonostori-br-gr-ifj\/","title":{"rendered":"KEM\u00c9NY L\u00e1szl\u00f3, mgyer\u0151monostori br., gr. ifj."},"content":{"rendered":"<p>1709., \u2020 1774, Csombordon van eltemetve a csal\u00e1di kript\u00e1ba: erd\u00e9lyi korm\u00e1nyz\u00f3 gubern\u00e1tor. \u2013 Korm\u00e1nysz\u00e9ki tan\u00e1csos (1746\u2013). id. L\u00e1szl\u00f3 (\u2020 1744) \u00e9s Pekry Katalin fia. Feles\u00e9ge sz\u00e9ki Teleki Zsuzs\u00e1nna (1712\u20131762). K J\u00e1nos fejedelem d\u00e9dunok\u00e1ja. -Tanult Nagyenyeden. Egykori tan\u00edt\u00f3ja Herm\u00e1nyi Dienes J\u00f3zsef nagyenyedi ref. pap volt (1720\u201327). B\u00e9csbe minden vagyon\u00e1t elt\u00e9kozolta, s hogy hivatalt kapjon, katoliz\u00e1lt. Tan\u00e1csos \u00e9s az Exactoria (Sz\u00e1mvev\u0151s\u00e9g) eln\u00f6ke lett. Haller J\u00e1nos hal\u00e1la ut\u00e1n kinevezt\u00e9ki Erd\u00e9ly korm\u00e1nmyz\u00f3j\u00e1nak (1758- 62), A hat\u00e1r\u0151rs\u00e9g fel\u00e1ll\u00edt\u00e1s\u00e1val szembeni ellen\u00e1ll\u00e1sa miatt mondatt\u00e1k le. A csombordi uradalom \u00e9s udvarh\u00e1z birtokosa, fi\u00e1val Farkassal abarokk kast\u00e9lyt \u00e9p\u00edtettek ott. Mv.-en polg\u00e1ri esk\u00fct tett (1760. szept. 3.), miut\u00e1n megv\u00e1s\u00e1rolta G\u00f6r\u00f6g Gy\u00f6rgy mv.-i polg\u00e1rnak a Poklos utca keleti sor\u00e1n n\u00e9mely j\u00f3sz\u00e1g\u00e1t, ezzel belb\u00edr\u00f3 lett \u00e9s felesk\u00fcdhetett a v\u00e1rosi t\u00f6rv\u00e9nyek \u00e9s szab\u00e1lyok megtart\u00e1s\u00e1ra, megb\u00edzottja gr. Toldalaghi L\u00e1szl\u00f3 \u00e1ltal. Val\u00f3sz\u00edn\u0171 \u0151 \u00e9p\u00edtette a K. -h\u00e1zat a Kazinczy F., ma Kogalniceanu utc\u00e1ban. Fel\u00faj\u00edttatta a fejedelem udvarh\u00e1z\u00e1t Magyarb\u00fckk\u00f6s\u00f6n (1770). <br \/><strong>Irod.:<\/strong> Bozac-Pavel; Bicsok-Orb\u00e1n; Bir\u00f3 J\u00f3zsef. A bonchidai B\u00e1nffy-kast\u00e9ly csal\u00e1di arck\u00e9pei  =  Lyka eml\u00e9kk.; Bozac-Pavel; Georgescu, Ioan: Dr Ion Ra\u0163iu (Sibiu, 1928); Id\u0151t\u00e1r 1; Kelemen Lajos (2009): M\u0171v. T\u00f6rt tan 2; Kornis; Kov\u00e1sznai; Kutschera, Orb\u00e1n J\u00e1nos: T\u00e1blab\u00edr\u00e1k, f\u0151nemesek, pall\u00e9rok \u00e9s h\u00e1zak: V\u00e1rosk\u00e9p \u00e9s t\u00e1rsadalom v\u00e1ltoz\u00e1sai Mv.-en a Kir\u00e1lyi T\u00e1bla bek\u00f6lt\u00f6z\u00e9se ut\u00e1n [1754]  =  K\u00f6nyvek \u00e1ltal \u2026; Nagy Iv\u00e1n; P\u00e1l-Antal 2006, P\u00e1l-Antal 2009; Rolf: Guvernatorii Transilvaniei (Sibiu, 1943); Verest\u00f3i Gy\u00f6rgy: Holtakkal val\u00f3 bar\u00e1ts\u00e1g (Kv., 1783)<\/br><\/p>\n","protected":false},"excerpt":{"rendered":"<p>1709., \u2020 1774, Csombordon van eltemetve a csal\u00e1di kript\u00e1ba: erd\u00e9lyi korm\u00e1nyz\u00f3 gubern\u00e1tor. \u2013 Korm\u00e1nysz\u00e9ki tan\u00e1csos (1746\u2013). id. L\u00e1szl\u00f3 (\u2020 1744) \u00e9s Pekry Katalin fia. Feles\u00e9ge sz\u00e9ki Teleki Zsuzs\u00e1nna (1712\u20131762). K J\u00e1nos fejedelem d\u00e9dunok\u00e1ja. -Tanult Nagyenyeden. Egykori tan\u00edt\u00f3ja Herm\u00e1nyi Dienes J\u00f3zsef nagyenyedi ref. pap volt (1720\u201327). B\u00e9csbe minden vagyon\u00e1t elt\u00e9kozolta, s hogy hivatalt kapjon, katoliz\u00e1lt. Tan\u00e1csos [&hellip;]<\/p>\n","protected":false},"featured_media":0,"comment_status":"open","ping_status":"closed","template":"","meta":[],"product_brand":[],"product_cat":[137],"product_tag":[],"class_list":{"0":"post-11616","1":"product","2":"type-product","3":"status-publish","5":"product_cat-maros-megyei-eletrajzi-lexikon","7":"first","8":"instock","9":"shipping-taxable","10":"product-type-simple"},"_links":{"self":[{"href":"https:\/\/uj.adatbank.ro\/lexikon\/wp-json\/wp\/v2\/product\/11616","targetHints":{"allow":["GET"]}}],"collection":[{"href":"https:\/\/uj.adatbank.ro\/lexikon\/wp-json\/wp\/v2\/product"}],"about":[{"href":"https:\/\/uj.adatbank.ro\/lexikon\/wp-json\/wp\/v2\/types\/product"}],"replies":[{"embeddable":true,"href":"https:\/\/uj.adatbank.ro\/lexikon\/wp-json\/wp\/v2\/comments?post=11616"}],"wp:attachment":[{"href":"https:\/\/uj.adatbank.ro\/lexikon\/wp-json\/wp\/v2\/media?parent=11616"}],"wp:term":[{"taxonomy":"product_brand","embeddable":true,"href":"https:\/\/uj.adatbank.ro\/lexikon\/wp-json\/wp\/v2\/product_brand?post=11616"},{"taxonomy":"product_cat","embeddable":true,"href":"https:\/\/uj.adatbank.ro\/lexikon\/wp-json\/wp\/v2\/product_cat?post=11616"},{"taxonomy":"product_tag","embeddable":true,"href":"https:\/\/uj.adatbank.ro\/lexikon\/wp-json\/wp\/v2\/product_tag?post=11616"}],"curies":[{"name":"wp","href":"https:\/\/api.w.org\/{rel}","templated":true}]}}