{"id":11617,"date":"2025-06-29T13:59:12","date_gmt":"2025-06-29T11:59:12","guid":{"rendered":"https:\/\/uj.adatbank.ro\/lexikon\/termek\/kemeny-laszlone\/"},"modified":"2025-06-29T13:59:12","modified_gmt":"2025-06-29T11:59:12","slug":"kemeny-laszlone","status":"publish","type":"product","link":"https:\/\/uj.adatbank.ro\/lexikon\/termek\/kemeny-laszlone\/","title":{"rendered":"KEM\u00c9NY L\u00e1szl\u00f3n\u00e9"},"content":{"rendered":"<p>\u2192 KORDA M\u00e1ria<\/br><\/p>\n","protected":false},"excerpt":{"rendered":"<p>\u2192 KORDA M\u00e1ria<\/p>\n","protected":false},"featured_media":0,"comment_status":"open","ping_status":"closed","template":"","meta":[],"product_brand":[],"product_cat":[137],"product_tag":[],"class_list":{"0":"post-11617","1":"product","2":"type-product","3":"status-publish","5":"product_cat-maros-megyei-eletrajzi-lexikon","7":"first","8":"instock","9":"shipping-taxable","10":"product-type-simple"},"_links":{"self":[{"href":"https:\/\/uj.adatbank.ro\/lexikon\/wp-json\/wp\/v2\/product\/11617","targetHints":{"allow":["GET"]}}],"collection":[{"href":"https:\/\/uj.adatbank.ro\/lexikon\/wp-json\/wp\/v2\/product"}],"about":[{"href":"https:\/\/uj.adatbank.ro\/lexikon\/wp-json\/wp\/v2\/types\/product"}],"replies":[{"embeddable":true,"href":"https:\/\/uj.adatbank.ro\/lexikon\/wp-json\/wp\/v2\/comments?post=11617"}],"wp:attachment":[{"href":"https:\/\/uj.adatbank.ro\/lexikon\/wp-json\/wp\/v2\/media?parent=11617"}],"wp:term":[{"taxonomy":"product_brand","embeddable":true,"href":"https:\/\/uj.adatbank.ro\/lexikon\/wp-json\/wp\/v2\/product_brand?post=11617"},{"taxonomy":"product_cat","embeddable":true,"href":"https:\/\/uj.adatbank.ro\/lexikon\/wp-json\/wp\/v2\/product_cat?post=11617"},{"taxonomy":"product_tag","embeddable":true,"href":"https:\/\/uj.adatbank.ro\/lexikon\/wp-json\/wp\/v2\/product_tag?post=11617"}],"curies":[{"name":"wp","href":"https:\/\/api.w.org\/{rel}","templated":true}]}}