{"id":11618,"date":"2025-06-29T13:59:13","date_gmt":"2025-06-29T11:59:13","guid":{"rendered":"https:\/\/uj.adatbank.ro\/lexikon\/termek\/kemeny-lorinc\/"},"modified":"2025-06-29T13:59:13","modified_gmt":"2025-06-29T11:59:13","slug":"kemeny-lorinc","status":"publish","type":"product","link":"https:\/\/uj.adatbank.ro\/lexikon\/termek\/kemeny-lorinc\/","title":{"rendered":"KEM\u00c9NY L\u0151rinc"},"content":{"rendered":"<p>? \u2020 ? : birtokos. \u2013 K. Demeter fia. \u2013 Zsigmond kir\u00e1ly adom\u00e1nyak\u00e9nt kapta Szentdemetert (1436), de ut\u00f3d n\u00e9lk\u00fcl halt meg, a birtok visszasz\u00e1llt a kir\u00e1lyra, ma a falu Balav\u00e1s\u00e1rhoz tartozik. <br \/><strong>Irod.:<\/strong> Fekete; Nagy-Bod\u00f3 Tibor: Az erd\u00e9lyi Schell-udvarh\u00e1z \u00e9s a rom\u00e1nkori templom (K\u00f6zpont, 2016. \u00e1pr. 21\u201327.)<\/br><\/p>\n","protected":false},"excerpt":{"rendered":"<p>? \u2020 ? : birtokos. \u2013 K. Demeter fia. \u2013 Zsigmond kir\u00e1ly adom\u00e1nyak\u00e9nt kapta Szentdemetert (1436), de ut\u00f3d n\u00e9lk\u00fcl halt meg, a birtok visszasz\u00e1llt a kir\u00e1lyra, ma a falu Balav\u00e1s\u00e1rhoz tartozik. Irod.: Fekete; Nagy-Bod\u00f3 Tibor: Az erd\u00e9lyi Schell-udvarh\u00e1z \u00e9s a rom\u00e1nkori templom (K\u00f6zpont, 2016. \u00e1pr. 21\u201327.)<\/p>\n","protected":false},"featured_media":0,"comment_status":"open","ping_status":"closed","template":"","meta":[],"product_brand":[],"product_cat":[137],"product_tag":[],"class_list":{"0":"post-11618","1":"product","2":"type-product","3":"status-publish","5":"product_cat-maros-megyei-eletrajzi-lexikon","7":"first","8":"instock","9":"shipping-taxable","10":"product-type-simple"},"_links":{"self":[{"href":"https:\/\/uj.adatbank.ro\/lexikon\/wp-json\/wp\/v2\/product\/11618","targetHints":{"allow":["GET"]}}],"collection":[{"href":"https:\/\/uj.adatbank.ro\/lexikon\/wp-json\/wp\/v2\/product"}],"about":[{"href":"https:\/\/uj.adatbank.ro\/lexikon\/wp-json\/wp\/v2\/types\/product"}],"replies":[{"embeddable":true,"href":"https:\/\/uj.adatbank.ro\/lexikon\/wp-json\/wp\/v2\/comments?post=11618"}],"wp:attachment":[{"href":"https:\/\/uj.adatbank.ro\/lexikon\/wp-json\/wp\/v2\/media?parent=11618"}],"wp:term":[{"taxonomy":"product_brand","embeddable":true,"href":"https:\/\/uj.adatbank.ro\/lexikon\/wp-json\/wp\/v2\/product_brand?post=11618"},{"taxonomy":"product_cat","embeddable":true,"href":"https:\/\/uj.adatbank.ro\/lexikon\/wp-json\/wp\/v2\/product_cat?post=11618"},{"taxonomy":"product_tag","embeddable":true,"href":"https:\/\/uj.adatbank.ro\/lexikon\/wp-json\/wp\/v2\/product_tag?post=11618"}],"curies":[{"name":"wp","href":"https:\/\/api.w.org\/{rel}","templated":true}]}}