{"id":11619,"date":"2025-06-29T13:59:15","date_gmt":"2025-06-29T11:59:15","guid":{"rendered":"https:\/\/uj.adatbank.ro\/lexikon\/termek\/kemeny-maria-%c2%a7-magyargyeromonostori-br-banffy-dezsone\/"},"modified":"2025-06-29T13:59:15","modified_gmt":"2025-06-29T11:59:15","slug":"kemeny-maria-%c2%a7-magyargyeromonostori-br-banffy-dezsone","status":"publish","type":"product","link":"https:\/\/uj.adatbank.ro\/lexikon\/termek\/kemeny-maria-%c2%a7-magyargyeromonostori-br-banffy-dezsone\/","title":{"rendered":"KEM\u00c9NY M\u00e1ria, \u00a7 magyargyer\u0151monostori br., B\u00e1nffy Dezs\u0151n\u00e9"},"content":{"rendered":"<p>1844. j\u00fan. 8., \u2020 1884. aug. 3. nyugszik a kv.-i H\u00e1zsong\u00e1rdi temet\u0151 luther\u00e1nus r\u00e9sz\u00e9ben. \u2013 Gy\u00f6rgy Torda-Aranyos v\u00e1rmegyei f\u0151isp\u00e1n \u00e9s bethleni gr. Bethlen M\u00e1ria le\u00e1nya. Kem\u00e9ny K\u00e1lm\u00e1n h\u00faga. F\u00e9rje: br. B\u00e1nffy Dezs\u0151 (1843\u20131911). Esk\u00fcv\u0151: 1865. okt. 28. Kisebbik fia: B. Ferenc (1869\u20131938). <br \/><strong>Irod.:<\/strong> H\u00e1zsong\u00e1rd<\/br><\/p>\n","protected":false},"excerpt":{"rendered":"<p>1844. j\u00fan. 8., \u2020 1884. aug. 3. nyugszik a kv.-i H\u00e1zsong\u00e1rdi temet\u0151 luther\u00e1nus r\u00e9sz\u00e9ben. \u2013 Gy\u00f6rgy Torda-Aranyos v\u00e1rmegyei f\u0151isp\u00e1n \u00e9s bethleni gr. Bethlen M\u00e1ria le\u00e1nya. Kem\u00e9ny K\u00e1lm\u00e1n h\u00faga. F\u00e9rje: br. B\u00e1nffy Dezs\u0151 (1843\u20131911). Esk\u00fcv\u0151: 1865. okt. 28. Kisebbik fia: B. Ferenc (1869\u20131938). Irod.: H\u00e1zsong\u00e1rd<\/p>\n","protected":false},"featured_media":0,"comment_status":"open","ping_status":"closed","template":"","meta":[],"product_brand":[],"product_cat":[137],"product_tag":[],"class_list":{"0":"post-11619","1":"product","2":"type-product","3":"status-publish","5":"product_cat-maros-megyei-eletrajzi-lexikon","7":"first","8":"instock","9":"shipping-taxable","10":"product-type-simple"},"_links":{"self":[{"href":"https:\/\/uj.adatbank.ro\/lexikon\/wp-json\/wp\/v2\/product\/11619","targetHints":{"allow":["GET"]}}],"collection":[{"href":"https:\/\/uj.adatbank.ro\/lexikon\/wp-json\/wp\/v2\/product"}],"about":[{"href":"https:\/\/uj.adatbank.ro\/lexikon\/wp-json\/wp\/v2\/types\/product"}],"replies":[{"embeddable":true,"href":"https:\/\/uj.adatbank.ro\/lexikon\/wp-json\/wp\/v2\/comments?post=11619"}],"wp:attachment":[{"href":"https:\/\/uj.adatbank.ro\/lexikon\/wp-json\/wp\/v2\/media?parent=11619"}],"wp:term":[{"taxonomy":"product_brand","embeddable":true,"href":"https:\/\/uj.adatbank.ro\/lexikon\/wp-json\/wp\/v2\/product_brand?post=11619"},{"taxonomy":"product_cat","embeddable":true,"href":"https:\/\/uj.adatbank.ro\/lexikon\/wp-json\/wp\/v2\/product_cat?post=11619"},{"taxonomy":"product_tag","embeddable":true,"href":"https:\/\/uj.adatbank.ro\/lexikon\/wp-json\/wp\/v2\/product_tag?post=11619"}],"curies":[{"name":"wp","href":"https:\/\/api.w.org\/{rel}","templated":true}]}}