{"id":11621,"date":"2025-06-29T13:59:20","date_gmt":"2025-06-29T11:59:20","guid":{"rendered":"https:\/\/uj.adatbank.ro\/lexikon\/termek\/kemeny-miklos-br\/"},"modified":"2025-06-29T13:59:20","modified_gmt":"2025-06-29T11:59:20","slug":"kemeny-miklos-br","status":"publish","type":"product","link":"https:\/\/uj.adatbank.ro\/lexikon\/termek\/kemeny-miklos-br\/","title":{"rendered":"KEM\u00c9NY Mikl\u00f3s, br."},"content":{"rendered":"<p>? 1940., \u2020 Bp., 2010. m\u00e1j. 29., Marosv\u00e9csen temett\u00e9k el (2010. j\u00fan. 5.): asztalos. \u2013 Kem\u00e9ny J\u00e1nos \u00edr\u00f3 \u00e9s Augusta Paton fia. A M\u0171v\u00e9szeti Egyetem volt munkat\u00e1rsa. A Helikon-Kem\u00e9ny J\u00e1nos Alapitv\u00e1ny l\u00e9trehoz\u00f3ja \u00e9s mentora, a kurat\u00f3rium eln\u00f6ke. <br \/><strong>Irod.:<\/strong> [Nekrol\u00f3g] (N\u00fa., 2010. m\u00e1j. 31.; 2010. j\u00fan. 1.)<\/br><\/p>\n","protected":false},"excerpt":{"rendered":"<p>? 1940., \u2020 Bp., 2010. m\u00e1j. 29., Marosv\u00e9csen temett\u00e9k el (2010. j\u00fan. 5.): asztalos. \u2013 Kem\u00e9ny J\u00e1nos \u00edr\u00f3 \u00e9s Augusta Paton fia. A M\u0171v\u00e9szeti Egyetem volt munkat\u00e1rsa. A Helikon-Kem\u00e9ny J\u00e1nos Alapitv\u00e1ny l\u00e9trehoz\u00f3ja \u00e9s mentora, a kurat\u00f3rium eln\u00f6ke. Irod.: [Nekrol\u00f3g] (N\u00fa., 2010. m\u00e1j. 31.; 2010. j\u00fan. 1.)<\/p>\n","protected":false},"featured_media":0,"comment_status":"open","ping_status":"closed","template":"","meta":[],"product_brand":[],"product_cat":[137],"product_tag":[],"class_list":{"0":"post-11621","1":"product","2":"type-product","3":"status-publish","5":"product_cat-maros-megyei-eletrajzi-lexikon","7":"first","8":"instock","9":"shipping-taxable","10":"product-type-simple"},"_links":{"self":[{"href":"https:\/\/uj.adatbank.ro\/lexikon\/wp-json\/wp\/v2\/product\/11621","targetHints":{"allow":["GET"]}}],"collection":[{"href":"https:\/\/uj.adatbank.ro\/lexikon\/wp-json\/wp\/v2\/product"}],"about":[{"href":"https:\/\/uj.adatbank.ro\/lexikon\/wp-json\/wp\/v2\/types\/product"}],"replies":[{"embeddable":true,"href":"https:\/\/uj.adatbank.ro\/lexikon\/wp-json\/wp\/v2\/comments?post=11621"}],"wp:attachment":[{"href":"https:\/\/uj.adatbank.ro\/lexikon\/wp-json\/wp\/v2\/media?parent=11621"}],"wp:term":[{"taxonomy":"product_brand","embeddable":true,"href":"https:\/\/uj.adatbank.ro\/lexikon\/wp-json\/wp\/v2\/product_brand?post=11621"},{"taxonomy":"product_cat","embeddable":true,"href":"https:\/\/uj.adatbank.ro\/lexikon\/wp-json\/wp\/v2\/product_cat?post=11621"},{"taxonomy":"product_tag","embeddable":true,"href":"https:\/\/uj.adatbank.ro\/lexikon\/wp-json\/wp\/v2\/product_tag?post=11621"}],"curies":[{"name":"wp","href":"https:\/\/api.w.org\/{rel}","templated":true}]}}