{"id":11624,"date":"2025-06-29T13:59:25","date_gmt":"2025-06-29T11:59:25","guid":{"rendered":"https:\/\/uj.adatbank.ro\/lexikon\/termek\/kemeny-miklos-magyargyeromonostori-gr\/"},"modified":"2025-06-29T13:59:25","modified_gmt":"2025-06-29T11:59:25","slug":"kemeny-miklos-magyargyeromonostori-gr","status":"publish","type":"product","link":"https:\/\/uj.adatbank.ro\/lexikon\/termek\/kemeny-miklos-magyargyeromonostori-gr\/","title":{"rendered":"KEM\u00c9NY Mikl\u00f3s, magyargyer\u0151monostori gr"},"content":{"rendered":"<p>Kv., 1791. febr 20., \u2020 Radnai Borv\u00edzf\u00fcrd\u0151, 1829. szept. 14., Nagysaj\u00f3n temett\u00e9k: aranyossz\u00e9ki f\u0151kir\u00e1lyb\u00edr\u00f3. \u2013 K. S\u00e1muel (1739\u20131817) \u00e9s ikt\u00e1ri Bethlen Kata (1754\u201397) fia. Nagyb\u00e1tyja Gr. Teleki S\u00e1muel. Feles\u00e9ge: sz\u00e9ki gr. Teleki P\u00f3lix\u00e9nia (1798 \u2013 Kv., 1873. jan. 18.). Kiskorukban hunyt el n\u00e9gy gyermek\u00fck. \u2013 A mv.-i ref. koll.-ban tanult. Torda vm. not\u00e1riusa, f\u0151b\u00edr\u00f3. El\u0151bb Aranyossz\u00e9ki f\u0151kapit\u00e1ny. A mv.-i (1814\u2013) \u00e9s az udvarhelyi ref. f\u0151iskola f\u0151gondnoka volt. Adom\u00e1nyokat tett a professzorok fizet\u00e9s\u00e9nek jav\u00edt\u00e1s\u00e1ra, term\u00e9szettani eszk\u00f6z\u00f6k beszerz\u00e9s\u00e9re. A Bolyaiak t\u00e1mogat\u00f3ja, J\u00e1nos b\u00e9csi tan\u00edtatt\u00e1s\u00e1t fizette, gr. Kendeffy \u00c1d\u00e1m pedig a p\u00f3tl\u00e1sokat fizette. Marossz\u00e9k f\u0151kir\u00e1lyb\u00edr\u00f3j\u00e1v\u00e1 v\u00e1lasztott\u00e1k (1827. j\u00fan. 19). Hal\u00e1la ut\u00e1n a Koll. eml\u00e9kk\u00f6tetet adott ki. Sz\u00edve ki\u00f6ml\u00e9se A Maros V\u00e1s\u00e1rhelyi Ref. Koll\u00e9gyomb\u00e9li ifj\u00fas\u00e1gnak. Egy Atya Hal\u00e1l\u00e1n, el\u0151sz\u00f3 Bolyai Farkas, n\u00e9v n\u00e9lk\u00fcl (Mv., 1829). \u2013 <strong>F. m.:<\/strong> K\u00e9t besz\u00e9de van: Gr\u00f3f Bethlen Gergely. nevenapj\u00e1n jelentett \u00f6r\u00f6m (1808 eszt. Kolozsv\u00e1r ) \u00e9s Elb\u00facsuz\u00f3, beiktat\u00f3 b\u00e9k\u00f6sz\u00f6nt\u0151 besz\u00e9dek. gr\u00f3f Toroczkai P\u00e1l. f\u0151isp\u00e1n tisztelet\u00e9re (Kv., 1916) c. munk\u00e1kban; <strong>t\u00e1rssz.:<\/strong> Gy\u00f6ngy\u00f6ssi J\u00e1nosnak magyar versei. (B\u00e9cs, 1790); Kov\u00e1sznai S\u00e1ndor: Carmina exequalia. (Trajecti Batavorum, 1882). <br \/><strong>Irod.:<\/strong> Apa \u00e9s fi\u00fa k\u00fczdelme a k\u00f3rokkal: Ol\u00e1h Anna: Bolyai Farkas gy\u00f3gy\u00e1szati munk\u00e1ss\u00e1ga; Vofkori J\u00f3zsef: Bolyai J\u00e1nos betegs\u00e9gei kordokumentumok \u00e9s a modern orvostudom\u00e1ny t\u00fckr\u00e9ben (Mv., 2005); Bicsok-Orb\u00e1n; F\u00fcl\u00f6p\u2013Ferencz; Gy\u00e1szjelent\u0151; Id\u0151t\u00e1r 1; Iratok a magyar \u00e1llamnyelv k\u00e9rd\u00e9s\u00e9nek t\u00f6rt\u00e9net\u00e9hez (Bp., 1926); K\u0151v\u00e1ry ; Koncz; Kr\u00f3n. F\u00fcz. (1939. 4\/6); Nagy Iv\u00e1n; Ol\u00e1h-G\u00e1l 2013; Ol\u00e1h-G\u00e1l R\u00f3bert: Gr\u00f3f K. M. \u00e9s a Bolyaiak (N\u00fa., Sz\u00ednes Vil\u00e1g, 2011. j\u00fan. 11.); P\u00e1l-Antal 2009; P\u00e9terfi K\u00e1roly: Az igaz filoz\u00f3fus karaktere (Debrecen, 1820); Szil\u00e1gyi S\u00e1ndor: Okm\u00e1nyok az erd\u00e9lyi tud\u00f3st\u00e1rsas\u00e1gi igyekezetek t\u00f6rt\u00e9net\u00e9hez. 1793\u20131845. = M. t\u00f6rt. t\u00e1r 9.; Szinnyei, Sz\u00edve ki\u00f6ml\u00e9se a mv.-i Ref. Koll. -beli ifj\u00fas\u00e1gnak egy kedves atyja hal\u00e1l\u00e1ra (Mv., 1829)<\/br><\/p>\n","protected":false},"excerpt":{"rendered":"<p>Kv., 1791. febr 20., \u2020 Radnai Borv\u00edzf\u00fcrd\u0151, 1829. szept. 14., Nagysaj\u00f3n temett\u00e9k: aranyossz\u00e9ki f\u0151kir\u00e1lyb\u00edr\u00f3. \u2013 K. S\u00e1muel (1739\u20131817) \u00e9s ikt\u00e1ri Bethlen Kata (1754\u201397) fia. Nagyb\u00e1tyja Gr. Teleki S\u00e1muel. Feles\u00e9ge: sz\u00e9ki gr. Teleki P\u00f3lix\u00e9nia (1798 \u2013 Kv., 1873. jan. 18.). Kiskorukban hunyt el n\u00e9gy gyermek\u00fck. \u2013 A mv.-i ref. koll.-ban tanult. Torda vm. not\u00e1riusa, f\u0151b\u00edr\u00f3. El\u0151bb [&hellip;]<\/p>\n","protected":false},"featured_media":0,"comment_status":"open","ping_status":"closed","template":"","meta":[],"product_brand":[],"product_cat":[137],"product_tag":[],"class_list":{"0":"post-11624","1":"product","2":"type-product","3":"status-publish","5":"product_cat-maros-megyei-eletrajzi-lexikon","7":"first","8":"instock","9":"shipping-taxable","10":"product-type-simple"},"_links":{"self":[{"href":"https:\/\/uj.adatbank.ro\/lexikon\/wp-json\/wp\/v2\/product\/11624","targetHints":{"allow":["GET"]}}],"collection":[{"href":"https:\/\/uj.adatbank.ro\/lexikon\/wp-json\/wp\/v2\/product"}],"about":[{"href":"https:\/\/uj.adatbank.ro\/lexikon\/wp-json\/wp\/v2\/types\/product"}],"replies":[{"embeddable":true,"href":"https:\/\/uj.adatbank.ro\/lexikon\/wp-json\/wp\/v2\/comments?post=11624"}],"wp:attachment":[{"href":"https:\/\/uj.adatbank.ro\/lexikon\/wp-json\/wp\/v2\/media?parent=11624"}],"wp:term":[{"taxonomy":"product_brand","embeddable":true,"href":"https:\/\/uj.adatbank.ro\/lexikon\/wp-json\/wp\/v2\/product_brand?post=11624"},{"taxonomy":"product_cat","embeddable":true,"href":"https:\/\/uj.adatbank.ro\/lexikon\/wp-json\/wp\/v2\/product_cat?post=11624"},{"taxonomy":"product_tag","embeddable":true,"href":"https:\/\/uj.adatbank.ro\/lexikon\/wp-json\/wp\/v2\/product_tag?post=11624"}],"curies":[{"name":"wp","href":"https:\/\/api.w.org\/{rel}","templated":true}]}}