{"id":11626,"date":"2025-06-29T13:59:29","date_gmt":"2025-06-29T11:59:29","guid":{"rendered":"https:\/\/uj.adatbank.ro\/lexikon\/termek\/kemeny-mikolt-magyargyeromonostori-br\/"},"modified":"2025-06-29T13:59:29","modified_gmt":"2025-06-29T11:59:29","slug":"kemeny-mikolt-magyargyeromonostori-br","status":"publish","type":"product","link":"https:\/\/uj.adatbank.ro\/lexikon\/termek\/kemeny-mikolt-magyargyeromonostori-br\/","title":{"rendered":"KEM\u00c9NY Mikolt, magyargyer\u0151monostori br."},"content":{"rendered":"<p>Marosv\u00e9cs, 1926. nov. 23., \u2020 P\u00e1rizs, 1986. nov. 5.: fest\u0151m\u0171v\u00e9sz. \u2013 Kem\u00e9ny J\u00e1nos (1903\u20131971) legnagyobb l\u00e1nya. Angol \u00e1llampolg\u00e1r volt. P\u00e1rizsban egy k\u00e9pz\u0151m\u0171v\u00e9szeti gal\u00e9ri\u00e1ban dolgozott. <br \/><strong>Irod.:<\/strong> Gudenus; Kornis; Marosi-KZST; Nagyap\u00e1mat mai napig p\u00e9ldak\u00e9pemnek tartom \/ Ol\u00e1h-G\u00e1l Elvira besz\u00e9lget\u00e9se V\u00e9csi Nagy Zolt\u00e1nnal (Sz\u00e9kelyf\u00f6ld, 6. sz., 2012)<\/br><\/p>\n","protected":false},"excerpt":{"rendered":"<p>Marosv\u00e9cs, 1926. nov. 23., \u2020 P\u00e1rizs, 1986. nov. 5.: fest\u0151m\u0171v\u00e9sz. \u2013 Kem\u00e9ny J\u00e1nos (1903\u20131971) legnagyobb l\u00e1nya. Angol \u00e1llampolg\u00e1r volt. P\u00e1rizsban egy k\u00e9pz\u0151m\u0171v\u00e9szeti gal\u00e9ri\u00e1ban dolgozott. Irod.: Gudenus; Kornis; Marosi-KZST; Nagyap\u00e1mat mai napig p\u00e9ldak\u00e9pemnek tartom \/ Ol\u00e1h-G\u00e1l Elvira besz\u00e9lget\u00e9se V\u00e9csi Nagy Zolt\u00e1nnal (Sz\u00e9kelyf\u00f6ld, 6. sz., 2012)<\/p>\n","protected":false},"featured_media":0,"comment_status":"open","ping_status":"closed","template":"","meta":[],"product_brand":[],"product_cat":[137],"product_tag":[],"class_list":{"0":"post-11626","1":"product","2":"type-product","3":"status-publish","5":"product_cat-maros-megyei-eletrajzi-lexikon","7":"first","8":"instock","9":"shipping-taxable","10":"product-type-simple"},"_links":{"self":[{"href":"https:\/\/uj.adatbank.ro\/lexikon\/wp-json\/wp\/v2\/product\/11626","targetHints":{"allow":["GET"]}}],"collection":[{"href":"https:\/\/uj.adatbank.ro\/lexikon\/wp-json\/wp\/v2\/product"}],"about":[{"href":"https:\/\/uj.adatbank.ro\/lexikon\/wp-json\/wp\/v2\/types\/product"}],"replies":[{"embeddable":true,"href":"https:\/\/uj.adatbank.ro\/lexikon\/wp-json\/wp\/v2\/comments?post=11626"}],"wp:attachment":[{"href":"https:\/\/uj.adatbank.ro\/lexikon\/wp-json\/wp\/v2\/media?parent=11626"}],"wp:term":[{"taxonomy":"product_brand","embeddable":true,"href":"https:\/\/uj.adatbank.ro\/lexikon\/wp-json\/wp\/v2\/product_brand?post=11626"},{"taxonomy":"product_cat","embeddable":true,"href":"https:\/\/uj.adatbank.ro\/lexikon\/wp-json\/wp\/v2\/product_cat?post=11626"},{"taxonomy":"product_tag","embeddable":true,"href":"https:\/\/uj.adatbank.ro\/lexikon\/wp-json\/wp\/v2\/product_tag?post=11626"}],"curies":[{"name":"wp","href":"https:\/\/api.w.org\/{rel}","templated":true}]}}