{"id":11627,"date":"2025-06-29T13:59:34","date_gmt":"2025-06-29T11:59:34","guid":{"rendered":"https:\/\/uj.adatbank.ro\/lexikon\/termek\/kemeny-odon-magyargyeromonostori-br\/"},"modified":"2025-06-29T13:59:34","modified_gmt":"2025-06-29T11:59:34","slug":"kemeny-odon-magyargyeromonostori-br","status":"publish","type":"product","link":"https:\/\/uj.adatbank.ro\/lexikon\/termek\/kemeny-odon-magyargyeromonostori-br\/","title":{"rendered":"KEM\u00c9NY \u00d6d\u00f6n, magyargyer\u0151monostori br."},"content":{"rendered":"<p>Nagyenyed, 1837. dec. 14., \u2020 Kv., 1921. dec. 13.: ezredes. \u2013 Feles\u00e9ge: Ka\u00e1li Nagy Gizella. Testv\u00e9re: K\u00e1lm\u00e1n. Fi\u00fak: Istv\u00e1n, \u00c1kos. Az 1848\u201349-es szabads\u00e1gharcban honv\u00e9dezredes volt. Als\u00f3j\u00e1r\u00e1n volt birtokuk, ott is laktak. Itt befogadta az Amerik\u00e1ban kor\u00e1n elhunyt fia, Istv\u00e1n, \u00f6zvegy\u00e9t h\u00e1rom gyermek\u00e9vel \u00e9s az els\u0151 h\u00e1zass\u00e1g\u00e1b\u00f3l sz\u00fcletett fi\u00e1val, aki k\u00e9s\u0151bb visszat\u00e9rt sz\u00fcl\u0151haz\u00e1j\u00e1ba. A marosv\u00e9csi kast\u00e9ly tulajdonosa, fi\u00e1t\u00f3l sz\u00e1rmaz\u00f3 unok\u00e1ja J\u00e1nos az \u00edr\u00f3 (1903\u201371) <br \/><strong>Irod.:<\/strong> Bicsok-Orb\u00e1n; Gudenus; Kornis; Nagyap\u00e1mat mai napig p\u00e9ldak\u00e9pemnek tartom \/ Ol\u00e1h-G\u00e1l Elvira besz\u00e9lget\u00e9se V\u00e9csi Nagy Zolt\u00e1nnal (Sz\u00e9kelyf\u00f6ld, 6. sz., 2012)<\/br><\/p>\n","protected":false},"excerpt":{"rendered":"<p>Nagyenyed, 1837. dec. 14., \u2020 Kv., 1921. dec. 13.: ezredes. \u2013 Feles\u00e9ge: Ka\u00e1li Nagy Gizella. Testv\u00e9re: K\u00e1lm\u00e1n. Fi\u00fak: Istv\u00e1n, \u00c1kos. Az 1848\u201349-es szabads\u00e1gharcban honv\u00e9dezredes volt. Als\u00f3j\u00e1r\u00e1n volt birtokuk, ott is laktak. Itt befogadta az Amerik\u00e1ban kor\u00e1n elhunyt fia, Istv\u00e1n, \u00f6zvegy\u00e9t h\u00e1rom gyermek\u00e9vel \u00e9s az els\u0151 h\u00e1zass\u00e1g\u00e1b\u00f3l sz\u00fcletett fi\u00e1val, aki k\u00e9s\u0151bb visszat\u00e9rt sz\u00fcl\u0151haz\u00e1j\u00e1ba. A marosv\u00e9csi kast\u00e9ly [&hellip;]<\/p>\n","protected":false},"featured_media":0,"comment_status":"open","ping_status":"closed","template":"","meta":[],"product_brand":[],"product_cat":[137],"product_tag":[],"class_list":{"0":"post-11627","1":"product","2":"type-product","3":"status-publish","5":"product_cat-maros-megyei-eletrajzi-lexikon","7":"first","8":"instock","9":"shipping-taxable","10":"product-type-simple"},"_links":{"self":[{"href":"https:\/\/uj.adatbank.ro\/lexikon\/wp-json\/wp\/v2\/product\/11627","targetHints":{"allow":["GET"]}}],"collection":[{"href":"https:\/\/uj.adatbank.ro\/lexikon\/wp-json\/wp\/v2\/product"}],"about":[{"href":"https:\/\/uj.adatbank.ro\/lexikon\/wp-json\/wp\/v2\/types\/product"}],"replies":[{"embeddable":true,"href":"https:\/\/uj.adatbank.ro\/lexikon\/wp-json\/wp\/v2\/comments?post=11627"}],"wp:attachment":[{"href":"https:\/\/uj.adatbank.ro\/lexikon\/wp-json\/wp\/v2\/media?parent=11627"}],"wp:term":[{"taxonomy":"product_brand","embeddable":true,"href":"https:\/\/uj.adatbank.ro\/lexikon\/wp-json\/wp\/v2\/product_brand?post=11627"},{"taxonomy":"product_cat","embeddable":true,"href":"https:\/\/uj.adatbank.ro\/lexikon\/wp-json\/wp\/v2\/product_cat?post=11627"},{"taxonomy":"product_tag","embeddable":true,"href":"https:\/\/uj.adatbank.ro\/lexikon\/wp-json\/wp\/v2\/product_tag?post=11627"}],"curies":[{"name":"wp","href":"https:\/\/api.w.org\/{rel}","templated":true}]}}