{"id":11628,"date":"2025-06-29T13:59:35","date_gmt":"2025-06-29T11:59:35","guid":{"rendered":"https:\/\/uj.adatbank.ro\/lexikon\/termek\/kemeny-pal-%c2%a7-magyargyeromonostori-br\/"},"modified":"2025-06-29T13:59:35","modified_gmt":"2025-06-29T11:59:35","slug":"kemeny-pal-%c2%a7-magyargyeromonostori-br","status":"publish","type":"product","link":"https:\/\/uj.adatbank.ro\/lexikon\/termek\/kemeny-pal-%c2%a7-magyargyeromonostori-br\/","title":{"rendered":"KEM\u00c9NY P\u00e1l, \u00a7 magyargyer\u0151monostori br."},"content":{"rendered":"<p>Nagyenyed, 1867. m\u00e1rc. 8., \u2020 Malomfalva, 1934. \u00e1pr. 15.: f\u00f6ldbirtokos, f\u0151isp\u00e1n, az Erd\u00e9lyi Egyh\u00e1zmegye f\u0151gondnoka. \u2013 Domokos (1835\u20131902) \u00e9s Kem\u00e9ny Ilona (1832\u20131883) fia. Feles\u00e9ge: 1. hidv\u00e9gi \u00e9s oltszemi gr. Nemes Zsuzsanna (1866\u20131931), elv\u00e1ltak; 2. sz\u00e9plaki br. Petrichevich-Horv\u00e1th Eszter (Zsuk, 1880. &#8211; Mv., 1952) esk 1903. Germekeik: Domokos (1905\u20131972), Katalin Czak\u00f3 J\u00f3zsefn\u00e9 (1907\u2013), Ferenc (1909\u2013), Judit L\u00e1z\u00e1r L\u00e1szl\u00f3n\u00e9 (1910\u20132002) D\u00e9nes (1912\u20131978), Ilona (1918). \u2013 A Magyar\u00f3v\u00e1ri Kir. Gazdas\u00e1gi Akad. tanult (1885\u201389). Cintoson \u00e9s Malomfalv\u00e1n volt f\u00f6ldbirtokos, Mez\u0151t\u00f3h\u00e1ton is volt udvarh\u00e1za, f\u00e9ny\u0171z\u0151 ist\u00e1l\u00f3val. Nem lakott Mez\u0151t\u00f3h\u00e1ton, f\u00f6ldjeit V\u00e9g Bercinek adta b\u00e9rbe, akinek a h\u00e1za a mai polg\u00e1rmesteri hivatal \u00e9p\u00fclete volt. Az Erd\u00e9lyi Kereskedelmi \u00e9s Hitelbank igazgat\u00f3s\u00e1gi tagja (1924). V\u00e1rosi P\u00e9nzadom\u00e1nnyal \u00e9s egy \u00e9p\u00fclettel seg\u00edtette a ref. iskol\u00e1t, ahol a m. gyermekek tanultak. A f\u00f6ldoszt\u00e1skor f\u00f6ldbirtokainak nagy r\u00e9sz\u00e9t kisaj\u00e1t\u00edtott\u00e1k, \u00e9s sz\u00e9tosztott\u00e1k a falu nincstelenjei k\u00f6z\u00f6tt (1921\u20131926, majd 1945). Als\u00f3-Feh\u00e9r vm. f\u0151isp\u00e1nja, az Erd\u00e9lyi Ev. Ref. Egyh\u00e1z f\u0151gondnoka, az EME alap\u00edt\u00f3 \u2013 \u00e9s vezet\u0151s\u00e9gi tagja. K\u00e9t testv\u00e9r\u00e9vel K. Katalinnal \u00e9s K. Karolin\u00e1val az EME-nek aj\u00e1nd\u00e9kozt\u00e1k r\u00e9gi k\u00f6nyvt\u00e1rukat (2000 k\u00f6t.) \u00e9s a K. csal\u00e1d lev\u00e9lt\u00e1r\u00e1t (1903). A malomfalvi udvarh\u00e1z tulajdonosa. Saj\u00e1t udvarh\u00e1z\u00e1ban megalap\u00edtotta Malomfalva els\u0151 m. nyelv\u0171 iskol\u00e1j\u00e1t \u00e9s a tan\u00edt\u00f3n\u0151 teljes ell\u00e1t\u00e1s\u00e1r\u00f3l gondoskodott. A mez\u0151z\u00e1hi ref. templom egyik alap\u00edt\u00f3ja. Megv\u00e1s\u00e1rolta Teleki G\u00e9z\u00e1t\u00f3l a fels\u0151zsuki eklektikus kast\u00e9lyt (1930-as \u00e9vekben). <br \/><strong>Irod.:<\/strong> \u00c1talvet\u0151 (2000. j\u00fan.); Bicsok-Orb\u00e1n; csal\u00e1di inf. L\u00e1z\u00e1r P\u00e1lt\u00f3l; Gudenus; Gy\u00e1szjelent\u0151; Keresztes Gyula: \u00d6r\u00f6ks\u00e9g\u00fcnk 58: A Mez\u0151s\u00e9g udvarh\u00e1zai (N\u00fa., 1994. j\u00fal. 1.); Kelemen Lajos 1982; Lev\u00e1lt\u00e1ri gy\u00e1szj; Mv. Molter<\/br><\/p>\n","protected":false},"excerpt":{"rendered":"<p>Nagyenyed, 1867. m\u00e1rc. 8., \u2020 Malomfalva, 1934. \u00e1pr. 15.: f\u00f6ldbirtokos, f\u0151isp\u00e1n, az Erd\u00e9lyi Egyh\u00e1zmegye f\u0151gondnoka. \u2013 Domokos (1835\u20131902) \u00e9s Kem\u00e9ny Ilona (1832\u20131883) fia. Feles\u00e9ge: 1. hidv\u00e9gi \u00e9s oltszemi gr. Nemes Zsuzsanna (1866\u20131931), elv\u00e1ltak; 2. sz\u00e9plaki br. Petrichevich-Horv\u00e1th Eszter (Zsuk, 1880. &#8211; Mv., 1952) esk 1903. Germekeik: Domokos (1905\u20131972), Katalin Czak\u00f3 J\u00f3zsefn\u00e9 (1907\u2013), Ferenc (1909\u2013), Judit [&hellip;]<\/p>\n","protected":false},"featured_media":0,"comment_status":"open","ping_status":"closed","template":"","meta":[],"product_brand":[],"product_cat":[137],"product_tag":[],"class_list":{"0":"post-11628","1":"product","2":"type-product","3":"status-publish","5":"product_cat-maros-megyei-eletrajzi-lexikon","7":"first","8":"instock","9":"shipping-taxable","10":"product-type-simple"},"_links":{"self":[{"href":"https:\/\/uj.adatbank.ro\/lexikon\/wp-json\/wp\/v2\/product\/11628","targetHints":{"allow":["GET"]}}],"collection":[{"href":"https:\/\/uj.adatbank.ro\/lexikon\/wp-json\/wp\/v2\/product"}],"about":[{"href":"https:\/\/uj.adatbank.ro\/lexikon\/wp-json\/wp\/v2\/types\/product"}],"replies":[{"embeddable":true,"href":"https:\/\/uj.adatbank.ro\/lexikon\/wp-json\/wp\/v2\/comments?post=11628"}],"wp:attachment":[{"href":"https:\/\/uj.adatbank.ro\/lexikon\/wp-json\/wp\/v2\/media?parent=11628"}],"wp:term":[{"taxonomy":"product_brand","embeddable":true,"href":"https:\/\/uj.adatbank.ro\/lexikon\/wp-json\/wp\/v2\/product_brand?post=11628"},{"taxonomy":"product_cat","embeddable":true,"href":"https:\/\/uj.adatbank.ro\/lexikon\/wp-json\/wp\/v2\/product_cat?post=11628"},{"taxonomy":"product_tag","embeddable":true,"href":"https:\/\/uj.adatbank.ro\/lexikon\/wp-json\/wp\/v2\/product_tag?post=11628"}],"curies":[{"name":"wp","href":"https:\/\/api.w.org\/{rel}","templated":true}]}}