{"id":11629,"date":"2025-06-29T13:59:37","date_gmt":"2025-06-29T11:59:37","guid":{"rendered":"https:\/\/uj.adatbank.ro\/lexikon\/termek\/kemeny-pal-gr\/"},"modified":"2025-06-29T13:59:37","modified_gmt":"2025-06-29T11:59:37","slug":"kemeny-pal-gr","status":"publish","type":"product","link":"https:\/\/uj.adatbank.ro\/lexikon\/termek\/kemeny-pal-gr\/","title":{"rendered":"KEM\u00c9NY P\u00e1l, gr."},"content":{"rendered":"<p>?\u2020 ?: f\u00f6ldbirtokos. \u2013 Cintosban birtokos, ahol a fennmaradt okiratok szerint m. \u00e9s rom\u00e1n lakosok \u00e9ltek (1439). A dokumentumok szerint Cintos birtokai a k\u00f6vetkez\u0151 sz\u00e1zadok sor\u00e1n sokszor gazd\u00e1t cser\u00e9ltek: I. R\u00e1k\u00f3czy Gy\u00f6rgy fejedelem\u00e9 (1648\u201357), ennek feles\u00e9g\u00e9\u00e9 (\u20131662), Apaffy Mih\u00e1ly fejedelem\u00e9 (\u20131664), Bethlen J\u00e1nos \u00e9s feles\u00e9ge, Fekete Kl\u00e1ra (1664\u20131702), Andr\u00e1ssy Gyula, B\u00e1nffy B\u00e9la, Keresztesi \u00e9s m\u00e1s el\u0151lj\u00e1r\u00f3k tulajdon\u00e1t k\u00e9pezt\u00e9k. <br \/><strong>Irod.:<\/strong> A\u0163inti\u015f<\/br><\/p>\n","protected":false},"excerpt":{"rendered":"<p>?\u2020 ?: f\u00f6ldbirtokos. \u2013 Cintosban birtokos, ahol a fennmaradt okiratok szerint m. \u00e9s rom\u00e1n lakosok \u00e9ltek (1439). A dokumentumok szerint Cintos birtokai a k\u00f6vetkez\u0151 sz\u00e1zadok sor\u00e1n sokszor gazd\u00e1t cser\u00e9ltek: I. R\u00e1k\u00f3czy Gy\u00f6rgy fejedelem\u00e9 (1648\u201357), ennek feles\u00e9g\u00e9\u00e9 (\u20131662), Apaffy Mih\u00e1ly fejedelem\u00e9 (\u20131664), Bethlen J\u00e1nos \u00e9s feles\u00e9ge, Fekete Kl\u00e1ra (1664\u20131702), Andr\u00e1ssy Gyula, B\u00e1nffy B\u00e9la, Keresztesi \u00e9s m\u00e1s [&hellip;]<\/p>\n","protected":false},"featured_media":0,"comment_status":"open","ping_status":"closed","template":"","meta":[],"product_brand":[],"product_cat":[137],"product_tag":[],"class_list":{"0":"post-11629","1":"product","2":"type-product","3":"status-publish","5":"product_cat-maros-megyei-eletrajzi-lexikon","7":"first","8":"instock","9":"shipping-taxable","10":"product-type-simple"},"_links":{"self":[{"href":"https:\/\/uj.adatbank.ro\/lexikon\/wp-json\/wp\/v2\/product\/11629","targetHints":{"allow":["GET"]}}],"collection":[{"href":"https:\/\/uj.adatbank.ro\/lexikon\/wp-json\/wp\/v2\/product"}],"about":[{"href":"https:\/\/uj.adatbank.ro\/lexikon\/wp-json\/wp\/v2\/types\/product"}],"replies":[{"embeddable":true,"href":"https:\/\/uj.adatbank.ro\/lexikon\/wp-json\/wp\/v2\/comments?post=11629"}],"wp:attachment":[{"href":"https:\/\/uj.adatbank.ro\/lexikon\/wp-json\/wp\/v2\/media?parent=11629"}],"wp:term":[{"taxonomy":"product_brand","embeddable":true,"href":"https:\/\/uj.adatbank.ro\/lexikon\/wp-json\/wp\/v2\/product_brand?post=11629"},{"taxonomy":"product_cat","embeddable":true,"href":"https:\/\/uj.adatbank.ro\/lexikon\/wp-json\/wp\/v2\/product_cat?post=11629"},{"taxonomy":"product_tag","embeddable":true,"href":"https:\/\/uj.adatbank.ro\/lexikon\/wp-json\/wp\/v2\/product_tag?post=11629"}],"curies":[{"name":"wp","href":"https:\/\/api.w.org\/{rel}","templated":true}]}}