{"id":11630,"date":"2025-06-29T13:59:38","date_gmt":"2025-06-29T11:59:38","guid":{"rendered":"https:\/\/uj.adatbank.ro\/lexikon\/termek\/kemeny-pal-magyargyeromonostori-br\/"},"modified":"2025-06-29T13:59:38","modified_gmt":"2025-06-29T11:59:38","slug":"kemeny-pal-magyargyeromonostori-br","status":"publish","type":"product","link":"https:\/\/uj.adatbank.ro\/lexikon\/termek\/kemeny-pal-magyargyeromonostori-br\/","title":{"rendered":"KEM\u00c9NY P\u00e1l, magyargyer\u0151monostori br."},"content":{"rendered":"<p>Kv., 1793. j\u00fal. 11., \u2020 Malomfalva, 1854. m\u00e1rc. 26., Mv., 1854. \u00e1pr. 15.: politikus, birtokos Malomfalv\u00e1n. \u2013 Lajos (\u2020 1809) \u00e9s Wessel\u00e9nyi J\u00falia (1733\u20131809) fia. Feles\u00e9ge: sz\u00e9ki Teleki R\u00e1khel (1794. -Malomfalva, 1868. \u00e1pr. 2.). 6 le\u00e1ny \u00e9s egy fi\u00fa Domokos (1835\u20131902). \u2013 A mv.-i Ref. Koll. algondnoka (1831-.) \u00e9s fel\u00fcgyel\u0151 f\u0151gondnoka (1833\u2013). Szabadelv\u0171 politikus Maros-sz\u00e9k k\u00f6zgy\u0171l\u00e9s\u00e9n a szabad sz\u00e9kelyek nemess\u00e9g\u00e9nek \u00fcgy\u00e9t k\u00e9pvislete (1832) A Gecse-f\u00e9le Emberszereteti Int\u00e9zet alap\u00edt\u00f3 bizotts\u00e1g\u00e1nak egyik eln\u0151ke. Mikor Gedeon t\u00e1bornok Mv. -re bevonult (1848. nov. 5.) az osztr\u00e1kok elfogt\u00e1k \u00e9s t\u00faszk\u00e9nt Szebenbe hurcolt\u00e1k, ahonnan csak akkor szabadult \u00e9s t\u00e9rt haza, amikor Bem t\u00e1bornok Szebent bevette. A mv.-i Ref. Koll. f\u0151gondnoka (1833. aug. 28. \u2013). A mv.-i Kaszin\u00f3 alap\u00edt\u00f3 tagja (1832) k\u00e9s\u0151bb eln\u00f6ke. J\u00f3t\u00e9konykodott: a sz\u0151ll\u0151 term\u00e9s\u00e9nek tized\u00e9t a ref. koll.-i tan\u00e1rok fizet\u00e9s\u00e9nek emel\u00e9s\u00e9re aj\u00e1nlotta fel (1825. okt.), a sz\u00fcretel\u0151 di\u00e1koknak 12 v\u00e9ka b\u00faz\u00e1t, a tan\u00e1ri nyugd\u00edjalapra 5000 v\u00e1lt\u00f3c\u00e9dula forintot adott, a szabads\u00e1gharc alatt minden ez\u00fcstj\u00e9t, \u00e9kszer\u00e9t odaadta. A malomfalvi udvarh\u00e1z tulajdonosa, anyja \u00f6r\u00f6ks\u00e9ge. \u2013 <strong>F. m.:<\/strong> A sz\u00e1sz bureaucratia bujtogat\u00e1sai (Mv., 1848); Bar\u00e1taim sz\u00e9kelyek (Mv., 1848), R\u00f6piratok: Egyh\u00e1zi besz\u00e9d; A magyarorsz\u00e1gi unio t\u00e1rgy\u00e1ban m\u00e1jusi felh\u00edv\u00e1s; Felsz\u00f3l\u00edt\u00e1s a sz\u00e9kely testv\u00e9rekhez; Marossz\u00e9k egyik v\u00e1laszt\u00f3 polg\u00e1ra : \u0151szinte felsz\u00f3l\u00edt\u00e1s Marossz\u00e9k minden v\u00e1laszt\u00f3 polg\u00e1raihoz. (1848). <br \/><strong>Irod.:<\/strong> 1848\u20131849 Marossz\u00e9k; Bi\u00e1s Istv\u00e1n; Gudenus; Gy\u00e1szjelent\u0151; Id\u0151t\u00e1r 2; Koncz; Kr\u00f3n. F\u00fcz.  (1939. 4\/6); MNZS; P\u00e1l-Antal; P\u00e1l-Antal 2002; P\u00e1l-Antal 2009; Szinnyei<\/br><\/p>\n","protected":false},"excerpt":{"rendered":"<p>Kv., 1793. j\u00fal. 11., \u2020 Malomfalva, 1854. m\u00e1rc. 26., Mv., 1854. \u00e1pr. 15.: politikus, birtokos Malomfalv\u00e1n. \u2013 Lajos (\u2020 1809) \u00e9s Wessel\u00e9nyi J\u00falia (1733\u20131809) fia. Feles\u00e9ge: sz\u00e9ki Teleki R\u00e1khel (1794. -Malomfalva, 1868. \u00e1pr. 2.). 6 le\u00e1ny \u00e9s egy fi\u00fa Domokos (1835\u20131902). \u2013 A mv.-i Ref. Koll. algondnoka (1831-.) \u00e9s fel\u00fcgyel\u0151 f\u0151gondnoka (1833\u2013). Szabadelv\u0171 politikus Maros-sz\u00e9k [&hellip;]<\/p>\n","protected":false},"featured_media":0,"comment_status":"open","ping_status":"closed","template":"","meta":[],"product_brand":[],"product_cat":[137],"product_tag":[],"class_list":{"0":"post-11630","1":"product","2":"type-product","3":"status-publish","5":"product_cat-maros-megyei-eletrajzi-lexikon","7":"first","8":"instock","9":"shipping-taxable","10":"product-type-simple"},"_links":{"self":[{"href":"https:\/\/uj.adatbank.ro\/lexikon\/wp-json\/wp\/v2\/product\/11630","targetHints":{"allow":["GET"]}}],"collection":[{"href":"https:\/\/uj.adatbank.ro\/lexikon\/wp-json\/wp\/v2\/product"}],"about":[{"href":"https:\/\/uj.adatbank.ro\/lexikon\/wp-json\/wp\/v2\/types\/product"}],"replies":[{"embeddable":true,"href":"https:\/\/uj.adatbank.ro\/lexikon\/wp-json\/wp\/v2\/comments?post=11630"}],"wp:attachment":[{"href":"https:\/\/uj.adatbank.ro\/lexikon\/wp-json\/wp\/v2\/media?parent=11630"}],"wp:term":[{"taxonomy":"product_brand","embeddable":true,"href":"https:\/\/uj.adatbank.ro\/lexikon\/wp-json\/wp\/v2\/product_brand?post=11630"},{"taxonomy":"product_cat","embeddable":true,"href":"https:\/\/uj.adatbank.ro\/lexikon\/wp-json\/wp\/v2\/product_cat?post=11630"},{"taxonomy":"product_tag","embeddable":true,"href":"https:\/\/uj.adatbank.ro\/lexikon\/wp-json\/wp\/v2\/product_tag?post=11630"}],"curies":[{"name":"wp","href":"https:\/\/api.w.org\/{rel}","templated":true}]}}