{"id":11631,"date":"2025-06-29T13:59:40","date_gmt":"2025-06-29T11:59:40","guid":{"rendered":"https:\/\/uj.adatbank.ro\/lexikon\/termek\/kemeny-pal-magyargyeromonostori-br-2\/"},"modified":"2025-06-29T13:59:40","modified_gmt":"2025-06-29T11:59:40","slug":"kemeny-pal-magyargyeromonostori-br-2","status":"publish","type":"product","link":"https:\/\/uj.adatbank.ro\/lexikon\/termek\/kemeny-pal-magyargyeromonostori-br-2\/","title":{"rendered":"KEM\u00c9NY P\u00e1l, magyargyer\u0151monostori br."},"content":{"rendered":"<p>1718.?, \u2020 Magyarb\u00fckk\u00f6s, 1798. febr. 19.: tan\u00e1csos. \u2013 Feles\u00e9ge Halm\u00e1gyi Erzs\u00e9bet. \u2013 Kir. udvari tan\u00e1csos, korm\u00e1nysz\u00e9ki k\u00fcld\u00f6tt volt a marossz\u00e9ki f\u0151kir\u00e1lyb\u00edr\u00f3-v\u00e1laszt\u00e1son (1754). <br \/><strong>Irod.:<\/strong> Lev\u00e9lt\u00e1ri gy\u00e1szj.<\/br><\/p>\n","protected":false},"excerpt":{"rendered":"<p>1718.?, \u2020 Magyarb\u00fckk\u00f6s, 1798. febr. 19.: tan\u00e1csos. \u2013 Feles\u00e9ge Halm\u00e1gyi Erzs\u00e9bet. \u2013 Kir. udvari tan\u00e1csos, korm\u00e1nysz\u00e9ki k\u00fcld\u00f6tt volt a marossz\u00e9ki f\u0151kir\u00e1lyb\u00edr\u00f3-v\u00e1laszt\u00e1son (1754). Irod.: Lev\u00e9lt\u00e1ri gy\u00e1szj.<\/p>\n","protected":false},"featured_media":0,"comment_status":"open","ping_status":"closed","template":"","meta":[],"product_brand":[],"product_cat":[137],"product_tag":[],"class_list":{"0":"post-11631","1":"product","2":"type-product","3":"status-publish","5":"product_cat-maros-megyei-eletrajzi-lexikon","7":"first","8":"instock","9":"shipping-taxable","10":"product-type-simple"},"_links":{"self":[{"href":"https:\/\/uj.adatbank.ro\/lexikon\/wp-json\/wp\/v2\/product\/11631","targetHints":{"allow":["GET"]}}],"collection":[{"href":"https:\/\/uj.adatbank.ro\/lexikon\/wp-json\/wp\/v2\/product"}],"about":[{"href":"https:\/\/uj.adatbank.ro\/lexikon\/wp-json\/wp\/v2\/types\/product"}],"replies":[{"embeddable":true,"href":"https:\/\/uj.adatbank.ro\/lexikon\/wp-json\/wp\/v2\/comments?post=11631"}],"wp:attachment":[{"href":"https:\/\/uj.adatbank.ro\/lexikon\/wp-json\/wp\/v2\/media?parent=11631"}],"wp:term":[{"taxonomy":"product_brand","embeddable":true,"href":"https:\/\/uj.adatbank.ro\/lexikon\/wp-json\/wp\/v2\/product_brand?post=11631"},{"taxonomy":"product_cat","embeddable":true,"href":"https:\/\/uj.adatbank.ro\/lexikon\/wp-json\/wp\/v2\/product_cat?post=11631"},{"taxonomy":"product_tag","embeddable":true,"href":"https:\/\/uj.adatbank.ro\/lexikon\/wp-json\/wp\/v2\/product_tag?post=11631"}],"curies":[{"name":"wp","href":"https:\/\/api.w.org\/{rel}","templated":true}]}}