{"id":11632,"date":"2025-06-29T13:59:42","date_gmt":"2025-06-29T11:59:42","guid":{"rendered":"https:\/\/uj.adatbank.ro\/lexikon\/termek\/kemeny-peter\/"},"modified":"2025-06-29T13:59:42","modified_gmt":"2025-06-29T11:59:42","slug":"kemeny-peter","status":"publish","type":"product","link":"https:\/\/uj.adatbank.ro\/lexikon\/termek\/kemeny-peter\/","title":{"rendered":"KEM\u00c9NY P\u00e9ter"},"content":{"rendered":"<p>? \u2020 ?: nemes. \u2013 A Kem\u00e9ny- csal\u00e1d n\u00e9vad\u00f3ja. Zsigmond (1385\u20131437) \u00e9s II. Ul\u00e1szl\u00f3 kir\u00e1lyok alatt \u00e9lt. (???). Unok\u00e1ja 1. J\u00e1nos, aki k\u00f6vet volt Szolim\u00e1n szult\u00e1nn\u00e1l (1552); 2. Istv\u00e1n, f\u0151isp\u00e1n (1556\u2013). <br \/><strong>Irod.:<\/strong> Erd\u00e9lyi v\u00e1rmegy\u00e9k<\/br><\/p>\n","protected":false},"excerpt":{"rendered":"<p>? \u2020 ?: nemes. \u2013 A Kem\u00e9ny- csal\u00e1d n\u00e9vad\u00f3ja. Zsigmond (1385\u20131437) \u00e9s II. Ul\u00e1szl\u00f3 kir\u00e1lyok alatt \u00e9lt. (???). Unok\u00e1ja 1. J\u00e1nos, aki k\u00f6vet volt Szolim\u00e1n szult\u00e1nn\u00e1l (1552); 2. Istv\u00e1n, f\u0151isp\u00e1n (1556\u2013). Irod.: Erd\u00e9lyi v\u00e1rmegy\u00e9k<\/p>\n","protected":false},"featured_media":0,"comment_status":"open","ping_status":"closed","template":"","meta":[],"product_brand":[],"product_cat":[137],"product_tag":[],"class_list":{"0":"post-11632","1":"product","2":"type-product","3":"status-publish","5":"product_cat-maros-megyei-eletrajzi-lexikon","7":"first","8":"instock","9":"shipping-taxable","10":"product-type-simple"},"_links":{"self":[{"href":"https:\/\/uj.adatbank.ro\/lexikon\/wp-json\/wp\/v2\/product\/11632","targetHints":{"allow":["GET"]}}],"collection":[{"href":"https:\/\/uj.adatbank.ro\/lexikon\/wp-json\/wp\/v2\/product"}],"about":[{"href":"https:\/\/uj.adatbank.ro\/lexikon\/wp-json\/wp\/v2\/types\/product"}],"replies":[{"embeddable":true,"href":"https:\/\/uj.adatbank.ro\/lexikon\/wp-json\/wp\/v2\/comments?post=11632"}],"wp:attachment":[{"href":"https:\/\/uj.adatbank.ro\/lexikon\/wp-json\/wp\/v2\/media?parent=11632"}],"wp:term":[{"taxonomy":"product_brand","embeddable":true,"href":"https:\/\/uj.adatbank.ro\/lexikon\/wp-json\/wp\/v2\/product_brand?post=11632"},{"taxonomy":"product_cat","embeddable":true,"href":"https:\/\/uj.adatbank.ro\/lexikon\/wp-json\/wp\/v2\/product_cat?post=11632"},{"taxonomy":"product_tag","embeddable":true,"href":"https:\/\/uj.adatbank.ro\/lexikon\/wp-json\/wp\/v2\/product_tag?post=11632"}],"curies":[{"name":"wp","href":"https:\/\/api.w.org\/{rel}","templated":true}]}}