{"id":11634,"date":"2025-06-29T13:59:45","date_gmt":"2025-06-29T11:59:45","guid":{"rendered":"https:\/\/uj.adatbank.ro\/lexikon\/termek\/kemeny-samuel-magyargyeromonostori-br\/"},"modified":"2025-06-29T13:59:45","modified_gmt":"2025-06-29T11:59:45","slug":"kemeny-samuel-magyargyeromonostori-br","status":"publish","type":"product","link":"https:\/\/uj.adatbank.ro\/lexikon\/termek\/kemeny-samuel-magyargyeromonostori-br\/","title":{"rendered":"KEM\u00c9NY S\u00e1muel, magyargyer\u0151monostori br."},"content":{"rendered":"<p>1802.?., \u2020 Kv., 1861. j\u00fal. 25.: f\u00f6ldbirtokos. \u2013 S\u00e1muel (1739\u20131817) \u00e9s Bethlen Kata (1764\u20131836) fia. Tulajdonosa volt az aranyosgerendi barokk kast\u00e9lynak, melyet a fell\u00e1zadt rom\u00e1nok feldultak \u00e9s a k\u00f6nyvt\u00e1ra, k\u00e9ziratgy\u0171jtem\u00e9nye elpusztult (1848. nov. 28.). Az elveszett \u00e9rt\u00e9kek k\u00f6z\u00f6tt volt gr. Kem\u00e9ny J\u00f3zsef oklev\u00e9lgy\u0171jtem\u00e9nye is. Ui a t\u00f6rt\u00e9nelem tud\u00f3s \u00e9lete utols\u00f3 szakasz\u00e1ban a kast\u00e9ly lak\u00f3ja volt. &#8211;<br \/><strong>Irod.:<\/strong> Bicsok-Orb\u00e1n, Jak\u00f3 1976; K\u0151v\u00e1ry; Lev\u00e9lt\u00e1ri gy\u00e1szj.<\/br><\/p>\n","protected":false},"excerpt":{"rendered":"<p>1802.?., \u2020 Kv., 1861. j\u00fal. 25.: f\u00f6ldbirtokos. \u2013 S\u00e1muel (1739\u20131817) \u00e9s Bethlen Kata (1764\u20131836) fia. Tulajdonosa volt az aranyosgerendi barokk kast\u00e9lynak, melyet a fell\u00e1zadt rom\u00e1nok feldultak \u00e9s a k\u00f6nyvt\u00e1ra, k\u00e9ziratgy\u0171jtem\u00e9nye elpusztult (1848. nov. 28.). Az elveszett \u00e9rt\u00e9kek k\u00f6z\u00f6tt volt gr. Kem\u00e9ny J\u00f3zsef oklev\u00e9lgy\u0171jtem\u00e9nye is. Ui a t\u00f6rt\u00e9nelem tud\u00f3s \u00e9lete utols\u00f3 szakasz\u00e1ban a kast\u00e9ly lak\u00f3ja volt. [&hellip;]<\/p>\n","protected":false},"featured_media":0,"comment_status":"open","ping_status":"closed","template":"","meta":[],"product_brand":[],"product_cat":[137],"product_tag":[],"class_list":{"0":"post-11634","1":"product","2":"type-product","3":"status-publish","5":"product_cat-maros-megyei-eletrajzi-lexikon","7":"first","8":"instock","9":"shipping-taxable","10":"product-type-simple"},"_links":{"self":[{"href":"https:\/\/uj.adatbank.ro\/lexikon\/wp-json\/wp\/v2\/product\/11634","targetHints":{"allow":["GET"]}}],"collection":[{"href":"https:\/\/uj.adatbank.ro\/lexikon\/wp-json\/wp\/v2\/product"}],"about":[{"href":"https:\/\/uj.adatbank.ro\/lexikon\/wp-json\/wp\/v2\/types\/product"}],"replies":[{"embeddable":true,"href":"https:\/\/uj.adatbank.ro\/lexikon\/wp-json\/wp\/v2\/comments?post=11634"}],"wp:attachment":[{"href":"https:\/\/uj.adatbank.ro\/lexikon\/wp-json\/wp\/v2\/media?parent=11634"}],"wp:term":[{"taxonomy":"product_brand","embeddable":true,"href":"https:\/\/uj.adatbank.ro\/lexikon\/wp-json\/wp\/v2\/product_brand?post=11634"},{"taxonomy":"product_cat","embeddable":true,"href":"https:\/\/uj.adatbank.ro\/lexikon\/wp-json\/wp\/v2\/product_cat?post=11634"},{"taxonomy":"product_tag","embeddable":true,"href":"https:\/\/uj.adatbank.ro\/lexikon\/wp-json\/wp\/v2\/product_tag?post=11634"}],"curies":[{"name":"wp","href":"https:\/\/api.w.org\/{rel}","templated":true}]}}