{"id":11635,"date":"2025-06-29T13:59:47","date_gmt":"2025-06-29T11:59:47","guid":{"rendered":"https:\/\/uj.adatbank.ro\/lexikon\/termek\/kemeny-samuel-magyargyeromonostori-br-2\/"},"modified":"2025-06-29T13:59:47","modified_gmt":"2025-06-29T11:59:47","slug":"kemeny-samuel-magyargyeromonostori-br-2","status":"publish","type":"product","link":"https:\/\/uj.adatbank.ro\/lexikon\/termek\/kemeny-samuel-magyargyeromonostori-br-2\/","title":{"rendered":"KEM\u00c9NY S\u00e1muel, magyargyer\u0151monostori br."},"content":{"rendered":"<p>?., \u2020 1744.: Doboka v\u00e1rmegye f\u0151isp\u00e1nja. \u2013J\u00e1nos (1662\u20131701) \u00e9s sz\u00e9ki gr. Teleki Anna (1661\u20131720) fia. Feles\u00e9ge Macsk\u00e1sy Katalin. Dob\u00f3ka vm. f\u0151isp\u00e1nja. \u0151 volt azon oklev\u00e9l-gy\u00fcjtem\u00e9ny szerz\u0151je, melyet a Nyelvmivel\u0151 T\u00e1rsas\u00e1g megeml\u00edt. Macsk\u00e1sy Katalint\u00f3l gyermekei nem maradtak. <br \/><strong>Irod.:<\/strong> B\u00edr\u00f3 J\u00f3zsef ; Halotti besz\u00e9dek K. S. \u00far felett; Gy\u00f6ngy\u00f6si J\u00e1nosnak magyar versei.-ben K. Mikl\u00f3s K. S\u00e1muelhez (B\u00e9cs, 1790); Kazinczy Erd\u00e9lyi levelek; ; N\u00e1dudvari S\u00e1muel : Animalis, rationalis politicae, civilis, spiritualis et aeterniae vitae exemplar. (Kv., 1744); Nagy Iv\u00e1n; Szathm\u00e1ri Papp Zsigmond : Istennek sz\u00f3hall\u00f3 szolg\u00e1ja. (Kv., 1744); Tr\u00f3cs\u00e1nyi 1988; \u00daIT<\/br><\/p>\n","protected":false},"excerpt":{"rendered":"<p>?., \u2020 1744.: Doboka v\u00e1rmegye f\u0151isp\u00e1nja. \u2013J\u00e1nos (1662\u20131701) \u00e9s sz\u00e9ki gr. Teleki Anna (1661\u20131720) fia. Feles\u00e9ge Macsk\u00e1sy Katalin. Dob\u00f3ka vm. f\u0151isp\u00e1nja. \u0151 volt azon oklev\u00e9l-gy\u00fcjtem\u00e9ny szerz\u0151je, melyet a Nyelvmivel\u0151 T\u00e1rsas\u00e1g megeml\u00edt. Macsk\u00e1sy Katalint\u00f3l gyermekei nem maradtak. Irod.: B\u00edr\u00f3 J\u00f3zsef ; Halotti besz\u00e9dek K. S. \u00far felett; Gy\u00f6ngy\u00f6si J\u00e1nosnak magyar versei.-ben K. Mikl\u00f3s K. S\u00e1muelhez (B\u00e9cs, [&hellip;]<\/p>\n","protected":false},"featured_media":0,"comment_status":"open","ping_status":"closed","template":"","meta":[],"product_brand":[],"product_cat":[137],"product_tag":[],"class_list":{"0":"post-11635","1":"product","2":"type-product","3":"status-publish","5":"product_cat-maros-megyei-eletrajzi-lexikon","7":"first","8":"instock","9":"shipping-taxable","10":"product-type-simple"},"_links":{"self":[{"href":"https:\/\/uj.adatbank.ro\/lexikon\/wp-json\/wp\/v2\/product\/11635","targetHints":{"allow":["GET"]}}],"collection":[{"href":"https:\/\/uj.adatbank.ro\/lexikon\/wp-json\/wp\/v2\/product"}],"about":[{"href":"https:\/\/uj.adatbank.ro\/lexikon\/wp-json\/wp\/v2\/types\/product"}],"replies":[{"embeddable":true,"href":"https:\/\/uj.adatbank.ro\/lexikon\/wp-json\/wp\/v2\/comments?post=11635"}],"wp:attachment":[{"href":"https:\/\/uj.adatbank.ro\/lexikon\/wp-json\/wp\/v2\/media?parent=11635"}],"wp:term":[{"taxonomy":"product_brand","embeddable":true,"href":"https:\/\/uj.adatbank.ro\/lexikon\/wp-json\/wp\/v2\/product_brand?post=11635"},{"taxonomy":"product_cat","embeddable":true,"href":"https:\/\/uj.adatbank.ro\/lexikon\/wp-json\/wp\/v2\/product_cat?post=11635"},{"taxonomy":"product_tag","embeddable":true,"href":"https:\/\/uj.adatbank.ro\/lexikon\/wp-json\/wp\/v2\/product_tag?post=11635"}],"curies":[{"name":"wp","href":"https:\/\/api.w.org\/{rel}","templated":true}]}}