{"id":11636,"date":"2025-06-29T13:59:48","date_gmt":"2025-06-29T11:59:48","guid":{"rendered":"https:\/\/uj.adatbank.ro\/lexikon\/termek\/kemeny-samuel-magyargyeromonostori-br-gr\/"},"modified":"2025-06-29T13:59:48","modified_gmt":"2025-06-29T11:59:48","slug":"kemeny-samuel-magyargyeromonostori-br-gr","status":"publish","type":"product","link":"https:\/\/uj.adatbank.ro\/lexikon\/termek\/kemeny-samuel-magyargyeromonostori-br-gr\/","title":{"rendered":"KEM\u00c9NY S\u00e1muel, magyargyer\u0151monostori br., gr,"},"content":{"rendered":"<p>1739, 1760.? \u2020 Gerend., 1817. j\u00fal. szept. 23.: jogtud\u00f3s, kir. t\u00e1bla eln\u00f6ke, cs. kir. kamar\u00e1s. \u2013 K. Mikl\u00f3s (\u2020 1775) \u00e9s cegei Wass Krisztina (\u2020 1802) fia. Feles\u00e9ge ikt\u00e1ri Bethlen Kata (1764.?- Gerend, 1836. febr. 5., ) aki birtokos volt Vajdaszentiv\u00e1nyon. Gyermekeik: Kata- osdolai gr. Ku\u00fan J\u00f3zsefn\u00e9 (\u2020 1816); Mikl\u00f3s (1791\u20131829); gr. S\u00e1muel (1802-Kv., 1861. j\u00fal. 25.). \u2013 Nagy tudom\u00e1ny\u00fa f\u00e9rfi\u00fa aki n\u00e9gy \u00e9vet t\u00f6lt\u00f6tt k\u00fclf\u00f6ldi akad\u00e9mi\u00e1kon \u00e9s beutazta eg\u00e9sz Eur\u00f3p\u00e1t. Sch\u00e4ltzer a nagy t\u00f6rt\u00e9net\u00edr\u00f3 azzal bocs\u00e1totta \u00fatra haz\u00e1j\u00e1ba: nem tudja a gr\u00f3f tanult-e t\u0151le, vagy \u0151 a gr\u00f3ft\u00f3l k\u00fcl\u00f6n\u00f6sen Erd\u00e9ly viszonyair\u00f3l. Megjelent disszert\u00e1ci\u00f3j\u00e1ra Kov\u00e1sznai S\u00e1ndor \u00fcdv\u00f6zl\u0151 verset \u00edrt (1778). II. J\u00f3zsef kinevezte Bels\u0151szolnok- \u00e9s Dob\u00f3kamegye alisp\u00e1nj\u00e1v\u00e1 (1786), majd Leopold Torda v\u00e1rmegye f\u0151isp\u00e1nj\u00e1v\u00e1 (1790), f\u0151korm\u00e1nysz\u00e9ki tan\u00e1csos (1795) egyben cs. \u00e9s kir. kamar\u00e1s. Gr\u00f3fs\u00e1got nyert (1804). Ideiglenes kir. t\u00e1blai eln\u00f6k (1810\u2013), majd val\u00f3s\u00e1gos t\u00e1blai eln\u00f6k lett (1815\u2013), mely alkalomra hivatal\u00e1ba iktat\u00e1s\u00e1kor a mv.-i koll. ifj\u00fas\u00e1ga, tisztelet\u00e9re kiadta a M\u00e1jusi vir\u00e1gok-at (Mv., 1816). Mint a t\u00e1bla eln\u00f6ke jelenl\u00e9t\u00e9ben, egy\u00fctt az egyh\u00e1zk\u00f6zs\u00e9g f\u0151kur\u00e1tov\u00e1val, Borosnyai Luk\u00e1cs J\u00e1nossal tett\u00e9k le az \u00e9p\u00edtend\u0151 ref. kistemplom alapk\u0151v\u00e9t (1815). Leopold rend k\u00f6z\u00e9pkeresztj\u00e9t kapta (1815), orsz\u00e1gos eln\u00f6k lett (1816). Szerepet j\u00e1tszot a mv.-i k\u00f3rh\u00e1z l\u00e9tes\u00edt\u00e9s\u00e9ben, anyagilag is t\u00e1mogatta. Hal\u00e1la alkalmav\u00e1l mint az erd\u00e9lyi fejedelmi st\u00e1tusok \u00e9s rendek, mint a ref. f\u00f6konziszt\u00f3rium el\u0151l\u00fcl\u0151j\u00e9nek tisztelet\u00e9re kiadt\u00e1k Menalk\u00e1s idyllium c. eml\u00e9kezet\u00e9t meg\u00f6r\u00f6k\u00edt\u0151 halotti besz\u00e9det (Mv., 1817). T\u00e1mogatt\u00e1k a ref. egyh\u00e1zat aj\u00e1nd\u00e9kkal (1797), a Gecse utcai templom fel\u00e9p\u00edt\u00e9s\u00e9t Borosnyai Luk\u00e1cs L\u00e1szl\u00f3val k\u00f6z\u00f6sen (1815\u201330), harangot \u00f6ntettek (1805), p\u00e9nzt adom\u00e1nyoztak (1811). A vajdaszentiv\u00e1nyi d\u00e9zsm\u00e1t 6000 mfrt. -al megv\u00e1ltva, annak kamatj\u00e1t a ref. koll. \u2013i tan\u00e1rok fizet\u00e9sjav\u00edt\u00e1s\u00e1ra rendelte, tov\u00e1bb\u00e1 a csikudi d\u00e9zsma helyett 1000 frt.-ot a k\u00f6nyvt\u00e1r gyarap\u00edt\u00e1s\u00e1ra adott. A vajdaszentiv\u00e1nyi barokk kast\u00e9lyegy\u00fcttes \u00e9p\u00edttet\u0151je, hal\u00e1la ut\u00e1n feles\u00e9ge tov\u00e1bb folytatta az \u00e9p\u00edtkez\u00e9st. Mindketten a vajdaszentiv\u00e1nyi ref. egyh\u00e1zk\u00f6zs\u00e9g b\u0151kez\u0171 t\u00e1mogat\u00f3i voltak. A nagysaj\u00f3i kast\u00e9ly birtokosa, barokk st\u00edlusban \u00e1t\u00e9p\u00edtette. Unokatestv\u00e9r\u00e9vel, K. J\u00f3zseffel az erd\u00e9lyi orsz\u00e1ggy\u0171l\u00e9snek felaj\u00e1nlott\u00e1k mag\u00e1ngy\u0171jtem\u00e9ny\u00fcket az Erd\u00e9lyi Nemzeti M\u00fazeum jav\u00e1ra (1841. nov. 3.). A gerendi h\u00e1z\u00e1t a fell\u00e1zadt rom\u00e1nok feldult\u00e1k \u00e9s a k\u00f6nyvt\u00e1ra, k\u00e9ziratgy\u0171jtem\u00e9nye elpusztult (1848. nov. 28.), \u00edgy a megalakult Erd\u00e9lyi M\u00fazeum- Egyes\u00fcletnek (1859), m\u00e1r nem adhatta \u00e1t, a R\u00e9vai NL szerint \u00e1tadta k\u00f6nyv \u00e9s k\u00e9ziratgy\u0171jtem\u00e9ny\u00e9t. <br \/><strong>Irod.:<\/strong> B\u00e9nyei; Bicsok-Orb\u00e1n; Castellum \u00c9rtes\u00edt\u0151 (2002, 7. sz.); EME t\u00f6rt.; Gy\u00e1szjelent\u0151; Kelemen Lajos 2006; Kornis; Kov\u00e1sznai; K\u0151v\u00e1ry; Kr\u00f3n F\u00fcz. (1939. 4\/7); Lev\u00e9lt\u00e1ri gy\u00e1szj.; Magyari Hunor; Man: Tg. M. 1; Nagy Iv\u00e1n; Okm\u00e1nyt\u00e1r; Szotyori; Vajdaszentiv\u00e1ny<\/br><\/p>\n","protected":false},"excerpt":{"rendered":"<p>1739, 1760.? \u2020 Gerend., 1817. j\u00fal. szept. 23.: jogtud\u00f3s, kir. t\u00e1bla eln\u00f6ke, cs. kir. kamar\u00e1s. \u2013 K. Mikl\u00f3s (\u2020 1775) \u00e9s cegei Wass Krisztina (\u2020 1802) fia. Feles\u00e9ge ikt\u00e1ri Bethlen Kata (1764.?- Gerend, 1836. febr. 5., ) aki birtokos volt Vajdaszentiv\u00e1nyon. Gyermekeik: Kata- osdolai gr. Ku\u00fan J\u00f3zsefn\u00e9 (\u2020 1816); Mikl\u00f3s (1791\u20131829); gr. S\u00e1muel (1802-Kv., 1861. [&hellip;]<\/p>\n","protected":false},"featured_media":0,"comment_status":"open","ping_status":"closed","template":"","meta":[],"product_brand":[],"product_cat":[137],"product_tag":[],"class_list":{"0":"post-11636","1":"product","2":"type-product","3":"status-publish","5":"product_cat-maros-megyei-eletrajzi-lexikon","7":"first","8":"instock","9":"shipping-taxable","10":"product-type-simple"},"_links":{"self":[{"href":"https:\/\/uj.adatbank.ro\/lexikon\/wp-json\/wp\/v2\/product\/11636","targetHints":{"allow":["GET"]}}],"collection":[{"href":"https:\/\/uj.adatbank.ro\/lexikon\/wp-json\/wp\/v2\/product"}],"about":[{"href":"https:\/\/uj.adatbank.ro\/lexikon\/wp-json\/wp\/v2\/types\/product"}],"replies":[{"embeddable":true,"href":"https:\/\/uj.adatbank.ro\/lexikon\/wp-json\/wp\/v2\/comments?post=11636"}],"wp:attachment":[{"href":"https:\/\/uj.adatbank.ro\/lexikon\/wp-json\/wp\/v2\/media?parent=11636"}],"wp:term":[{"taxonomy":"product_brand","embeddable":true,"href":"https:\/\/uj.adatbank.ro\/lexikon\/wp-json\/wp\/v2\/product_brand?post=11636"},{"taxonomy":"product_cat","embeddable":true,"href":"https:\/\/uj.adatbank.ro\/lexikon\/wp-json\/wp\/v2\/product_cat?post=11636"},{"taxonomy":"product_tag","embeddable":true,"href":"https:\/\/uj.adatbank.ro\/lexikon\/wp-json\/wp\/v2\/product_tag?post=11636"}],"curies":[{"name":"wp","href":"https:\/\/api.w.org\/{rel}","templated":true}]}}