{"id":11638,"date":"2025-06-29T13:59:55","date_gmt":"2025-06-29T11:59:55","guid":{"rendered":"https:\/\/uj.adatbank.ro\/lexikon\/termek\/kemeny-simon\/"},"modified":"2025-06-29T13:59:55","modified_gmt":"2025-06-29T11:59:55","slug":"kemeny-simon","status":"publish","type":"product","link":"https:\/\/uj.adatbank.ro\/lexikon\/termek\/kemeny-simon\/","title":{"rendered":"KEM\u00c9NY Simon"},"content":{"rendered":"<p>Mv., 1851. aug. 26. \u2020 Kv., 1928.: Als\u00f3-Feh\u00e9r vm. f\u0151isp\u00e1nja. \u2013 Gy\u00f6rgy (1812\u201396) \u00e9s Bethlen M\u00e1ria ( 1814\u20131895) fia. Feles\u00e9ge 1. pekrovinai Pekry Emma (1860\u201395) (esk. Dics\u0151szentm\u00e1rton, 1881); l\u00e1nya Gabriella (1897\u20131940) 2. V\u00e1rady Ilona (\u2020. Magyarb\u00fckk\u00f6s, 1946) (esk. Kv., 1926). Fia Viktor (1901\u201345) volt az utols\u00f3 tulajdonosa a magyarb\u00fckk\u00f6si udvarh\u00e1znak. <br \/><strong>Irod.:<\/strong> Bicsok-Orb\u00e1n; Gudenus<\/br><\/p>\n","protected":false},"excerpt":{"rendered":"<p>Mv., 1851. aug. 26. \u2020 Kv., 1928.: Als\u00f3-Feh\u00e9r vm. f\u0151isp\u00e1nja. \u2013 Gy\u00f6rgy (1812\u201396) \u00e9s Bethlen M\u00e1ria ( 1814\u20131895) fia. Feles\u00e9ge 1. pekrovinai Pekry Emma (1860\u201395) (esk. Dics\u0151szentm\u00e1rton, 1881); l\u00e1nya Gabriella (1897\u20131940) 2. V\u00e1rady Ilona (\u2020. Magyarb\u00fckk\u00f6s, 1946) (esk. Kv., 1926). Fia Viktor (1901\u201345) volt az utols\u00f3 tulajdonosa a magyarb\u00fckk\u00f6si udvarh\u00e1znak. Irod.: Bicsok-Orb\u00e1n; Gudenus<\/p>\n","protected":false},"featured_media":0,"comment_status":"open","ping_status":"closed","template":"","meta":[],"product_brand":[],"product_cat":[137],"product_tag":[],"class_list":{"0":"post-11638","1":"product","2":"type-product","3":"status-publish","5":"product_cat-maros-megyei-eletrajzi-lexikon","7":"first","8":"instock","9":"shipping-taxable","10":"product-type-simple"},"_links":{"self":[{"href":"https:\/\/uj.adatbank.ro\/lexikon\/wp-json\/wp\/v2\/product\/11638","targetHints":{"allow":["GET"]}}],"collection":[{"href":"https:\/\/uj.adatbank.ro\/lexikon\/wp-json\/wp\/v2\/product"}],"about":[{"href":"https:\/\/uj.adatbank.ro\/lexikon\/wp-json\/wp\/v2\/types\/product"}],"replies":[{"embeddable":true,"href":"https:\/\/uj.adatbank.ro\/lexikon\/wp-json\/wp\/v2\/comments?post=11638"}],"wp:attachment":[{"href":"https:\/\/uj.adatbank.ro\/lexikon\/wp-json\/wp\/v2\/media?parent=11638"}],"wp:term":[{"taxonomy":"product_brand","embeddable":true,"href":"https:\/\/uj.adatbank.ro\/lexikon\/wp-json\/wp\/v2\/product_brand?post=11638"},{"taxonomy":"product_cat","embeddable":true,"href":"https:\/\/uj.adatbank.ro\/lexikon\/wp-json\/wp\/v2\/product_cat?post=11638"},{"taxonomy":"product_tag","embeddable":true,"href":"https:\/\/uj.adatbank.ro\/lexikon\/wp-json\/wp\/v2\/product_tag?post=11638"}],"curies":[{"name":"wp","href":"https:\/\/api.w.org\/{rel}","templated":true}]}}