{"id":11639,"date":"2025-06-29T13:59:57","date_gmt":"2025-06-29T11:59:57","guid":{"rendered":"https:\/\/uj.adatbank.ro\/lexikon\/termek\/kemeny-simon-ii-m-gyeromonostori-br\/"},"modified":"2025-06-29T13:59:57","modified_gmt":"2025-06-29T11:59:57","slug":"kemeny-simon-ii-m-gyeromonostori-br","status":"publish","type":"product","link":"https:\/\/uj.adatbank.ro\/lexikon\/termek\/kemeny-simon-ii-m-gyeromonostori-br\/","title":{"rendered":"KEM\u00c9NY Simon II., m. gyer\u0151monostori br."},"content":{"rendered":"<p>? \u2020 1722., okt. 4. temett\u00e9k: kuruc, temet\u00e9se: okt. 4.: alezredes, a fejedelmi t\u00e1bla eln\u00f6ke. \u2013 Simon (1633\u20131675) \u00e9s Per\u00e9nyi Kata (\u2020 1693) fia, Feles\u00e9ge: Vay Anna (1683\u20131736. febr. 12.). Fi\u00fak: Kem\u00e9ny \u00c1d\u00e1m (\u2020 1753). \u2013 Val\u00f3sz\u00edn\u0171leg \u0151 szerezte a b\u00e1r\u00f3s\u00e1got testv\u00e9reivel J\u00e1nos, L\u00e1szl\u00f3val (1698), meger\u0151s\u00edtve (1704). Gyermekei: Anna, Erzs\u00e9bet, Krisztina, \u00c1d\u00e1m akinek feles\u00e9ge R\u00e9dey Druzsianan (\u2020 1753). A fejedelmi tan\u00e1cs tagja (1707). Az \u00f3n\u00f3di ogy. -re Erd\u00e9ly k\u00e9pvisel\u0151je (1707). A Kv.-on alak\u00edtott Nemesi T\u00e1rsas\u00e1g -a nemes ifjakb\u00f3l \u00e1ll\u00f3 test\u0151rs\u00e9g, parancsnok helyettese, parancsnoka, II. R\u00e1k\u00f3czi Ferenc szem\u00e9lyesen nevezte ki. A v\u00e9csi v\u00e1r tulajdonosa. Feles\u00e9g\u00e9vel Vay Ann\u00e1val \u00e9p\u00edtette a marosv\u00e9csi ref. templomot a dombon, a falu felett, a v\u00e1r alatt (1727). <br \/><strong>Irod.:<\/strong> B\u00e1lint Zsigmond 2010; Bicsok-Orb\u00e1n; Gudenus; Id\u0151t\u00e1r 1; L\u00e9sty\u00e1n \u2013 templomok 1; Maros megyei m. t\u00f6rt. 5.; Szekeres Attila Istv\u00e1n: C\u00edmerek a marosv\u00e9csi reform\u00e1tus templomban = Maros megyei t\u00f6rt.; Tr\u00f3cs\u00e1nyi 1988, Wessel\u00e9nyi Istv\u00e1n<\/br><\/p>\n","protected":false},"excerpt":{"rendered":"<p>? \u2020 1722., okt. 4. temett\u00e9k: kuruc, temet\u00e9se: okt. 4.: alezredes, a fejedelmi t\u00e1bla eln\u00f6ke. \u2013 Simon (1633\u20131675) \u00e9s Per\u00e9nyi Kata (\u2020 1693) fia, Feles\u00e9ge: Vay Anna (1683\u20131736. febr. 12.). Fi\u00fak: Kem\u00e9ny \u00c1d\u00e1m (\u2020 1753). \u2013 Val\u00f3sz\u00edn\u0171leg \u0151 szerezte a b\u00e1r\u00f3s\u00e1got testv\u00e9reivel J\u00e1nos, L\u00e1szl\u00f3val (1698), meger\u0151s\u00edtve (1704). Gyermekei: Anna, Erzs\u00e9bet, Krisztina, \u00c1d\u00e1m akinek feles\u00e9ge R\u00e9dey [&hellip;]<\/p>\n","protected":false},"featured_media":0,"comment_status":"open","ping_status":"closed","template":"","meta":[],"product_brand":[],"product_cat":[137],"product_tag":[],"class_list":{"0":"post-11639","1":"product","2":"type-product","3":"status-publish","5":"product_cat-maros-megyei-eletrajzi-lexikon","7":"first","8":"instock","9":"shipping-taxable","10":"product-type-simple"},"_links":{"self":[{"href":"https:\/\/uj.adatbank.ro\/lexikon\/wp-json\/wp\/v2\/product\/11639","targetHints":{"allow":["GET"]}}],"collection":[{"href":"https:\/\/uj.adatbank.ro\/lexikon\/wp-json\/wp\/v2\/product"}],"about":[{"href":"https:\/\/uj.adatbank.ro\/lexikon\/wp-json\/wp\/v2\/types\/product"}],"replies":[{"embeddable":true,"href":"https:\/\/uj.adatbank.ro\/lexikon\/wp-json\/wp\/v2\/comments?post=11639"}],"wp:attachment":[{"href":"https:\/\/uj.adatbank.ro\/lexikon\/wp-json\/wp\/v2\/media?parent=11639"}],"wp:term":[{"taxonomy":"product_brand","embeddable":true,"href":"https:\/\/uj.adatbank.ro\/lexikon\/wp-json\/wp\/v2\/product_brand?post=11639"},{"taxonomy":"product_cat","embeddable":true,"href":"https:\/\/uj.adatbank.ro\/lexikon\/wp-json\/wp\/v2\/product_cat?post=11639"},{"taxonomy":"product_tag","embeddable":true,"href":"https:\/\/uj.adatbank.ro\/lexikon\/wp-json\/wp\/v2\/product_tag?post=11639"}],"curies":[{"name":"wp","href":"https:\/\/api.w.org\/{rel}","templated":true}]}}