{"id":11640,"date":"2025-06-29T13:59:58","date_gmt":"2025-06-29T11:59:58","guid":{"rendered":"https:\/\/uj.adatbank.ro\/lexikon\/termek\/kemeny-simon-%c2%a7-magyargyeromonostori-br\/"},"modified":"2025-06-29T13:59:58","modified_gmt":"2025-06-29T11:59:58","slug":"kemeny-simon-%c2%a7-magyargyeromonostori-br","status":"publish","type":"product","link":"https:\/\/uj.adatbank.ro\/lexikon\/termek\/kemeny-simon-%c2%a7-magyargyeromonostori-br\/","title":{"rendered":"KEM\u00c9NY Simon, \u00a7 magyargyer\u0151monostori br."},"content":{"rendered":"<p>1774., \u2020 Nagyenyed, 1826. okt. 19. Csombordon temett\u00e9k: cs. k. kamar\u00e1s, kir. t\u00e1blai \u00fcln\u00f6k, rendes b\u00edr\u00f3, Als\u00f3fef\u00e9r vm. f\u0151isp\u00e1n. \u2013 K. Simon (1736\u201389) f\u0151isp\u00e1n \u00e9s cegei Wass Katalin (1779\u20131822) fia. Testv\u00e9re J\u00e1nos. Feles\u00e9ge gr. Teleki Anna (1782\u20131851. aug. 27.). Gyermekeik: Kata, Kem\u00e9ny Dezs\u0151n\u00e9; Judit, Zeyk K\u00e1rolyn\u00e9; Domokos (Mv., 1806\u20131885), Istv\u00e1n (1811\u20131881), Gy\u00f6rgy (1812\u20131896). \u2013 Bolyai Farkas di\u00e1kt\u00e1rsa \u00e9s bar\u00e1tja, egy\u00fctt tettek vizsg\u00e1t az akkori erd\u00e9lyi ogy. el\u0151tt, majd peregrin\u00e1ci\u00f3ba indultak. Csatlakozott hozz\u00e1juk \u00f6ccse, J\u00e1nos \u00e9s apjuk megbiz\u00e1s\u00e1b\u00f3l kis\u00e9rte \u0151ket Bodor P\u00e1l, fel\u00fcgyelve tev\u00e9kenys\u00e9g\u00fckre. G\u00f6ttingenben egy\u00fctt egyid\u0151ben tanultak Fogarasi S\u00e1muellel, Gyarmathy S\u00e1muellel. A mv.-i kir. t\u00e1blai \u00fcln\u00f6k (1786), majd bir\u00f3, f\u0151isp\u00e1ni adminisztr\u00e1tor (1823\u201327). Als\u00f3-Feh\u00e9r vm. f\u0151isp\u00e1nja. A fi\u00fak nevel\u0151je Vajda D\u00e1niel (1815\u2013). Nagyenyeden kelt meghagy\u00e1s\u00e1val a feles\u00e9ge 500 n\u00e9met forintot adott a mv.-i ref. koll.-ban matesist tan\u00edt\u00f3 de\u00e1k-praesek fizet\u00e9s\u00e9re (1826. nov. 24.), sok \u00e9ven \u00e1t adtak e c\u00e9lra 30\u201330 forintot. A csombordi uradalom \u00e9s kast\u00e9ly birtokosa. A magyarb\u00fckk\u00f6si kast\u00e9ly tulajdonosa \u00e9s t\u0151v\u00e1bb \u00e9p\u00edttet\u0151je. A marosv\u00e9csi kast\u00e9ly tulajdonosa. <br \/><strong>Irod.:<\/strong> Albiz\u00e1l\u00e1s; Apor \u2013 Ol\u00e1h-G\u00e1l; Bicsok-Orb\u00e1n; Bolyai-levelek; Fogarasi; Gudenus; Gy\u00e1szjelent\u0151; Kr\u00f3n. F\u00fcz. (1939. 4\/9); Lev\u00e9lt\u00e1ri gy\u00e1szj.; Mo. f\u0151isp\u00e1njai; Ol\u00e1h-G\u00e1l 2013; Ol\u00e1h-G\u00e1l R\u00f3bert: Aki Bolyai Farkast testv\u00e9r\u00e9v\u00e9 fogadta (N\u00fa., Sz\u00ednes Vil\u00e1g, 230. sz., 2010. j\u00fal. 17.; j\u00fal. 24.); Ol\u00e1h-G\u00e1l R\u00f3bert: Teleki Anna \u00e9s Bolyai Farkas (N\u00fa., Sz\u00ednes Vil\u00e1g, 2009. j\u00fal. 25.; 2009. aug. 1.); (N\u00fa., Sz\u00ednes Vil\u00e1g, 2010. j\u00fal. 17.; j\u00fal. 24.; j\u00fal. 31.; aug. 7.; aug. 14.; aug. 21.; aug. 28.; szept. 4.); Ol\u00e1h-G. R.: Bolyai \u2013 somm\u00e1zat; Sebesty\u00e9n Mih\u00e1ly: Erd\u00e9lyi borosgazd\u00e1knak, avagy V. D. \u00e9breszt\u00e9se (N\u00fa., 1999. j\u00fal. 16., 1999. j\u00fal. 20); Vita Zsigmond: Bolyai Farkas \u00e9s K. S. G\u00f6tting\u00e1ban (\u00daj \u00c9let, 17. sz., 1981)<\/br><\/p>\n","protected":false},"excerpt":{"rendered":"<p>1774., \u2020 Nagyenyed, 1826. okt. 19. Csombordon temett\u00e9k: cs. k. kamar\u00e1s, kir. t\u00e1blai \u00fcln\u00f6k, rendes b\u00edr\u00f3, Als\u00f3fef\u00e9r vm. f\u0151isp\u00e1n. \u2013 K. Simon (1736\u201389) f\u0151isp\u00e1n \u00e9s cegei Wass Katalin (1779\u20131822) fia. Testv\u00e9re J\u00e1nos. Feles\u00e9ge gr. Teleki Anna (1782\u20131851. aug. 27.). Gyermekeik: Kata, Kem\u00e9ny Dezs\u0151n\u00e9; Judit, Zeyk K\u00e1rolyn\u00e9; Domokos (Mv., 1806\u20131885), Istv\u00e1n (1811\u20131881), Gy\u00f6rgy (1812\u20131896). \u2013 Bolyai [&hellip;]<\/p>\n","protected":false},"featured_media":0,"comment_status":"open","ping_status":"closed","template":"","meta":[],"product_brand":[],"product_cat":[137],"product_tag":[],"class_list":{"0":"post-11640","1":"product","2":"type-product","3":"status-publish","5":"product_cat-maros-megyei-eletrajzi-lexikon","7":"first","8":"instock","9":"shipping-taxable","10":"product-type-simple"},"_links":{"self":[{"href":"https:\/\/uj.adatbank.ro\/lexikon\/wp-json\/wp\/v2\/product\/11640","targetHints":{"allow":["GET"]}}],"collection":[{"href":"https:\/\/uj.adatbank.ro\/lexikon\/wp-json\/wp\/v2\/product"}],"about":[{"href":"https:\/\/uj.adatbank.ro\/lexikon\/wp-json\/wp\/v2\/types\/product"}],"replies":[{"embeddable":true,"href":"https:\/\/uj.adatbank.ro\/lexikon\/wp-json\/wp\/v2\/comments?post=11640"}],"wp:attachment":[{"href":"https:\/\/uj.adatbank.ro\/lexikon\/wp-json\/wp\/v2\/media?parent=11640"}],"wp:term":[{"taxonomy":"product_brand","embeddable":true,"href":"https:\/\/uj.adatbank.ro\/lexikon\/wp-json\/wp\/v2\/product_brand?post=11640"},{"taxonomy":"product_cat","embeddable":true,"href":"https:\/\/uj.adatbank.ro\/lexikon\/wp-json\/wp\/v2\/product_cat?post=11640"},{"taxonomy":"product_tag","embeddable":true,"href":"https:\/\/uj.adatbank.ro\/lexikon\/wp-json\/wp\/v2\/product_tag?post=11640"}],"curies":[{"name":"wp","href":"https:\/\/api.w.org\/{rel}","templated":true}]}}