{"id":11641,"date":"2025-06-29T14:00:00","date_gmt":"2025-06-29T12:00:00","guid":{"rendered":"https:\/\/uj.adatbank.ro\/lexikon\/termek\/kemeny-simon-i-magyargyeromonostori\/"},"modified":"2025-06-29T14:00:00","modified_gmt":"2025-06-29T12:00:00","slug":"kemeny-simon-i-magyargyeromonostori","status":"publish","type":"product","link":"https:\/\/uj.adatbank.ro\/lexikon\/termek\/kemeny-simon-i-magyargyeromonostori\/","title":{"rendered":"KEM\u00c9NY Simon, I. magyargyer\u0151monostori"},"content":{"rendered":"<p>1633. dec. 22., \u2020 1675. \u00e1pr. 5., Marosv\u00e9csen temett\u00e9k el: f\u0151isp\u00e1n. \u2013 K. J\u00e1nos (1607\u20131662) fejedelem \u00e9s K\u00e1llay Zsuzsanna (\u2020 1655) fia. Feles\u00e9ge Karathnai Alia M\u00e1ria (\u2020 1660), esk\u00fcv\u0151j\u00fck Bonyha (1654). M\u00e1sodik neje br. Per\u00e9nyi Katalin \/ Kata (\u2020 1693), mint buzg\u00f3 katolikus, \u00e9s a jezsuit\u00e1k p\u00e1rtol\u00f3ja nem csek\u00e9ly befoly\u00e1st gyakorolt csal\u00e1dj\u00e1ra. Gyermekei: M\u00e1ria, II. Kem\u00e9ny Simon (\u2020 1722) \u00e9s okt. 4. temett\u00e9k, J\u00e1nos (1662\u20131701) \u2013 a gr\u00f3fi \u00e1g alap\u00edt\u00f3ja, L\u00e1szl\u00f3 (\u2020 1744). Fiai nyertek b\u00e1r\u00f3s\u00e1got (1698) Udvarhelysz\u00e9k f\u0151kap\u00edt\u00e1nya, Als\u00f3- Feh\u00e9r vm. f\u0151isp\u00e1nja, fogarasi kapit\u00e1ny, apja hal\u00e1l\u00e1ig (1657\u201362). A tat\u00e1rbet\u00f6r\u00e9s h\u00edr\u00e9re Mv.-en Nagy Szab\u00f3 Ferenc h\u00e1z\u00e1ban tan\u00e1cskozott az erd\u00e9lyi f\u0151urakkal \u00e9s a marossz\u00e9ki rendekkel (1658). Fegyveresen kis\u00e9rte V\u00e1s\u00e1rhelyre Bethlen J\u00e1nos, Bethlen Farkas \u00e9s Haller G\u00e1bor f\u0151urakat hogy reverz\u00e1list adjanak Kem\u00e9ny J\u00e1nosnak (1660). Vert hadaival V\u00e1s\u00e1rhelyre vonult vissza (1662) majd apja hal\u00e1la ut\u00e1n B\u00e1nffy D\u00e9nessel \u00e9s t\u00f6bb f\u0151urral Mo.-ra menek\u00fclt, s miut\u00e1n hasztalan v\u00e1rtak az osztr\u00e1k seg\u00edts\u00e9gre, kegyelemre visszat\u00e9rtek Erd\u00e9lybe (1663), k\u00f6z\u00fcgyekkel t\u00f6bb\u00e9 m\u00e1r nem foglalkozott. Visszaszerezte a marosv\u00e9csi v\u00e1rat \u00e9s birtokot. (1663). Az aranyosgerendi kast\u00e9ly \u00e9s uradalom birtokosa. <br \/><strong>Irod.:<\/strong> D\u00e9zsi Lajos : Magyar t\u00f6rt\u00e9neti t\u00e1rgy\u00fa sz\u00e9pirodalom \u2013 Bolyai Farkas : K. S. vagy a hazaszeretet \u00e1ldozata (Bp., 1927); Gudenus; Heltai G\u00e1sp\u00e1r: Magyar kr\u00f3nika (Nagy-Gy\u00f6r, 1789); Id\u0151t\u00e1r 1; Kraus: Erd\u00e9lyi kr\u00f3nika; Kornis; Korunk (2006. 6. sz); M. t\u00f6rt. t\u00e1r 5.; M. t\u00f6rt. t\u00e1r 17., 18; Mo. f\u0151isp\u00e1njai; Maros megyei m. t\u00f6rt. 5.; Mure\u015f, jude\u0163; Nagy Iv\u00e1n; R\u00e1k\u00f3czi Ferenc II eml\u00e9kirata a magyar hadj\u00e1ratr\u00f3l 1703\u20131711 (Gy\u0151r, 861); RMK; Szalay J\u00f3zsef : A magyar nemzet t\u00f6rt\u00e9nelme 2. (Bp., 1895); Tab\u00e9ry G\u00e9za : Eml\u00e9kk\u00f6nyv (Kv., 1930); Teleki J\u00f3zsef: A hunyadiak kora Magyaro.-on (Pest, 1852\u201357); ); Teleki Mih\u00e1ly udvartart\u00e1si napl\u00f3ja (1673\u20131681) (Kv., 2007); Teutsch Friedrich: Geschichte der siebenb\u00fcrger Sachsen (Hermannstadt, 1899); A t\u00f6rt\u00e9nelmi k\u00e9pcsarnok m\u0171t\u00e1rgyainak le\u00edr\u00f3 lajstroma (Bp., 1907); Transilvania; Szekeres Attila Istv\u00e1n: C\u00edmerek a marosv\u00e9csi reform\u00e1tus templomban = Maros megyei m. t\u00f6rt. 5.<\/br><\/p>\n","protected":false},"excerpt":{"rendered":"<p>1633. dec. 22., \u2020 1675. \u00e1pr. 5., Marosv\u00e9csen temett\u00e9k el: f\u0151isp\u00e1n. \u2013 K. J\u00e1nos (1607\u20131662) fejedelem \u00e9s K\u00e1llay Zsuzsanna (\u2020 1655) fia. Feles\u00e9ge Karathnai Alia M\u00e1ria (\u2020 1660), esk\u00fcv\u0151j\u00fck Bonyha (1654). M\u00e1sodik neje br. Per\u00e9nyi Katalin \/ Kata (\u2020 1693), mint buzg\u00f3 katolikus, \u00e9s a jezsuit\u00e1k p\u00e1rtol\u00f3ja nem csek\u00e9ly befoly\u00e1st gyakorolt csal\u00e1dj\u00e1ra. Gyermekei: M\u00e1ria, II. [&hellip;]<\/p>\n","protected":false},"featured_media":0,"comment_status":"open","ping_status":"closed","template":"","meta":[],"product_brand":[],"product_cat":[137],"product_tag":[],"class_list":{"0":"post-11641","1":"product","2":"type-product","3":"status-publish","5":"product_cat-maros-megyei-eletrajzi-lexikon","7":"first","8":"instock","9":"shipping-taxable","10":"product-type-simple"},"_links":{"self":[{"href":"https:\/\/uj.adatbank.ro\/lexikon\/wp-json\/wp\/v2\/product\/11641","targetHints":{"allow":["GET"]}}],"collection":[{"href":"https:\/\/uj.adatbank.ro\/lexikon\/wp-json\/wp\/v2\/product"}],"about":[{"href":"https:\/\/uj.adatbank.ro\/lexikon\/wp-json\/wp\/v2\/types\/product"}],"replies":[{"embeddable":true,"href":"https:\/\/uj.adatbank.ro\/lexikon\/wp-json\/wp\/v2\/comments?post=11641"}],"wp:attachment":[{"href":"https:\/\/uj.adatbank.ro\/lexikon\/wp-json\/wp\/v2\/media?parent=11641"}],"wp:term":[{"taxonomy":"product_brand","embeddable":true,"href":"https:\/\/uj.adatbank.ro\/lexikon\/wp-json\/wp\/v2\/product_brand?post=11641"},{"taxonomy":"product_cat","embeddable":true,"href":"https:\/\/uj.adatbank.ro\/lexikon\/wp-json\/wp\/v2\/product_cat?post=11641"},{"taxonomy":"product_tag","embeddable":true,"href":"https:\/\/uj.adatbank.ro\/lexikon\/wp-json\/wp\/v2\/product_tag?post=11641"}],"curies":[{"name":"wp","href":"https:\/\/api.w.org\/{rel}","templated":true}]}}