{"id":11642,"date":"2025-06-29T14:00:02","date_gmt":"2025-06-29T12:00:02","guid":{"rendered":"https:\/\/uj.adatbank.ro\/lexikon\/termek\/kemeny-simon-iii-m-gyeromonostori-br\/"},"modified":"2025-06-29T14:00:02","modified_gmt":"2025-06-29T12:00:02","slug":"kemeny-simon-iii-m-gyeromonostori-br","status":"publish","type":"product","link":"https:\/\/uj.adatbank.ro\/lexikon\/termek\/kemeny-simon-iii-m-gyeromonostori-br\/","title":{"rendered":"KEM\u00c9NY Simon, III. m. gyer\u0151monostori br."},"content":{"rendered":"<p>1736 k., \u2020 Nagyenyed, 1799. v. 1789. m\u00e1j. 28.: cs. \u00e9s kir. kamar\u00e1s, f\u0151isp\u00e1n. \u2013 K. \u00c1d\u00e1m (\u2020 1753) \u00e9s kisr\u00e9dei Rh\u00e9dey Druzsi\u00e1nna fia. Feles\u00e9ge: 1. gr. Wessel\u00e9nyi Polixenia (1743. j\u00fal. 6. v. szept. 6. \u2013 Kv., 1764. m\u00e1j. 1. vagy 21.), le\u00e1nyuk: Druzsina, br. Rad\u00e1k \u00c1d\u00e1mn\u00e9; 2. feles\u00e9ge 1766-., cegei gr. Wass Kata \/ Katalin (\u2020 1783). Gyermekei: IV. Simon (1774\u20131826), Als\u00f3feh\u00e9r vm. f\u0151isp\u00e1nja, L\u00e1szl\u00f3 (\u2020 1785), J\u00e1nos, feles\u00e9ge homor\u00f3dszentp\u00e1li Szentp\u00e1li \u00c1gnes (1782\u20131802); Zsuzsa B\u00e1nffy J\u00e1nosn\u00e9 (\u2020 1838). \u2013 Cs. k. aranykulcsos komornyik, b. t. t.; Als\u00f3-Feh\u00e9r, Kolozs, Kraszna vm. f\u0151isp\u00e1nja. T\u00e1blai aleln\u00f6k. T\u00e1mogat\u00f3ja a nagyenyedi, mv.-i \u00e9s kv.-i ref. koll. -nak. Kem\u00e9nyen szembesz\u00e1llt II. J\u00f3zsef cs\u00e1sz\u00e1r n\u00e9metes\u00edt\u0151 politik\u00e1j\u00e1val. Harasztoson (1765\u201368) \u00e9s Fels\u0151detrehemben (1768\u201374) szolg\u00e1ltak ferences papok. A marosv\u00e9csi kast\u00e9ly tulajdonosa. Marosv\u00e9csen k\u00f6lts\u00e9g\u00e9n renov\u00e1lr\u00e1k a ref. templomot (1768\u201370), eml\u00e9kt\u00e1bla jelzi. A magyarb\u00fckk\u00f6si \u00e1rk\u00e1dos \u00faj kast\u00e9ly \u00e9p\u00edttet\u0151je. A legid\u0151sebb fia, Simon mell\u00e9 tanul\u00f3t\u00e1rsnak fogadta Bolyai Farkast (1787), aki k\u00f6vette a fi\u00e1t a kv.-i Ref. Koll. -ba, a n\u00e9meto.-i tanulm\u00e1ny\u00fatj\u00e1n a j\u00e9nai, g\u00f6ttingeni egyetemen \u00e9s bar\u00e1ts\u00e1guk megmaradt Simon hal\u00e1l\u00e1ig (1826). Simon \u00e9s J\u00e1nos fi\u00e1t a k\u00fclf\u00f6ldi egyetemi tanulm\u00e1ny\u00fatj\u00e1ra Bodor P\u00e1l is elkis\u00e9rte, felelt el\u0151remenetel\u00fck\u00e9rt. <br \/><strong>Irod.:<\/strong> Bozac-Pavel; B\u00f6jthe Andor: A G\u00f6rg\u00e9nyi ev. ref. egyh\u00e1zmegye t\u00f6rt\u00e9nete [k\u00e9zirat]; Erd\u00e9lyi f\u00e9niks; Gudenus; Gy\u00f6rgy: A ferencrendiek; Kov\u00e1cs Kiss Gy\u00f6ngy: Kult\u00farat\u00e1mogat\u00e1s mint mentalit\u00e1sfaktor b\u00e1r\u00f3 Kem\u00e9ny Simonn\u00e1l (Korunk, 9. sz., 2014); Lev\u00e9lt\u00e1ri gy\u00e1szj.; Maros megye; Maros megyei m. t\u00f6rt. 5.; Ol\u00e1h-G\u00e1l R\u00f3bert: Aki Bolyai Farkast testv\u00e9r\u00e9v\u00e9 fogadta (N\u00fa., Sz\u00ednes Vil\u00e1g, 2010. j\u00fal. 17.; j\u00fal. 24.; j\u00fal. 31.; aug. 7.; aug. 14.; aug. 21.; aug. 28.; szept. 4.); Szekeres Attila Istv\u00e1n: C\u00edmerek a marosv\u00e9csi reform\u00e1tus templomban = Maros megyei t\u00f6rt.<\/br><\/p>\n","protected":false},"excerpt":{"rendered":"<p>1736 k., \u2020 Nagyenyed, 1799. v. 1789. m\u00e1j. 28.: cs. \u00e9s kir. kamar\u00e1s, f\u0151isp\u00e1n. \u2013 K. \u00c1d\u00e1m (\u2020 1753) \u00e9s kisr\u00e9dei Rh\u00e9dey Druzsi\u00e1nna fia. Feles\u00e9ge: 1. gr. Wessel\u00e9nyi Polixenia (1743. j\u00fal. 6. v. szept. 6. \u2013 Kv., 1764. m\u00e1j. 1. vagy 21.), le\u00e1nyuk: Druzsina, br. Rad\u00e1k \u00c1d\u00e1mn\u00e9; 2. feles\u00e9ge 1766-., cegei gr. Wass Kata \/ [&hellip;]<\/p>\n","protected":false},"featured_media":0,"comment_status":"open","ping_status":"closed","template":"","meta":[],"product_brand":[],"product_cat":[137],"product_tag":[],"class_list":{"0":"post-11642","1":"product","2":"type-product","3":"status-publish","5":"product_cat-maros-megyei-eletrajzi-lexikon","7":"first","8":"instock","9":"shipping-taxable","10":"product-type-simple"},"_links":{"self":[{"href":"https:\/\/uj.adatbank.ro\/lexikon\/wp-json\/wp\/v2\/product\/11642","targetHints":{"allow":["GET"]}}],"collection":[{"href":"https:\/\/uj.adatbank.ro\/lexikon\/wp-json\/wp\/v2\/product"}],"about":[{"href":"https:\/\/uj.adatbank.ro\/lexikon\/wp-json\/wp\/v2\/types\/product"}],"replies":[{"embeddable":true,"href":"https:\/\/uj.adatbank.ro\/lexikon\/wp-json\/wp\/v2\/comments?post=11642"}],"wp:attachment":[{"href":"https:\/\/uj.adatbank.ro\/lexikon\/wp-json\/wp\/v2\/media?parent=11642"}],"wp:term":[{"taxonomy":"product_brand","embeddable":true,"href":"https:\/\/uj.adatbank.ro\/lexikon\/wp-json\/wp\/v2\/product_brand?post=11642"},{"taxonomy":"product_cat","embeddable":true,"href":"https:\/\/uj.adatbank.ro\/lexikon\/wp-json\/wp\/v2\/product_cat?post=11642"},{"taxonomy":"product_tag","embeddable":true,"href":"https:\/\/uj.adatbank.ro\/lexikon\/wp-json\/wp\/v2\/product_tag?post=11642"}],"curies":[{"name":"wp","href":"https:\/\/api.w.org\/{rel}","templated":true}]}}