{"id":11643,"date":"2025-06-29T14:00:05","date_gmt":"2025-06-29T12:00:05","guid":{"rendered":"https:\/\/uj.adatbank.ro\/lexikon\/termek\/kemeny-simon-magyargyeromonostori\/"},"modified":"2025-06-29T14:00:05","modified_gmt":"2025-06-29T12:00:05","slug":"kemeny-simon-magyargyeromonostori","status":"publish","type":"product","link":"https:\/\/uj.adatbank.ro\/lexikon\/termek\/kemeny-simon-magyargyeromonostori\/","title":{"rendered":"KEM\u00c9NY Simon, magyargyer\u0151monostori."},"content":{"rendered":"<p>?., \u2020 Marosszentimre, 1442, temetve Als\u00f3g\u00e1ldon: lovas hadnagy. \u2013 A csal\u00e1dalap\u00edt\u00f3 P\u00e9ter testv\u00e9re. \u2013 A Kem\u00e9nyek \u0151s\u00e9nek sz\u00e1m\u00edt. Szentimrei h\u0151s, aki fel\u00e1ldozta \u00e9let\u00e9t, hogy szeretett vez\u00e9r\u00e9t Hunyadi J\u00e1nost megmentse a t\u00f6r\u00f6k\u00f6k bossz\u00faj\u00e1t\u00f3l. A hagyom\u00e1ny szerint a g\u00e1ldi kast\u00e9ly kapuja el\u0151tti k\u00e1polna alatti s\u00edrboltba temett\u00e9k, a br. K. Simon \u00e1ltal kibontott (1780) s\u00edrban csont maradv\u00e1nyokat, fegyvert \u00e9s egy Simonis K. M. Ny. feliratos k\u00f6vet tal\u00e1ltak. <br \/><strong>Irod.:<\/strong> Egyed \u00c1. 2013; Gudenus; K\u0151v\u00e1ry 1892; Ol\u00e1h-G\u00e1l 2013; Paget; Somogyi<\/br><\/p>\n","protected":false},"excerpt":{"rendered":"<p>?., \u2020 Marosszentimre, 1442, temetve Als\u00f3g\u00e1ldon: lovas hadnagy. \u2013 A csal\u00e1dalap\u00edt\u00f3 P\u00e9ter testv\u00e9re. \u2013 A Kem\u00e9nyek \u0151s\u00e9nek sz\u00e1m\u00edt. Szentimrei h\u0151s, aki fel\u00e1ldozta \u00e9let\u00e9t, hogy szeretett vez\u00e9r\u00e9t Hunyadi J\u00e1nost megmentse a t\u00f6r\u00f6k\u00f6k bossz\u00faj\u00e1t\u00f3l. A hagyom\u00e1ny szerint a g\u00e1ldi kast\u00e9ly kapuja el\u0151tti k\u00e1polna alatti s\u00edrboltba temett\u00e9k, a br. K. Simon \u00e1ltal kibontott (1780) s\u00edrban csont maradv\u00e1nyokat, fegyvert [&hellip;]<\/p>\n","protected":false},"featured_media":0,"comment_status":"open","ping_status":"closed","template":"","meta":[],"product_brand":[],"product_cat":[137],"product_tag":[],"class_list":{"0":"post-11643","1":"product","2":"type-product","3":"status-publish","5":"product_cat-maros-megyei-eletrajzi-lexikon","7":"first","8":"instock","9":"shipping-taxable","10":"product-type-simple"},"_links":{"self":[{"href":"https:\/\/uj.adatbank.ro\/lexikon\/wp-json\/wp\/v2\/product\/11643","targetHints":{"allow":["GET"]}}],"collection":[{"href":"https:\/\/uj.adatbank.ro\/lexikon\/wp-json\/wp\/v2\/product"}],"about":[{"href":"https:\/\/uj.adatbank.ro\/lexikon\/wp-json\/wp\/v2\/types\/product"}],"replies":[{"embeddable":true,"href":"https:\/\/uj.adatbank.ro\/lexikon\/wp-json\/wp\/v2\/comments?post=11643"}],"wp:attachment":[{"href":"https:\/\/uj.adatbank.ro\/lexikon\/wp-json\/wp\/v2\/media?parent=11643"}],"wp:term":[{"taxonomy":"product_brand","embeddable":true,"href":"https:\/\/uj.adatbank.ro\/lexikon\/wp-json\/wp\/v2\/product_brand?post=11643"},{"taxonomy":"product_cat","embeddable":true,"href":"https:\/\/uj.adatbank.ro\/lexikon\/wp-json\/wp\/v2\/product_cat?post=11643"},{"taxonomy":"product_tag","embeddable":true,"href":"https:\/\/uj.adatbank.ro\/lexikon\/wp-json\/wp\/v2\/product_tag?post=11643"}],"curies":[{"name":"wp","href":"https:\/\/api.w.org\/{rel}","templated":true}]}}