{"id":11648,"date":"2025-06-29T14:00:14","date_gmt":"2025-06-29T12:00:14","guid":{"rendered":"https:\/\/uj.adatbank.ro\/lexikon\/termek\/kemeny-terezia-kemeny-therezia-magyargyeromonostori-br-br-banffy-mihalyne\/"},"modified":"2025-06-29T14:00:14","modified_gmt":"2025-06-29T12:00:14","slug":"kemeny-terezia-kemeny-therezia-magyargyeromonostori-br-br-banffy-mihalyne","status":"publish","type":"product","link":"https:\/\/uj.adatbank.ro\/lexikon\/termek\/kemeny-terezia-kemeny-therezia-magyargyeromonostori-br-br-banffy-mihalyne\/","title":{"rendered":"KEM\u00c9NY Ter\u00e9zia, Kem\u00e9ny Ther\u00e9zia, magyargyer\u0151monostori br., br. B\u00e1nffy Mih\u00e1lyn\u00e9"},"content":{"rendered":"<p>1739. szept. 26., \u2020 Szil\u00e1gynagyfalu, 1806. \u00e1pr. 28. \u2013 K. L\u00e1szl\u00f3 gubern\u00e1tor \u00e9s gr. Teleki Zsuzs\u00e1nna le\u00e1nya. F\u00e9rje: B\u00e1nffy Mih\u00e1ly (1758\u20131777?). Halotti c\u00edmere a kv.-i Farkas utcai templomban. <br \/><strong>Irod.:<\/strong> Bir\u00f3 J\u00f3zsef. A bonchidai B\u00e1nffy-kast\u00e9ly csal\u00e1di arck\u00e9pei  =  Lyka eml\u00e9kk.; Entz\u2013Kov\u00e1cs; Gy\u00e1szjelent\u0151; Lev\u00e9lt\u00e1ri gy\u00e1szj.<\/br><\/p>\n","protected":false},"excerpt":{"rendered":"<p>1739. szept. 26., \u2020 Szil\u00e1gynagyfalu, 1806. \u00e1pr. 28. \u2013 K. L\u00e1szl\u00f3 gubern\u00e1tor \u00e9s gr. Teleki Zsuzs\u00e1nna le\u00e1nya. F\u00e9rje: B\u00e1nffy Mih\u00e1ly (1758\u20131777?). Halotti c\u00edmere a kv.-i Farkas utcai templomban. Irod.: Bir\u00f3 J\u00f3zsef. A bonchidai B\u00e1nffy-kast\u00e9ly csal\u00e1di arck\u00e9pei = Lyka eml\u00e9kk.; Entz\u2013Kov\u00e1cs; Gy\u00e1szjelent\u0151; Lev\u00e9lt\u00e1ri gy\u00e1szj.<\/p>\n","protected":false},"featured_media":0,"comment_status":"open","ping_status":"closed","template":"","meta":[],"product_brand":[],"product_cat":[137],"product_tag":[],"class_list":{"0":"post-11648","1":"product","2":"type-product","3":"status-publish","5":"product_cat-maros-megyei-eletrajzi-lexikon","7":"first","8":"instock","9":"shipping-taxable","10":"product-type-simple"},"_links":{"self":[{"href":"https:\/\/uj.adatbank.ro\/lexikon\/wp-json\/wp\/v2\/product\/11648","targetHints":{"allow":["GET"]}}],"collection":[{"href":"https:\/\/uj.adatbank.ro\/lexikon\/wp-json\/wp\/v2\/product"}],"about":[{"href":"https:\/\/uj.adatbank.ro\/lexikon\/wp-json\/wp\/v2\/types\/product"}],"replies":[{"embeddable":true,"href":"https:\/\/uj.adatbank.ro\/lexikon\/wp-json\/wp\/v2\/comments?post=11648"}],"wp:attachment":[{"href":"https:\/\/uj.adatbank.ro\/lexikon\/wp-json\/wp\/v2\/media?parent=11648"}],"wp:term":[{"taxonomy":"product_brand","embeddable":true,"href":"https:\/\/uj.adatbank.ro\/lexikon\/wp-json\/wp\/v2\/product_brand?post=11648"},{"taxonomy":"product_cat","embeddable":true,"href":"https:\/\/uj.adatbank.ro\/lexikon\/wp-json\/wp\/v2\/product_cat?post=11648"},{"taxonomy":"product_tag","embeddable":true,"href":"https:\/\/uj.adatbank.ro\/lexikon\/wp-json\/wp\/v2\/product_tag?post=11648"}],"curies":[{"name":"wp","href":"https:\/\/api.w.org\/{rel}","templated":true}]}}