{"id":11652,"date":"2025-06-29T14:00:28","date_gmt":"2025-06-29T12:00:28","guid":{"rendered":"https:\/\/uj.adatbank.ro\/lexikon\/termek\/kemeny-zsuzsanna-magyargyeromonostori-br-banffy-ferencne\/"},"modified":"2025-06-29T14:00:28","modified_gmt":"2025-06-29T12:00:28","slug":"kemeny-zsuzsanna-magyargyeromonostori-br-banffy-ferencne","status":"publish","type":"product","link":"https:\/\/uj.adatbank.ro\/lexikon\/termek\/kemeny-zsuzsanna-magyargyeromonostori-br-banffy-ferencne\/","title":{"rendered":"KEM\u00c9NY Zsuzsanna, magyargyer\u0151monostori br.; B\u00e1nffy Ferencn\u00e9"},"content":{"rendered":"<p>? \u2020 ?. K. J\u00e1nos (1662\u20131701) \u00e9s Teleki Anna (1661\u20131720) le\u00e1nya. F\u00e9rje: B\u00e1nffy Ferenc f\u0151isp\u00e1n. Fia B\u00e1nffy S\u00e1muel (\u2020 Beresztelke 1755. febr. 16) Id\u0151t\u00e1r 2; Koncz; Kr\u00f3n. F\u00fcz. T\u0151ke M\u00e1rton: Kopors\u00f3ig tart\u00f3 em\u00e9szt\u0151 f\u00e1jdalom: Halotti besz\u00e9d fia B\u00e1nffy S\u00e1muel felett (Kv., 1756)<\/br><\/p>\n","protected":false},"excerpt":{"rendered":"<p>? \u2020 ?. K. J\u00e1nos (1662\u20131701) \u00e9s Teleki Anna (1661\u20131720) le\u00e1nya. F\u00e9rje: B\u00e1nffy Ferenc f\u0151isp\u00e1n. Fia B\u00e1nffy S\u00e1muel (\u2020 Beresztelke 1755. febr. 16) Id\u0151t\u00e1r 2; Koncz; Kr\u00f3n. F\u00fcz. T\u0151ke M\u00e1rton: Kopors\u00f3ig tart\u00f3 em\u00e9szt\u0151 f\u00e1jdalom: Halotti besz\u00e9d fia B\u00e1nffy S\u00e1muel felett (Kv., 1756)<\/p>\n","protected":false},"featured_media":0,"comment_status":"open","ping_status":"closed","template":"","meta":[],"product_brand":[],"product_cat":[137],"product_tag":[],"class_list":{"0":"post-11652","1":"product","2":"type-product","3":"status-publish","5":"product_cat-maros-megyei-eletrajzi-lexikon","7":"first","8":"instock","9":"shipping-taxable","10":"product-type-simple"},"_links":{"self":[{"href":"https:\/\/uj.adatbank.ro\/lexikon\/wp-json\/wp\/v2\/product\/11652","targetHints":{"allow":["GET"]}}],"collection":[{"href":"https:\/\/uj.adatbank.ro\/lexikon\/wp-json\/wp\/v2\/product"}],"about":[{"href":"https:\/\/uj.adatbank.ro\/lexikon\/wp-json\/wp\/v2\/types\/product"}],"replies":[{"embeddable":true,"href":"https:\/\/uj.adatbank.ro\/lexikon\/wp-json\/wp\/v2\/comments?post=11652"}],"wp:attachment":[{"href":"https:\/\/uj.adatbank.ro\/lexikon\/wp-json\/wp\/v2\/media?parent=11652"}],"wp:term":[{"taxonomy":"product_brand","embeddable":true,"href":"https:\/\/uj.adatbank.ro\/lexikon\/wp-json\/wp\/v2\/product_brand?post=11652"},{"taxonomy":"product_cat","embeddable":true,"href":"https:\/\/uj.adatbank.ro\/lexikon\/wp-json\/wp\/v2\/product_cat?post=11652"},{"taxonomy":"product_tag","embeddable":true,"href":"https:\/\/uj.adatbank.ro\/lexikon\/wp-json\/wp\/v2\/product_tag?post=11652"}],"curies":[{"name":"wp","href":"https:\/\/api.w.org\/{rel}","templated":true}]}}