{"id":11653,"date":"2025-06-29T14:00:31","date_gmt":"2025-06-29T12:00:31","guid":{"rendered":"https:\/\/uj.adatbank.ro\/lexikon\/termek\/kemenyfy-katinka-e-kemenyfi-katinka\/"},"modified":"2025-06-29T14:00:31","modified_gmt":"2025-06-29T12:00:31","slug":"kemenyfy-katinka-e-kemenyfi-katinka","status":"publish","type":"product","link":"https:\/\/uj.adatbank.ro\/lexikon\/termek\/kemenyfy-katinka-e-kemenyfi-katinka\/","title":{"rendered":"KEM\u00c9NYFY Katinka, E. Kem\u00e9nyfi Katinka"},"content":{"rendered":"<p>Zilah, \u2020 ?: tan\u00edt\u00f3n\u0151. \u2013 Apja: K. J\u00f3zsef \u00e1rvasz\u00e9ki \u00fcln\u00f6k \u00e9s 1848\u201349-es honv\u00e9d \u0151rnagy. Zilahon \u00e9s Kv.-on v\u00e9gezte k\u00f6z\u00e9piskol\u00e1it, Bp.-en rajztan\u00e1ri diplom\u00e1t szerzett (1882) \u00e9s a tan\u00edt\u00f3n\u0151i tank\u00e9pes\u00edt\u0151 vizsg\u00e1t tett (1887). K\u00e9zdiv\u00e1s\u00e1rhely \u00e9s Nagylak ut\u00e1n, r\u00f6vid ideig Kib\u00e9den is tan\u00edtott, de innen t\u00e1voznia kellett mert ellent\u00e9be ker\u00fclt \u0150sz J\u00e1nos tan\u00edt\u00f3val. Cikkeket k\u00f6z\u00f6lte a Csal\u00e1d \u00e9s Iskola a Sz\u00e1kelyf\u00f6ld, a Maros. Az Orsz\u00e1gos K\u00f6zeg\u00e9szs\u00e9gi Egyes\u00fclet p\u00e1ly\u00e1zat\u00e1nak els\u0151 d\u00edj\u00e1t nyerte a Kib\u00e9d vid\u00e9ki sz\u00e9kely k\u00f6zn\u00e9p t\u00e1pl\u00e1lkoz\u00e1sa \u00e9s a t\u00e1pl\u00e1lkoz\u00e1s befoly\u00e1sa a k\u00f6zeg\u00e9szs\u00e9gre c. tanulm\u00e1ny\u00e1val (1900). &#8211; <strong>F. m.:<\/strong> A Kib\u00e9d vid\u00e9ki sz\u00e9kely k\u00f6zn\u00e9p t\u00e1pl\u00e1lkoz\u00e1sa  =  Egyed \u00c1kos 1970 (szerk.). \u2013 Irod: Kib\u00e9d<\/br><\/p>\n","protected":false},"excerpt":{"rendered":"<p>Zilah, \u2020 ?: tan\u00edt\u00f3n\u0151. \u2013 Apja: K. J\u00f3zsef \u00e1rvasz\u00e9ki \u00fcln\u00f6k \u00e9s 1848\u201349-es honv\u00e9d \u0151rnagy. Zilahon \u00e9s Kv.-on v\u00e9gezte k\u00f6z\u00e9piskol\u00e1it, Bp.-en rajztan\u00e1ri diplom\u00e1t szerzett (1882) \u00e9s a tan\u00edt\u00f3n\u0151i tank\u00e9pes\u00edt\u0151 vizsg\u00e1t tett (1887). K\u00e9zdiv\u00e1s\u00e1rhely \u00e9s Nagylak ut\u00e1n, r\u00f6vid ideig Kib\u00e9den is tan\u00edtott, de innen t\u00e1voznia kellett mert ellent\u00e9be ker\u00fclt \u0150sz J\u00e1nos tan\u00edt\u00f3val. Cikkeket k\u00f6z\u00f6lte a Csal\u00e1d \u00e9s [&hellip;]<\/p>\n","protected":false},"featured_media":0,"comment_status":"open","ping_status":"closed","template":"","meta":[],"product_brand":[],"product_cat":[137],"product_tag":[],"class_list":{"0":"post-11653","1":"product","2":"type-product","3":"status-publish","5":"product_cat-maros-megyei-eletrajzi-lexikon","7":"first","8":"instock","9":"shipping-taxable","10":"product-type-simple"},"_links":{"self":[{"href":"https:\/\/uj.adatbank.ro\/lexikon\/wp-json\/wp\/v2\/product\/11653","targetHints":{"allow":["GET"]}}],"collection":[{"href":"https:\/\/uj.adatbank.ro\/lexikon\/wp-json\/wp\/v2\/product"}],"about":[{"href":"https:\/\/uj.adatbank.ro\/lexikon\/wp-json\/wp\/v2\/types\/product"}],"replies":[{"embeddable":true,"href":"https:\/\/uj.adatbank.ro\/lexikon\/wp-json\/wp\/v2\/comments?post=11653"}],"wp:attachment":[{"href":"https:\/\/uj.adatbank.ro\/lexikon\/wp-json\/wp\/v2\/media?parent=11653"}],"wp:term":[{"taxonomy":"product_brand","embeddable":true,"href":"https:\/\/uj.adatbank.ro\/lexikon\/wp-json\/wp\/v2\/product_brand?post=11653"},{"taxonomy":"product_cat","embeddable":true,"href":"https:\/\/uj.adatbank.ro\/lexikon\/wp-json\/wp\/v2\/product_cat?post=11653"},{"taxonomy":"product_tag","embeddable":true,"href":"https:\/\/uj.adatbank.ro\/lexikon\/wp-json\/wp\/v2\/product_tag?post=11653"}],"curies":[{"name":"wp","href":"https:\/\/api.w.org\/{rel}","templated":true}]}}