{"id":11657,"date":"2025-06-29T14:00:38","date_gmt":"2025-06-29T12:00:38","guid":{"rendered":"https:\/\/uj.adatbank.ro\/lexikon\/termek\/kendeffy-adam-%c2%a7-malomvizi-gr\/"},"modified":"2025-06-29T14:00:38","modified_gmt":"2025-06-29T12:00:38","slug":"kendeffy-adam-%c2%a7-malomvizi-gr","status":"publish","type":"product","link":"https:\/\/uj.adatbank.ro\/lexikon\/termek\/kendeffy-adam-%c2%a7-malomvizi-gr\/","title":{"rendered":"KENDEFFY \u00c1d\u00e1m, \u00a7 malomv\u00edzi gr."},"content":{"rendered":"<p>1796., \u2020 Kv., 1834. febr. 3v. 4. 7Cini!.: erd\u00e9lyi politikus, t\u00e1rsadalmi \u00e9s sportvezet\u0151. \u2013 A H\u00e1zsong\u00e1rdi temet\u0151ben van n\u00e9vn\u00e9lk\u00fcli de j\u00f3l ismert s\u00edreml\u00e9ke. Halotti c\u00edmere a kv.-i Farkas utcai templomban. &#8211; K. J\u00e1nos (1769\u20131800) \u00e9s Teleki Polixenia fia. K. Elek unok\u00e1ja. Feles\u00e9ge: 1. branyicskai br. J\u00f3sika R\u00f3za (1793. &#8211; Mv., 1825. m\u00e1rc. 5. A Minorita-templom kript\u00e1j\u00e1ba temett\u00e9k); Gyermekeik: Mikl\u00f3s, S\u00e1muel, Roz\u00e1lia Wessel\u00e9nyi Farkasn\u00e9 (1809\u20131870); 2. gr. Bethlen Borb\u00e1la (1800\u20131880), l\u00e9\u00e1nyuk Katinka (1830\u20131896), Andr\u00e1ssy Gyul\u00e1n\u00e9. \u2013 H\u00e1zitan\u00edt\u00f3ja Lengyel Istv\u00e1n (1804. szept. 8. \u2013), majd Mv. -re k\u00f6lt\u00f6ztek, a Ref, Koll-ban tanult, professzorai voltak Antal J\u00e1nos, Bolyai Farkas \u00e9s K\u00f6teles S\u00e1muel. Tan\u00edt\u00f3ja itt is ir\u00e1ny\u00edtotta tanulm\u00e1nyait (\u20131811). Egy\u00fctt tanulm\u00e1nyoztak botanik\u00e1t, vegytant \u00e9s k\u00f6zgazdas\u00e1got, \u00e9s elkis\u00e9rte B\u00e9csbe is a katonai akad.-ra (1812). Szabadelv\u0171 politikus, Wessel\u00e9nyi Mikl\u00f3s k\u00fczd\u0151t\u00e1rsa a reformorsz\u00e1ggy\u0171l\u00e9seken. Az erd\u00e9lyi magyar v\u00e1ndorpatri\u00f3t\u00e1k egyik vezet\u0151je. Bolyai J\u00e1nos b\u00e9csi tanulm\u00e1nyainak t\u00e1mogat\u00f3ja br. Kem\u00e9ny Mikl\u00f3ssal k\u00f6z\u00f6sen. A sport t\u00f6bb \u00e1g\u00e1t t\u00e1mogatta, mert b\u00e1tor \u00e9s eg\u00e9szs\u00e9ges minden vesz\u00e9llyel szembesz\u00e1llni k\u00e9pes ifj\u00fas\u00e1got akart a j\u00f6v\u0151nek. Maaga is h\u00edres v\u00edv\u00f3 \u00e9s sportl\u00f6v\u0151 volt, bar\u00e1tj\u00e1val Wessel\u00e9nyi Mikl\u00f3ssal h\u00edres lovasok is voltak. Alap\u00edt\u00f3ja a kv.-i v\u00edv\u00f3iskol\u00e1nak \u00e9s a kasz\u00edn\u00f3nak. A mv.-i Kendefyy palot\u00e1t, nagyapja K. Elek kezdte \u00e9p\u00edttetni, nagyanyja Bethlen Krisztina fejeztette be. Ezt a palot\u00e1t elcser\u00e9lte a v\u00e1rosban m\u0171k\u00f6d\u0151 Kir. T\u00e1bla k\u00e9t ingatlan\u00e1val Poklos utc\u00e1ban (Piact\u00e9ren (1826. j\u00fan. 1.). T\u00f6bb mint egy \u00e9vsz\u00e1zadon kereszt\u00fcl a Kir. \u00cdt\u00e9l\u0151t\u00e1bla m\u0171k\u00f6d\u00f6tt ebben a palot\u00e1ban (1827\u20131945), ma az \u00cdt\u00e9l\u0151t\u00e1bla \u00e9p\u00fclete. Az ogy. alatt harmincnyolc\u00e9ves kor\u00e1ban sz\u00edvsz\u00e9lh\u00fcd\u00e9sben halt meg. Ravatal\u00e1n\u00e1l gr. Teleki Domokos b\u00facs\u00faztatta. Az erd\u00e9lyi magyar k\u00f6zv\u00e9lem\u00e9ny a szabadelv\u0171s\u00e9g v\u00e9rtan\u00faj\u00e1t l\u00e1tta benne, b\u00e1r hal\u00e1l\u00e1hoz a politik\u00e1nak nem volt k\u00f6ze. Nyugv\u00f3helye b\u00facs\u00faj\u00e1r\u00f3 helye lett a szabadelv\u0171 halad\u00f3 \u00e1talak\u00edt\u00e1sok erd\u00e9lyi p\u00e1rth\u00edveinek. Impoz\u00e1ns s\u00edreml\u00e9k\u00e9t egy Erd\u00e9lyben \u00e9lt Hess nev\u0171 bajos szobr\u00e1sz k\u00e9sz\u00edtette. &#8211;<br \/><strong>Irod.:<\/strong> Apor \u2013 Ol\u00e1h-G\u00e1l; Bicsok-Orb\u00e1n; Kelemen Lajos 1982, Bolyai-levelek; Entz\u2013Kov\u00e1cs; Gudenus; Gy\u00e1szjelent\u0151; Id\u0151t\u00e1r 1.; Lev\u00e9lt\u00e1ri gy\u00e1szj.; M\u00e1rton B\u00e9la: Nemes lelk\u0171 K. \u00c1. (N\u00fa., Sz\u00ednes Vil\u00e1g, 2011. m\u00e1rc. 12.); Ol\u00e1h-G\u00e1l 2013; Ol\u00e1h-G\u00e1l 2016; Ol\u00e1h-G\u00e1l R\u00f3bert: K. \u00c1. \u00e9s a Bolyaiak (N\u00fa., Sz\u00ednes Vil\u00e1g, 2011. jan. 15.); Ol\u00e1h-G\u00e1l R\u00f3bert: Bolyai Farkas egyik j\u00f3 ember\u00e9r\u0151l, a der\u00e9k Lengyel Istv\u00e1nr\u00f3l (N\u00fa., Sz\u00ednes Vil\u00e1g, 2014. szept. 26.; 2014. okt. 3.); P\u00e1lffy<\/br><\/p>\n","protected":false},"excerpt":{"rendered":"<p>1796., \u2020 Kv., 1834. febr. 3v. 4. 7Cini!.: erd\u00e9lyi politikus, t\u00e1rsadalmi \u00e9s sportvezet\u0151. \u2013 A H\u00e1zsong\u00e1rdi temet\u0151ben van n\u00e9vn\u00e9lk\u00fcli de j\u00f3l ismert s\u00edreml\u00e9ke. Halotti c\u00edmere a kv.-i Farkas utcai templomban. &#8211; K. J\u00e1nos (1769\u20131800) \u00e9s Teleki Polixenia fia. K. Elek unok\u00e1ja. Feles\u00e9ge: 1. branyicskai br. J\u00f3sika R\u00f3za (1793. &#8211; Mv., 1825. m\u00e1rc. 5. A Minorita-templom [&hellip;]<\/p>\n","protected":false},"featured_media":0,"comment_status":"open","ping_status":"closed","template":"","meta":[],"product_brand":[],"product_cat":[137],"product_tag":[],"class_list":{"0":"post-11657","1":"product","2":"type-product","3":"status-publish","5":"product_cat-maros-megyei-eletrajzi-lexikon","7":"first","8":"instock","9":"shipping-taxable","10":"product-type-simple"},"_links":{"self":[{"href":"https:\/\/uj.adatbank.ro\/lexikon\/wp-json\/wp\/v2\/product\/11657","targetHints":{"allow":["GET"]}}],"collection":[{"href":"https:\/\/uj.adatbank.ro\/lexikon\/wp-json\/wp\/v2\/product"}],"about":[{"href":"https:\/\/uj.adatbank.ro\/lexikon\/wp-json\/wp\/v2\/types\/product"}],"replies":[{"embeddable":true,"href":"https:\/\/uj.adatbank.ro\/lexikon\/wp-json\/wp\/v2\/comments?post=11657"}],"wp:attachment":[{"href":"https:\/\/uj.adatbank.ro\/lexikon\/wp-json\/wp\/v2\/media?parent=11657"}],"wp:term":[{"taxonomy":"product_brand","embeddable":true,"href":"https:\/\/uj.adatbank.ro\/lexikon\/wp-json\/wp\/v2\/product_brand?post=11657"},{"taxonomy":"product_cat","embeddable":true,"href":"https:\/\/uj.adatbank.ro\/lexikon\/wp-json\/wp\/v2\/product_cat?post=11657"},{"taxonomy":"product_tag","embeddable":true,"href":"https:\/\/uj.adatbank.ro\/lexikon\/wp-json\/wp\/v2\/product_tag?post=11657"}],"curies":[{"name":"wp","href":"https:\/\/api.w.org\/{rel}","templated":true}]}}