{"id":11658,"date":"2025-06-29T14:00:41","date_gmt":"2025-06-29T12:00:41","guid":{"rendered":"https:\/\/uj.adatbank.ro\/lexikon\/termek\/kendeffy-csalad\/"},"modified":"2025-06-29T14:00:41","modified_gmt":"2025-06-29T12:00:41","slug":"kendeffy-csalad","status":"publish","type":"product","link":"https:\/\/uj.adatbank.ro\/lexikon\/termek\/kendeffy-csalad\/","title":{"rendered":"KENDEFFY csal\u00e1d"},"content":{"rendered":"<p>A H\u00e1tszeg vid\u00e9ki Candea (Ken\u00e9z) csal\u00e1d lesz\u00e1rmazottai. \u0150si birtoka a 14. sz. -t\u00f3l a Hunyad megyei Malomv\u00edz, ahonnan vett\u00e9k el\u0151nev\u0171ket is. A 16 sz. v\u00e9g\u00e9n a falu k\u00f6zpontj\u00e1ban \u00e9p\u00edtett er\u0151d\u00edtett udvarh\u00e1zat \u00e9s udvari k\u00e1poln\u00e1t. Gazdag birtokadom\u00e1nyban r\u00e9szes\u00fcltek Hunyadi J\u00e1nost\u00f3l. Jelent\u0151s k\u00f6z\u00e9leti szerepl\u00e9s\u00fck a fejedelems\u00e9g kor\u00e1nak v\u00e9g\u00e9re \u00e9s az erd\u00e9lyi Habsburg uralom els\u0151 sz\u00e1zad\u00e1ra esik. A csal\u00e1d eredetileg g. keleti vall\u00e1s\u00fa k\u00e9s\u0151bb kapott magyar nemess\u00e9get \u00e9s lett katolikus. Magyar gr. rangot Elek (1740\u20131783) kapott (1762). A k\u00f6znemesi \u00e1gb\u00f3l gr. rangot kapott G\u00e1bor (1875\u20131962). Kast\u00e9lyok, birtokok: \u0150raljaboldigfalva, Kendeffy h\u00e1z Mv. &#8211; \u00e9p\u00fclt (1789), K. Elekn\u00e9 Bethlen Krisztina \u00e9p\u00edttette. Eml\u00e9k\u00e9t az \u00e9p\u00fclet el\u0151csarnok\u00e1ban feliratos m\u00e1rv\u00e1nyt\u00e1bla \u0151rzi. Az \u00e9p\u00fclet a csal\u00e1d t\u00e9li sz\u00e1ll\u00e1sa volt. Unok\u00e1ja K. \u00c1d\u00e1m elcser\u00e9lte az \u00e9p\u00fcletet a Kir. T\u00e1bla k\u00e9t ingatlan\u00e1val. \u00edgy a Kir. It\u00e9l\u0151t\u00e1bla- amely 1754-ben k\u00f6lt\u00f6z\u00f6tt meggyesr\u0151l Mv. -re, elfoglalta \u00faj sz\u00e9khely\u00e9t (1827) \u00e9s ez lett a v\u00e9gleges otthona a II. vh.-ig. <br \/><strong>Irod.:<\/strong> Bicsok-Orb\u00e1n; Entz 1994; Fodor S\u00e1ndor; Fodor S\u00e1ndor: A Kendeffy h\u00e1z (K\u00f6zpont, 2010 j\u00fan 16\u201322), Keresztes 1996; Kiss G\u00e1bor; K\u0151v\u00e1ry 1866, Magyari Hinor; Mv. -Bal\u00e1s Sz\u00e1nt\u00f3 T\u00fcnde: Hunyadi ref. egyh\u00e1zmegye templomai (Sz\u00e9kelyudvarhely, 2010); Szentgy\u00f6rgyi.<\/br><\/p>\n","protected":false},"excerpt":{"rendered":"<p>A H\u00e1tszeg vid\u00e9ki Candea (Ken\u00e9z) csal\u00e1d lesz\u00e1rmazottai. \u0150si birtoka a 14. sz. -t\u00f3l a Hunyad megyei Malomv\u00edz, ahonnan vett\u00e9k el\u0151nev\u0171ket is. A 16 sz. v\u00e9g\u00e9n a falu k\u00f6zpontj\u00e1ban \u00e9p\u00edtett er\u0151d\u00edtett udvarh\u00e1zat \u00e9s udvari k\u00e1poln\u00e1t. Gazdag birtokadom\u00e1nyban r\u00e9szes\u00fcltek Hunyadi J\u00e1nost\u00f3l. Jelent\u0151s k\u00f6z\u00e9leti szerepl\u00e9s\u00fck a fejedelems\u00e9g kor\u00e1nak v\u00e9g\u00e9re \u00e9s az erd\u00e9lyi Habsburg uralom els\u0151 sz\u00e1zad\u00e1ra esik. A [&hellip;]<\/p>\n","protected":false},"featured_media":0,"comment_status":"open","ping_status":"closed","template":"","meta":[],"product_brand":[],"product_cat":[137],"product_tag":[],"class_list":{"0":"post-11658","1":"product","2":"type-product","3":"status-publish","5":"product_cat-maros-megyei-eletrajzi-lexikon","7":"first","8":"instock","9":"shipping-taxable","10":"product-type-simple"},"_links":{"self":[{"href":"https:\/\/uj.adatbank.ro\/lexikon\/wp-json\/wp\/v2\/product\/11658","targetHints":{"allow":["GET"]}}],"collection":[{"href":"https:\/\/uj.adatbank.ro\/lexikon\/wp-json\/wp\/v2\/product"}],"about":[{"href":"https:\/\/uj.adatbank.ro\/lexikon\/wp-json\/wp\/v2\/types\/product"}],"replies":[{"embeddable":true,"href":"https:\/\/uj.adatbank.ro\/lexikon\/wp-json\/wp\/v2\/comments?post=11658"}],"wp:attachment":[{"href":"https:\/\/uj.adatbank.ro\/lexikon\/wp-json\/wp\/v2\/media?parent=11658"}],"wp:term":[{"taxonomy":"product_brand","embeddable":true,"href":"https:\/\/uj.adatbank.ro\/lexikon\/wp-json\/wp\/v2\/product_brand?post=11658"},{"taxonomy":"product_cat","embeddable":true,"href":"https:\/\/uj.adatbank.ro\/lexikon\/wp-json\/wp\/v2\/product_cat?post=11658"},{"taxonomy":"product_tag","embeddable":true,"href":"https:\/\/uj.adatbank.ro\/lexikon\/wp-json\/wp\/v2\/product_tag?post=11658"}],"curies":[{"name":"wp","href":"https:\/\/api.w.org\/{rel}","templated":true}]}}