{"id":11659,"date":"2025-06-29T14:00:42","date_gmt":"2025-06-29T12:00:42","guid":{"rendered":"https:\/\/uj.adatbank.ro\/lexikon\/termek\/kendeffy-elek-kendeffi-elek-malomvizi-gr\/"},"modified":"2025-06-29T14:00:42","modified_gmt":"2025-06-29T12:00:42","slug":"kendeffy-elek-kendeffi-elek-malomvizi-gr","status":"publish","type":"product","link":"https:\/\/uj.adatbank.ro\/lexikon\/termek\/kendeffy-elek-kendeffi-elek-malomvizi-gr\/","title":{"rendered":"KENDEFFY Elek, Kendeffi Elek, malomvizi gr."},"content":{"rendered":"<p>1740., \u2020 Nagyszeben, 1783. j\u00fan.: f\u0151isp\u00e1n, f\u0151korm\u00e1nysz\u00e9ki tan\u00e1csos. \u2013 K. G\u00e1bor \u00e9s br. B\u00e1nffy Zsuzsanna fia. Testv\u00e9re K. R\u00e1chel, V. Colonellus gr. bethleni Bethlen Gergely (\u20201786.?) \u00f6zvegye. Feles\u00e9ge: 1. gr. L\u00e1z\u00e1r Anna (1746\u20131770), 2. bethleni gr. Bethlen Krisztina (1744- Kv., 1807. \u00e1pr. 20. Erd\u0151szentgy\u00f6rgy\u00f6n temett\u00e9k). Esk\u00fcv\u0151 (1771) Gyermekei: 1. feles\u00e9g\u00e9t\u0151l J\u00e1nos (1769\u20131800), kinek fia \u00c1d\u00e1m, 2. feles\u00e9g\u00e9t\u0151l Mikl\u00f3s kinek feles\u00e9ge Nal\u00e1tzi Zsuzsanna, Zsuzs\u00e1nna sz\u00e9ki gr. Teleki Domokosn\u00e9 (1771-S\u00e1rpatak, 1821), Borb\u00e1la Kendeffy J\u00f3zsefn\u00e9, R\u00e1chel Wessel\u00e9nyi J\u00f3zsefn\u00e9 (1780\u20131840), Elek, \u00c1d\u00e1m (\u2020 1834). \u2013 Gy\u00e1mja gyalakuti gr. L\u00e1z\u00e1r J\u00e1nos \u00edr\u00f3 (1703. 1772). Nevel\u0151je d\u00e1lnoki Teleky Mih\u00e1ly (1720\u20131800) \u00fcgyv\u00e9d. A kv.-i ref. koll.-ban tanult (1757). Sv\u00e1jcban, Hollandi\u00e1ban \u00e9s Franciao.-ban tanult. Teleki S\u00e1muellel egyid\u0151ben folytatott k\u00fclf\u00f6ldi tanulm\u00e1nyokat B\u00e1zelben. Hazat\u00e9r\u00e9se ut\u00e1n hunyadi f\u0151isp\u00e1n \u00e9s f\u0151korm\u00e1nysz\u00e9ki tan\u00e1csos. El\u0151bb Hunyad vm f\u0151isp\u00e1nja (1763\u2013), majd korm\u00e1nysz\u00e9ki tan\u00e1csos (1774), az erd\u00e9lyi guberniumban az ad\u00f3\u00fcgyek \u00e9s a tartom\u00e1nyi sz\u00e1mvev\u0151s\u00e9g eln\u00f6ke. Gr\u00f3fi rangot nyert M\u00e1ria Ter\u00e9zi\u00e1t\u00f3l (1764). Mv.-en polg\u00e1ri esk\u00fct tett (1768. dec. 16.). Feles\u00e9ge bethleni gr. Bethlen Krisztina, aki a mv.-i Szentmikl\u00f3s-utcai (ma Bolyai u. 30) barokk st\u00edlus\u00fa \u00e9p\u00fcletet, a csal\u00e1d t\u00e9li sz\u00e1ll\u00e1s\u00e1t, saj\u00e1t k\u00f6lts\u00e9g\u00e9n \u00e9p\u00edttette (1789). K\u00e9s\u0151bb unok\u00e1ja, K. \u00c1d\u00e1m elcser\u00e9lte az erd\u00e9lyi Kir. T\u00e1bla birtok\u00e1ban l\u00e9v\u0151 k\u00e9t f\u0151t\u00e9ri h\u00e1zzal. T\u00f6bb mint egy \u00e9vsz\u00e1zadon kereszt\u00fcl a Kir. \u00cdt\u00e9l\u0151t\u00e1bla m\u0171k\u00f6d\u00f6tt ebben a palot\u00e1ban (1827\u20131945), ma az \u00cdt\u00e9l\u0151t\u00e1bla sz\u00e9kh\u00e1za, Az el\u0151csarnokban eml\u00e9kt\u00e1bl\u00e1t helyeztek el, az \u00e9p\u00fclet \u201eB\u201d kateg\u00f3ri\u00e1ba tartoz\u00f3 m\u0171eml\u00e9k. Erd\u0151szentgy\u00f6rgy\u00f6n kelt meghagy\u00e1s\u00e1val a n\u00e9gy erd\u00e9lyi koll. -nak (k\u00f6zt\u00fck a mv.-inek is) 1000\u20131000 (\u00f6sszesen 4000) mfrtot rendelt (1799). K\u00f6nyvgy\u0171jt\u0151, latin \u00e9s m. k\u00f6ltem\u00e9nyek, filoz\u00f3fiai \u00e9s jogi m\u0171vek szerz\u0151je. Kov\u00e1sznai S\u00e1ndor \u201ekart\u00e1t\u201d \u00edrt a hal\u00e1l\u00e1ra. Halotti c\u00edmere a kv.-i Farkas utcai templomban. Barokk kast\u00e9lyt \u00e9p\u00edtett egy m\u00e1r meglev\u0151 udvarh\u00e1z alapjaira \u0150raljaboldogfalv\u00e1n (1780\u201382), a bej\u00e1rat f\u00f6l\u00f6tt a megrendel\u0151 h\u00e1zasp\u00e1r c\u00edmeres k\u0151t\u00e1bl\u00e1ja \u00e1ll ma is megcsonkitva. Jelenleg sz\u00e1lloda. \u2013 <strong>F. m.:<\/strong> <strong>t\u00e1rssz.:<\/strong> Halotti besz\u00e9dek n\u00e9hai gr. \u00e9s liber b\u00e1r\u00f3 gyalak\u00fati L\u00e1z\u00e1r Imre felett (Nagyszeben, 1761). <br \/><strong>Irod.:<\/strong> Bozac-Pavel; De\u00e9 Nagy Anik\u00f3; Entz\u2013Kov\u00e1cs; Fodor S\u00e1ndor: A Kendeffy-h\u00e1z (K\u00f6zpont, 24. sz., 2010. j\u00fan. 16\u201322); Fodor S\u00e1ndor: Visszakapta r\u00e9gi f\u00e9ny\u00e9t a K. -h\u00e1z (N\u00fa., 1997. jan. 16.); Gudenus; Gy\u00e1szjelent\u0151; Keresztes Gyula: A hajdani Mv. 8.: A v\u00e1ros r\u00e9gi \u00e9p\u00fcletei (N\u00fa., 1995. dec. 9.); Keresztes Gyula: A Kendeffy-h\u00e1z (N\u00fa., 1990. j\u00fan. 15.); Kornis; Kr\u00f3n. F\u00fcz. (1939. 4\/9); Lev\u00e9lt\u00e1ri gy\u00e1szj.; Maros megye; Orb\u00e1n J\u00e1nos: T\u00e1blab\u00edr\u00e1k, f\u0151nemesek, pall\u00e9rok \u00e9s h\u00e1zak: V\u00e1rosk\u00e9p \u00e9s t\u00e1rsadalom v\u00e1ltoz\u00e1sai Mv.-en a Kir\u00e1lyi T\u00e1bla bek\u00f6lt\u00f6z\u00e9se ut\u00e1n [1754] = K\u00f6nyvek \u00e1ltal \u2026; \u201e\u00d6r\u00f6kre elm\u00falt egy kor, j\u00f3v\u00e1tehetetlen, ami t\u00f6rt\u00e9nt\u201d\/ Ol\u00e1h-G\u00e1l Elvira besz\u00e9lget\u00e9se malomv\u00edzi Kendeffy M\u00e1ria gr\u00f3fn\u0151vel (Sz\u00e9kelyf\u00f6ld, 10. sz., 2015); P\u00e1l-Antal 2009; Teleki S\u00e1muel peregrin\u00e1ci\u00f3s napl\u00f3j: Valori mure\u015fene de patrimoniu<\/br><\/p>\n","protected":false},"excerpt":{"rendered":"<p>1740., \u2020 Nagyszeben, 1783. j\u00fan.: f\u0151isp\u00e1n, f\u0151korm\u00e1nysz\u00e9ki tan\u00e1csos. \u2013 K. G\u00e1bor \u00e9s br. B\u00e1nffy Zsuzsanna fia. Testv\u00e9re K. R\u00e1chel, V. Colonellus gr. bethleni Bethlen Gergely (\u20201786.?) \u00f6zvegye. Feles\u00e9ge: 1. gr. L\u00e1z\u00e1r Anna (1746\u20131770), 2. bethleni gr. Bethlen Krisztina (1744- Kv., 1807. \u00e1pr. 20. Erd\u0151szentgy\u00f6rgy\u00f6n temett\u00e9k). Esk\u00fcv\u0151 (1771) Gyermekei: 1. feles\u00e9g\u00e9t\u0151l J\u00e1nos (1769\u20131800), kinek fia \u00c1d\u00e1m, [&hellip;]<\/p>\n","protected":false},"featured_media":0,"comment_status":"open","ping_status":"closed","template":"","meta":[],"product_brand":[],"product_cat":[137],"product_tag":[],"class_list":{"0":"post-11659","1":"product","2":"type-product","3":"status-publish","5":"product_cat-maros-megyei-eletrajzi-lexikon","7":"first","8":"instock","9":"shipping-taxable","10":"product-type-simple"},"_links":{"self":[{"href":"https:\/\/uj.adatbank.ro\/lexikon\/wp-json\/wp\/v2\/product\/11659","targetHints":{"allow":["GET"]}}],"collection":[{"href":"https:\/\/uj.adatbank.ro\/lexikon\/wp-json\/wp\/v2\/product"}],"about":[{"href":"https:\/\/uj.adatbank.ro\/lexikon\/wp-json\/wp\/v2\/types\/product"}],"replies":[{"embeddable":true,"href":"https:\/\/uj.adatbank.ro\/lexikon\/wp-json\/wp\/v2\/comments?post=11659"}],"wp:attachment":[{"href":"https:\/\/uj.adatbank.ro\/lexikon\/wp-json\/wp\/v2\/media?parent=11659"}],"wp:term":[{"taxonomy":"product_brand","embeddable":true,"href":"https:\/\/uj.adatbank.ro\/lexikon\/wp-json\/wp\/v2\/product_brand?post=11659"},{"taxonomy":"product_cat","embeddable":true,"href":"https:\/\/uj.adatbank.ro\/lexikon\/wp-json\/wp\/v2\/product_cat?post=11659"},{"taxonomy":"product_tag","embeddable":true,"href":"https:\/\/uj.adatbank.ro\/lexikon\/wp-json\/wp\/v2\/product_tag?post=11659"}],"curies":[{"name":"wp","href":"https:\/\/api.w.org\/{rel}","templated":true}]}}