{"id":11661,"date":"2025-06-29T14:00:46","date_gmt":"2025-06-29T12:00:46","guid":{"rendered":"https:\/\/uj.adatbank.ro\/lexikon\/termek\/kendeffy-gyula-malomvizi-gr\/"},"modified":"2025-06-29T14:00:46","modified_gmt":"2025-06-29T12:00:46","slug":"kendeffy-gyula-malomvizi-gr","status":"publish","type":"product","link":"https:\/\/uj.adatbank.ro\/lexikon\/termek\/kendeffy-gyula-malomvizi-gr\/","title":{"rendered":"KENDEFFY Gyula, malomvizi, gr."},"content":{"rendered":"<p>? \u2020 ?: f\u00f6ldbirtokos Mez\u0151m\u00e9hesen. \u2013 A mez\u0151m\u00e9hesi ref. templomot a sz\u00fclei eml\u00e9k\u00e9re \u00e9p\u00edtette (1909), birtokot adom\u00e1nyozott a ref. egyh\u00e1znak: Az EMKE alap\u00edt\u00f3 \u00e9s \u00f6r\u00f6k\u00f6s tagja volt (1885. \u00e1pr. 12. \u2013). Kis-K\u00fck\u00fcll\u00fav\u00e1rmegye t\u00f6rv\u00e9nyhat\u00f3s\u00e1ga Dics\u0151szentm\u00e1rtonban. <br \/><strong>Irod.:<\/strong> EMKE120; Maros megye; S\u00e1ndor<\/br><\/p>\n","protected":false},"excerpt":{"rendered":"<p>? \u2020 ?: f\u00f6ldbirtokos Mez\u0151m\u00e9hesen. \u2013 A mez\u0151m\u00e9hesi ref. templomot a sz\u00fclei eml\u00e9k\u00e9re \u00e9p\u00edtette (1909), birtokot adom\u00e1nyozott a ref. egyh\u00e1znak: Az EMKE alap\u00edt\u00f3 \u00e9s \u00f6r\u00f6k\u00f6s tagja volt (1885. \u00e1pr. 12. \u2013). Kis-K\u00fck\u00fcll\u00fav\u00e1rmegye t\u00f6rv\u00e9nyhat\u00f3s\u00e1ga Dics\u0151szentm\u00e1rtonban. Irod.: EMKE120; Maros megye; S\u00e1ndor<\/p>\n","protected":false},"featured_media":0,"comment_status":"open","ping_status":"closed","template":"","meta":[],"product_brand":[],"product_cat":[137],"product_tag":[],"class_list":{"0":"post-11661","1":"product","2":"type-product","3":"status-publish","5":"product_cat-maros-megyei-eletrajzi-lexikon","7":"first","8":"instock","9":"shipping-taxable","10":"product-type-simple"},"_links":{"self":[{"href":"https:\/\/uj.adatbank.ro\/lexikon\/wp-json\/wp\/v2\/product\/11661","targetHints":{"allow":["GET"]}}],"collection":[{"href":"https:\/\/uj.adatbank.ro\/lexikon\/wp-json\/wp\/v2\/product"}],"about":[{"href":"https:\/\/uj.adatbank.ro\/lexikon\/wp-json\/wp\/v2\/types\/product"}],"replies":[{"embeddable":true,"href":"https:\/\/uj.adatbank.ro\/lexikon\/wp-json\/wp\/v2\/comments?post=11661"}],"wp:attachment":[{"href":"https:\/\/uj.adatbank.ro\/lexikon\/wp-json\/wp\/v2\/media?parent=11661"}],"wp:term":[{"taxonomy":"product_brand","embeddable":true,"href":"https:\/\/uj.adatbank.ro\/lexikon\/wp-json\/wp\/v2\/product_brand?post=11661"},{"taxonomy":"product_cat","embeddable":true,"href":"https:\/\/uj.adatbank.ro\/lexikon\/wp-json\/wp\/v2\/product_cat?post=11661"},{"taxonomy":"product_tag","embeddable":true,"href":"https:\/\/uj.adatbank.ro\/lexikon\/wp-json\/wp\/v2\/product_tag?post=11661"}],"curies":[{"name":"wp","href":"https:\/\/api.w.org\/{rel}","templated":true}]}}