{"id":11663,"date":"2025-06-29T14:00:50","date_gmt":"2025-06-29T12:00:50","guid":{"rendered":"https:\/\/uj.adatbank.ro\/lexikon\/termek\/kendeffy-krisztina-malomvizi-gr-kapolnasi-palne\/"},"modified":"2025-06-29T14:00:50","modified_gmt":"2025-06-29T12:00:50","slug":"kendeffy-krisztina-malomvizi-gr-kapolnasi-palne","status":"publish","type":"product","link":"https:\/\/uj.adatbank.ro\/lexikon\/termek\/kendeffy-krisztina-malomvizi-gr-kapolnasi-palne\/","title":{"rendered":"KENDEFFY Krisztina, malomvizi gr. K\u00e1poln\u00e1si P\u00e1ln\u00e9"},"content":{"rendered":"<p>? \u2020 ?: birtokos. \u2013 F\u00e9rje a B\u00e9ldi f\u00e9le mozgalmakban B\u00e9ldi P\u00e1l h\u00edve volt, a mozgalom elfojt\u00e1sakor elmenek\u00fclt, onnan visszat\u00e9rve (1680) h\u0171s\u00e9gesk\u00fct tett. \u0150 \u00e9s feles\u00e9ge egy ez\u00fcst l\u00e1bas aranyozott poharat, a hozz\u00e1tartoz\u00f3 ez\u00fcst t\u00e1llal egy\u00fctt, egy aranyos sz\u00f6vet\u0171 keszken\u0151t, egy v\u00f6r\u00f6s aranycsipk\u00e9s gyolcskeszken\u00f6t \u00e9s egy lengyelorsz\u00e1gi kamuk\u00e1s, b\u00e9csi csipk\u00e9s abroszt aj\u00e1nd\u00e9koztak a maroskereszt\u00fari ref. egyh\u00e1znak (1699). K\u00e9s\u0151bb is gondoskodott az egyh\u00e1zr\u00f3l, hat sing fekete poszt\u00f3t hagyott a sz\u00f3sz\u00e9kre, Kakasdra is adott egy h\u00edmzett abroszt. <br \/><strong>Irod.:<\/strong> K. L. M\u0171v. t\u00f6rt. tan. 1; Sz\u00e9kelykakasd<\/br><\/p>\n","protected":false},"excerpt":{"rendered":"<p>? \u2020 ?: birtokos. \u2013 F\u00e9rje a B\u00e9ldi f\u00e9le mozgalmakban B\u00e9ldi P\u00e1l h\u00edve volt, a mozgalom elfojt\u00e1sakor elmenek\u00fclt, onnan visszat\u00e9rve (1680) h\u0171s\u00e9gesk\u00fct tett. \u0150 \u00e9s feles\u00e9ge egy ez\u00fcst l\u00e1bas aranyozott poharat, a hozz\u00e1tartoz\u00f3 ez\u00fcst t\u00e1llal egy\u00fctt, egy aranyos sz\u00f6vet\u0171 keszken\u0151t, egy v\u00f6r\u00f6s aranycsipk\u00e9s gyolcskeszken\u00f6t \u00e9s egy lengyelorsz\u00e1gi kamuk\u00e1s, b\u00e9csi csipk\u00e9s abroszt aj\u00e1nd\u00e9koztak a maroskereszt\u00fari ref. [&hellip;]<\/p>\n","protected":false},"featured_media":0,"comment_status":"open","ping_status":"closed","template":"","meta":[],"product_brand":[],"product_cat":[137],"product_tag":[],"class_list":{"0":"post-11663","1":"product","2":"type-product","3":"status-publish","5":"product_cat-maros-megyei-eletrajzi-lexikon","7":"first","8":"instock","9":"shipping-taxable","10":"product-type-simple"},"_links":{"self":[{"href":"https:\/\/uj.adatbank.ro\/lexikon\/wp-json\/wp\/v2\/product\/11663","targetHints":{"allow":["GET"]}}],"collection":[{"href":"https:\/\/uj.adatbank.ro\/lexikon\/wp-json\/wp\/v2\/product"}],"about":[{"href":"https:\/\/uj.adatbank.ro\/lexikon\/wp-json\/wp\/v2\/types\/product"}],"replies":[{"embeddable":true,"href":"https:\/\/uj.adatbank.ro\/lexikon\/wp-json\/wp\/v2\/comments?post=11663"}],"wp:attachment":[{"href":"https:\/\/uj.adatbank.ro\/lexikon\/wp-json\/wp\/v2\/media?parent=11663"}],"wp:term":[{"taxonomy":"product_brand","embeddable":true,"href":"https:\/\/uj.adatbank.ro\/lexikon\/wp-json\/wp\/v2\/product_brand?post=11663"},{"taxonomy":"product_cat","embeddable":true,"href":"https:\/\/uj.adatbank.ro\/lexikon\/wp-json\/wp\/v2\/product_cat?post=11663"},{"taxonomy":"product_tag","embeddable":true,"href":"https:\/\/uj.adatbank.ro\/lexikon\/wp-json\/wp\/v2\/product_tag?post=11663"}],"curies":[{"name":"wp","href":"https:\/\/api.w.org\/{rel}","templated":true}]}}