{"id":11666,"date":"2025-06-29T14:00:55","date_gmt":"2025-06-29T12:00:55","guid":{"rendered":"https:\/\/uj.adatbank.ro\/lexikon\/termek\/kendeffy-miklos-gr-kendeffi-miklos\/"},"modified":"2025-06-29T14:00:55","modified_gmt":"2025-06-29T12:00:55","slug":"kendeffy-miklos-gr-kendeffi-miklos","status":"publish","type":"product","link":"https:\/\/uj.adatbank.ro\/lexikon\/termek\/kendeffy-miklos-gr-kendeffi-miklos\/","title":{"rendered":"KENDEFFY Mikl\u00f3s, gr., Kendeffi Mikl\u00f3s"},"content":{"rendered":"<p>? \u2020 ? f\u00f6ldbirtokos. \u2013 Feles\u00e9ge: Vajda Karolina. \u2013 Feles\u00e9ge. \u00f6zv., a nagykendi ref. egyh\u00e1zk\u00f6zs\u00e9gnek egy aranyozott ez\u00fcst pat\u00e9n\u00e1t vagyis keresztel\u0151 t\u00e1ny\u00e9rt (1823) \u00e9s ez\u00fcst talpas t\u00e1lat (1853) aj\u00e1nd\u00e9kozott. <br \/><strong>Irod.:<\/strong> K\u00fck\u00fcll\u0151i Ref. Egyh\u00e1zm. 4. Ezt be\u00edrtam Vajda K. -hoz, innen t\u00f6r\u00f6lni kell!<\/br><\/p>\n","protected":false},"excerpt":{"rendered":"<p>? \u2020 ? f\u00f6ldbirtokos. \u2013 Feles\u00e9ge: Vajda Karolina. \u2013 Feles\u00e9ge. \u00f6zv., a nagykendi ref. egyh\u00e1zk\u00f6zs\u00e9gnek egy aranyozott ez\u00fcst pat\u00e9n\u00e1t vagyis keresztel\u0151 t\u00e1ny\u00e9rt (1823) \u00e9s ez\u00fcst talpas t\u00e1lat (1853) aj\u00e1nd\u00e9kozott. Irod.: K\u00fck\u00fcll\u0151i Ref. Egyh\u00e1zm. 4. Ezt be\u00edrtam Vajda K. -hoz, innen t\u00f6r\u00f6lni kell!<\/p>\n","protected":false},"featured_media":0,"comment_status":"open","ping_status":"closed","template":"","meta":[],"product_brand":[],"product_cat":[137],"product_tag":[],"class_list":{"0":"post-11666","1":"product","2":"type-product","3":"status-publish","5":"product_cat-maros-megyei-eletrajzi-lexikon","7":"first","8":"instock","9":"shipping-taxable","10":"product-type-simple"},"_links":{"self":[{"href":"https:\/\/uj.adatbank.ro\/lexikon\/wp-json\/wp\/v2\/product\/11666","targetHints":{"allow":["GET"]}}],"collection":[{"href":"https:\/\/uj.adatbank.ro\/lexikon\/wp-json\/wp\/v2\/product"}],"about":[{"href":"https:\/\/uj.adatbank.ro\/lexikon\/wp-json\/wp\/v2\/types\/product"}],"replies":[{"embeddable":true,"href":"https:\/\/uj.adatbank.ro\/lexikon\/wp-json\/wp\/v2\/comments?post=11666"}],"wp:attachment":[{"href":"https:\/\/uj.adatbank.ro\/lexikon\/wp-json\/wp\/v2\/media?parent=11666"}],"wp:term":[{"taxonomy":"product_brand","embeddable":true,"href":"https:\/\/uj.adatbank.ro\/lexikon\/wp-json\/wp\/v2\/product_brand?post=11666"},{"taxonomy":"product_cat","embeddable":true,"href":"https:\/\/uj.adatbank.ro\/lexikon\/wp-json\/wp\/v2\/product_cat?post=11666"},{"taxonomy":"product_tag","embeddable":true,"href":"https:\/\/uj.adatbank.ro\/lexikon\/wp-json\/wp\/v2\/product_tag?post=11666"}],"curies":[{"name":"wp","href":"https:\/\/api.w.org\/{rel}","templated":true}]}}