{"id":11668,"date":"2025-06-29T14:00:59","date_gmt":"2025-06-29T12:00:59","guid":{"rendered":"https:\/\/uj.adatbank.ro\/lexikon\/termek\/kendeffy-rachel-malomvizi-gr\/"},"modified":"2025-06-29T14:00:59","modified_gmt":"2025-06-29T12:00:59","slug":"kendeffy-rachel-malomvizi-gr","status":"publish","type":"product","link":"https:\/\/uj.adatbank.ro\/lexikon\/termek\/kendeffy-rachel-malomvizi-gr\/","title":{"rendered":"KENDEFFY R\u00e1chel, malomv\u00edzi gr."},"content":{"rendered":"<p>1737., \u2020 Erd\u0151szentgy\u00f6rgy, 1798. febr. 30. Kv.-on temett\u00e9k. \u2013 k\u00f6nyvgy\u0171jt\u0151. \u2013 K. G\u00e1bor \u00e9s losonci B\u00e1nffy Zsuzsa le\u00e1nya. Testv\u00e9re: K. Elek (1740\u20131783), feles\u00e9ge: Bethlen Krisztina. F\u00e9rje: 1. Teleki Mih\u00e1ly (1731\u201361), esk\u00fcv\u0151 (1752\u2013), 2.: V. Colonellus gr. bethleni Bethlen Gergely (1733\u20131785). esk\u00fcv\u0151 (1764\u2013). \u2013 M. nyelv\u0171 k\u00f6nyveket gy\u0171jt\u00f6tt. C\u00edmeres eml\u00e9kk\u00f6ve az \u0151raljaboldogfalvi ref. templomban. <br \/><strong>Irod.:<\/strong> Bicsok-Orb\u00e1n; De\u00e9 Nagy Anik\u00f3 2001; Keresztes 1998; Kornis, Lev\u00e9lt\u00e1ri gy\u00e1szj.; Lukinich; Nagy Iv\u00e1n; \u201e\u00d6r\u00f6kre elm\u00falt egy kor, j\u00f3v\u00e1tehetetlen, ami t\u00f6rt\u00e9nt\u201d\/ Ol\u00e1h-G\u00e1l Elvira besz\u00e9lget\u00e9se malomv\u00edzi Kendeffy M\u00e1ria gr\u00f3fn\u0151vel (Sz\u00e9kelyf\u00f6ld, 10. sz., 2015)<\/br><\/p>\n","protected":false},"excerpt":{"rendered":"<p>1737., \u2020 Erd\u0151szentgy\u00f6rgy, 1798. febr. 30. Kv.-on temett\u00e9k. \u2013 k\u00f6nyvgy\u0171jt\u0151. \u2013 K. G\u00e1bor \u00e9s losonci B\u00e1nffy Zsuzsa le\u00e1nya. Testv\u00e9re: K. Elek (1740\u20131783), feles\u00e9ge: Bethlen Krisztina. F\u00e9rje: 1. Teleki Mih\u00e1ly (1731\u201361), esk\u00fcv\u0151 (1752\u2013), 2.: V. Colonellus gr. bethleni Bethlen Gergely (1733\u20131785). esk\u00fcv\u0151 (1764\u2013). \u2013 M. nyelv\u0171 k\u00f6nyveket gy\u0171jt\u00f6tt. C\u00edmeres eml\u00e9kk\u00f6ve az \u0151raljaboldogfalvi ref. templomban. Irod.: Bicsok-Orb\u00e1n; [&hellip;]<\/p>\n","protected":false},"featured_media":0,"comment_status":"open","ping_status":"closed","template":"","meta":[],"product_brand":[],"product_cat":[137],"product_tag":[],"class_list":{"0":"post-11668","1":"product","2":"type-product","3":"status-publish","5":"product_cat-maros-megyei-eletrajzi-lexikon","7":"first","8":"instock","9":"shipping-taxable","10":"product-type-simple"},"_links":{"self":[{"href":"https:\/\/uj.adatbank.ro\/lexikon\/wp-json\/wp\/v2\/product\/11668","targetHints":{"allow":["GET"]}}],"collection":[{"href":"https:\/\/uj.adatbank.ro\/lexikon\/wp-json\/wp\/v2\/product"}],"about":[{"href":"https:\/\/uj.adatbank.ro\/lexikon\/wp-json\/wp\/v2\/types\/product"}],"replies":[{"embeddable":true,"href":"https:\/\/uj.adatbank.ro\/lexikon\/wp-json\/wp\/v2\/comments?post=11668"}],"wp:attachment":[{"href":"https:\/\/uj.adatbank.ro\/lexikon\/wp-json\/wp\/v2\/media?parent=11668"}],"wp:term":[{"taxonomy":"product_brand","embeddable":true,"href":"https:\/\/uj.adatbank.ro\/lexikon\/wp-json\/wp\/v2\/product_brand?post=11668"},{"taxonomy":"product_cat","embeddable":true,"href":"https:\/\/uj.adatbank.ro\/lexikon\/wp-json\/wp\/v2\/product_cat?post=11668"},{"taxonomy":"product_tag","embeddable":true,"href":"https:\/\/uj.adatbank.ro\/lexikon\/wp-json\/wp\/v2\/product_tag?post=11668"}],"curies":[{"name":"wp","href":"https:\/\/api.w.org\/{rel}","templated":true}]}}