{"id":11669,"date":"2025-06-29T14:01:02","date_gmt":"2025-06-29T12:01:02","guid":{"rendered":"https:\/\/uj.adatbank.ro\/lexikon\/termek\/kendeffy-rozalia-malomvizi-gr-ugron-sandorne\/"},"modified":"2025-06-29T14:01:02","modified_gmt":"2025-06-29T12:01:02","slug":"kendeffy-rozalia-malomvizi-gr-ugron-sandorne","status":"publish","type":"product","link":"https:\/\/uj.adatbank.ro\/lexikon\/termek\/kendeffy-rozalia-malomvizi-gr-ugron-sandorne\/","title":{"rendered":"KENDEFFY R\u00f3z\u00e1lia, malomv\u00edzi gr., Ugron S\u00e1ndorn\u00e9"},"content":{"rendered":"<p>1836, \u2020 1898: K. Farkas (\u2020 1859) \u00e9s k\u00f6r\u00f6starcsai We\u00e9r R\u00f3za (\u2020 1880) le\u00e1nya. 4 gyermek\u00fck: Mikl\u00f3s (Kv., 1858\u20131899), Ilona (Kv., 1860\u20131893), Istv\u00e1n (Mez\u0151z\u00e1h, 1862\u20131948), Roz\u00e1lia (Mez\u0151z\u00e1h, 1874\u20131953). <br \/><strong>Irod.:<\/strong> Bord\u00e1s Be\u00e1ta: A mez\u0151z\u00e1hi Ugron-kast\u00e9ly \u00e9p\u00edt\u00e9st\u00f6rt\u00e9nete  =  Liber discipulorum; Gudenus; P\u00e1lmay<\/br><\/p>\n","protected":false},"excerpt":{"rendered":"<p>1836, \u2020 1898: K. Farkas (\u2020 1859) \u00e9s k\u00f6r\u00f6starcsai We\u00e9r R\u00f3za (\u2020 1880) le\u00e1nya. 4 gyermek\u00fck: Mikl\u00f3s (Kv., 1858\u20131899), Ilona (Kv., 1860\u20131893), Istv\u00e1n (Mez\u0151z\u00e1h, 1862\u20131948), Roz\u00e1lia (Mez\u0151z\u00e1h, 1874\u20131953). Irod.: Bord\u00e1s Be\u00e1ta: A mez\u0151z\u00e1hi Ugron-kast\u00e9ly \u00e9p\u00edt\u00e9st\u00f6rt\u00e9nete = Liber discipulorum; Gudenus; P\u00e1lmay<\/p>\n","protected":false},"featured_media":0,"comment_status":"open","ping_status":"closed","template":"","meta":[],"product_brand":[],"product_cat":[137],"product_tag":[],"class_list":{"0":"post-11669","1":"product","2":"type-product","3":"status-publish","5":"product_cat-maros-megyei-eletrajzi-lexikon","7":"first","8":"instock","9":"shipping-taxable","10":"product-type-simple"},"_links":{"self":[{"href":"https:\/\/uj.adatbank.ro\/lexikon\/wp-json\/wp\/v2\/product\/11669","targetHints":{"allow":["GET"]}}],"collection":[{"href":"https:\/\/uj.adatbank.ro\/lexikon\/wp-json\/wp\/v2\/product"}],"about":[{"href":"https:\/\/uj.adatbank.ro\/lexikon\/wp-json\/wp\/v2\/types\/product"}],"replies":[{"embeddable":true,"href":"https:\/\/uj.adatbank.ro\/lexikon\/wp-json\/wp\/v2\/comments?post=11669"}],"wp:attachment":[{"href":"https:\/\/uj.adatbank.ro\/lexikon\/wp-json\/wp\/v2\/media?parent=11669"}],"wp:term":[{"taxonomy":"product_brand","embeddable":true,"href":"https:\/\/uj.adatbank.ro\/lexikon\/wp-json\/wp\/v2\/product_brand?post=11669"},{"taxonomy":"product_cat","embeddable":true,"href":"https:\/\/uj.adatbank.ro\/lexikon\/wp-json\/wp\/v2\/product_cat?post=11669"},{"taxonomy":"product_tag","embeddable":true,"href":"https:\/\/uj.adatbank.ro\/lexikon\/wp-json\/wp\/v2\/product_tag?post=11669"}],"curies":[{"name":"wp","href":"https:\/\/api.w.org\/{rel}","templated":true}]}}