{"id":11670,"date":"2025-06-29T14:01:04","date_gmt":"2025-06-29T12:01:04","guid":{"rendered":"https:\/\/uj.adatbank.ro\/lexikon\/termek\/kendeffy-zsuzsanna-malomvizi-gr-teleki-domokosne\/"},"modified":"2025-06-29T14:01:04","modified_gmt":"2025-06-29T12:01:04","slug":"kendeffy-zsuzsanna-malomvizi-gr-teleki-domokosne","status":"publish","type":"product","link":"https:\/\/uj.adatbank.ro\/lexikon\/termek\/kendeffy-zsuzsanna-malomvizi-gr-teleki-domokosne\/","title":{"rendered":"KENDEFFY Zsuzs\u00e1nna, malomvizi gr.; Teleki Domokosn\u00e9"},"content":{"rendered":"<p>1771., \u2020 Mv., 1821. jan. 8. S\u00e1rpatakon temett\u00e9k: f\u00f6ldbirtokos, adom\u00e1nyoz\u00f3. \u2013 K. Elek (1740\u20131783) Hunyad vm. f\u0151isp\u00e1nja \u00e9s bethleni gr. Bethlen Krisztina (1744\u20131807) le\u00e1nya. T. Domokos (\u2020 1824) harmadik feles\u00e9ge. Gyermekeik: Elek, Anna, R\u00e1khel, Polix\u00e9nia, Krisztina Vadasdon a Verescsere erd\u0151t adom\u00e1nyozta az egyh\u00e1znak (1789), F\u00e9rj\u00e9vel a Ref. Koll. -nak 400 rajnai forintot aj\u00e1nlottak fel egy botanikus kert l\u00e9tes\u00edt\u00e9s\u00e9re (1808). Nev\u00e9t eml\u00e9kt\u00e1bla \u00f6r\u00f6k\u00edtette meg a mv.-i Teleki h\u00e1z homlokzat\u00e1n (Bern\u00e1dy t\u00e9r 3). <br \/><strong>Irod.:<\/strong> Fodor S\u00e1ndor: A Teleki- \u00e9s G\u00f6r\u00f6g-h\u00e1zon l\u00e9v\u0151 eml\u00e9kt\u00e1bl\u00e1k (N\u00fa., Sz\u00ednes Vil\u00e1g, 2008. m\u00e1j. 24.); Gudenus; Id\u0151t\u00e1r 1; Keresztes 1998; Lev\u00e9lt\u00e1ri gy\u00e1szj.; Vadasdi kr\u00f3nika<\/br><\/p>\n","protected":false},"excerpt":{"rendered":"<p>1771., \u2020 Mv., 1821. jan. 8. S\u00e1rpatakon temett\u00e9k: f\u00f6ldbirtokos, adom\u00e1nyoz\u00f3. \u2013 K. Elek (1740\u20131783) Hunyad vm. f\u0151isp\u00e1nja \u00e9s bethleni gr. Bethlen Krisztina (1744\u20131807) le\u00e1nya. T. Domokos (\u2020 1824) harmadik feles\u00e9ge. Gyermekeik: Elek, Anna, R\u00e1khel, Polix\u00e9nia, Krisztina Vadasdon a Verescsere erd\u0151t adom\u00e1nyozta az egyh\u00e1znak (1789), F\u00e9rj\u00e9vel a Ref. Koll. -nak 400 rajnai forintot aj\u00e1nlottak fel egy [&hellip;]<\/p>\n","protected":false},"featured_media":0,"comment_status":"open","ping_status":"closed","template":"","meta":[],"product_brand":[],"product_cat":[137],"product_tag":[],"class_list":{"0":"post-11670","1":"product","2":"type-product","3":"status-publish","5":"product_cat-maros-megyei-eletrajzi-lexikon","7":"first","8":"instock","9":"shipping-taxable","10":"product-type-simple"},"_links":{"self":[{"href":"https:\/\/uj.adatbank.ro\/lexikon\/wp-json\/wp\/v2\/product\/11670","targetHints":{"allow":["GET"]}}],"collection":[{"href":"https:\/\/uj.adatbank.ro\/lexikon\/wp-json\/wp\/v2\/product"}],"about":[{"href":"https:\/\/uj.adatbank.ro\/lexikon\/wp-json\/wp\/v2\/types\/product"}],"replies":[{"embeddable":true,"href":"https:\/\/uj.adatbank.ro\/lexikon\/wp-json\/wp\/v2\/comments?post=11670"}],"wp:attachment":[{"href":"https:\/\/uj.adatbank.ro\/lexikon\/wp-json\/wp\/v2\/media?parent=11670"}],"wp:term":[{"taxonomy":"product_brand","embeddable":true,"href":"https:\/\/uj.adatbank.ro\/lexikon\/wp-json\/wp\/v2\/product_brand?post=11670"},{"taxonomy":"product_cat","embeddable":true,"href":"https:\/\/uj.adatbank.ro\/lexikon\/wp-json\/wp\/v2\/product_cat?post=11670"},{"taxonomy":"product_tag","embeddable":true,"href":"https:\/\/uj.adatbank.ro\/lexikon\/wp-json\/wp\/v2\/product_tag?post=11670"}],"curies":[{"name":"wp","href":"https:\/\/api.w.org\/{rel}","templated":true}]}}