{"id":11673,"date":"2025-06-29T14:01:10","date_gmt":"2025-06-29T12:01:10","guid":{"rendered":"https:\/\/uj.adatbank.ro\/lexikon\/termek\/kendi-antal-szarvaskendi\/"},"modified":"2025-06-29T14:01:10","modified_gmt":"2025-06-29T12:01:10","slug":"kendi-antal-szarvaskendi","status":"publish","type":"product","link":"https:\/\/uj.adatbank.ro\/lexikon\/termek\/kendi-antal-szarvaskendi\/","title":{"rendered":"KENDI Antal, szarvaskendi"},"content":{"rendered":"<p>? \u2020 1504 k.: f\u0151\u00far, erd\u00e9lyi alvajda. \u2013 K. J\u00e1nos \u00e9s Gy\u0151rfalvi Kata fia. Feles\u00e9ge 1. cegei Wass Kata, 2. Erd\u00e9lyi Hedvig. Gyermekei: J\u00e1nos (\u2020 1536) Antal (\u2020 1558) Ferenc erd\u00e9lyi vajda, Mih\u00e1ly. <br \/><strong>Irod.:<\/strong> P\u00e1lmay; \u00daM\u00c9L<\/br><\/p>\n","protected":false},"excerpt":{"rendered":"<p>? \u2020 1504 k.: f\u0151\u00far, erd\u00e9lyi alvajda. \u2013 K. J\u00e1nos \u00e9s Gy\u0151rfalvi Kata fia. Feles\u00e9ge 1. cegei Wass Kata, 2. Erd\u00e9lyi Hedvig. Gyermekei: J\u00e1nos (\u2020 1536) Antal (\u2020 1558) Ferenc erd\u00e9lyi vajda, Mih\u00e1ly. Irod.: P\u00e1lmay; \u00daM\u00c9L<\/p>\n","protected":false},"featured_media":0,"comment_status":"open","ping_status":"closed","template":"","meta":[],"product_brand":[],"product_cat":[137],"product_tag":[],"class_list":{"0":"post-11673","1":"product","2":"type-product","3":"status-publish","5":"product_cat-maros-megyei-eletrajzi-lexikon","7":"first","8":"instock","9":"shipping-taxable","10":"product-type-simple"},"_links":{"self":[{"href":"https:\/\/uj.adatbank.ro\/lexikon\/wp-json\/wp\/v2\/product\/11673","targetHints":{"allow":["GET"]}}],"collection":[{"href":"https:\/\/uj.adatbank.ro\/lexikon\/wp-json\/wp\/v2\/product"}],"about":[{"href":"https:\/\/uj.adatbank.ro\/lexikon\/wp-json\/wp\/v2\/types\/product"}],"replies":[{"embeddable":true,"href":"https:\/\/uj.adatbank.ro\/lexikon\/wp-json\/wp\/v2\/comments?post=11673"}],"wp:attachment":[{"href":"https:\/\/uj.adatbank.ro\/lexikon\/wp-json\/wp\/v2\/media?parent=11673"}],"wp:term":[{"taxonomy":"product_brand","embeddable":true,"href":"https:\/\/uj.adatbank.ro\/lexikon\/wp-json\/wp\/v2\/product_brand?post=11673"},{"taxonomy":"product_cat","embeddable":true,"href":"https:\/\/uj.adatbank.ro\/lexikon\/wp-json\/wp\/v2\/product_cat?post=11673"},{"taxonomy":"product_tag","embeddable":true,"href":"https:\/\/uj.adatbank.ro\/lexikon\/wp-json\/wp\/v2\/product_tag?post=11673"}],"curies":[{"name":"wp","href":"https:\/\/api.w.org\/{rel}","templated":true}]}}