{"id":11676,"date":"2025-06-29T14:01:15","date_gmt":"2025-06-29T12:01:15","guid":{"rendered":"https:\/\/uj.adatbank.ro\/lexikon\/termek\/kendi-ferenc-kendy-ferenc-szarvaskendi\/"},"modified":"2025-06-29T14:01:15","modified_gmt":"2025-06-29T12:01:15","slug":"kendi-ferenc-kendy-ferenc-szarvaskendi","status":"publish","type":"product","link":"https:\/\/uj.adatbank.ro\/lexikon\/termek\/kendi-ferenc-kendy-ferenc-szarvaskendi\/","title":{"rendered":"KENDI Ferenc, Kendy Ferenc, szarvaskendi"},"content":{"rendered":"<p>1500 k. \u2020 Gyulafeh\u00e9rv\u00e1r, 1558. szept. 1, meg\u0151lt\u00e9k.: tan\u00e1cs\u00far, cs\u00e1sz\u00e1ri biztos, erd\u00e9lyi vajda. \u2013 Antal (\u2020 1504 k) \u00e9s cegei Wass Kata fia. Feles\u00e9ge: 1. B\u00e1nffy Magdolna (\u2020 1538), 2. L\u00e9vay Kata (\u2020 1551), 3. Homonnai Borb\u00e1la. Gyermekei: Ferenc, Gy\u00f6rgy, G\u00e1bor (\u2020 1594), Antal. \u2013 Kor\u00e1nak legnagyobb tehets\u00e9ge volt. Jelszava: Fata viam inveniunt. Erd\u00e9lyi vajda \u00e9s a sz\u00e9kelyek alisp\u00e1nja (1531\u201333), erd\u00e9lyi vajda (1553\u201355). T\u00e1mogatta a marosfelfalusi ferenceseket kolostoruk \u00fajj\u00e1\u00e9p\u00edt\u00e9s\u00e9ben (1544). Gritti Alajos elfogat\u00e1s\u00e1nak egyik szervez\u0151je (1534). Majl\u00e1th Istv\u00e1nnal egy\u00fctt Szapolyai J\u00e1nos ellen t\u00e1madt, ez\u00e9rt sz\u00e1m\u0171zt\u00e9k, Izabella idej\u00e9ben kegyelmet kapott. Dob\u00f3 Istv\u00e1nnal egy\u00fctt a sz\u00e9kelyek alisp\u00e1nja (1531\u201333), erd\u00e9lyi vajda (1553\u201355). Amikor a sz\u00e9kelyek fegyvert fogtak Martunuzzi Fr\u00e1ter Gy\u00f6rgy hal\u00e1l\u00e1nak megbosszul\u00e1s\u00e1ra \u0151t k\u00fcldte Castaldo V\u00e1s\u00e1rhelyre hogy terv\u00fckr\u0151l lebesz\u00e9lje \u00f6ket (1551); mint erd\u00e9lyi biztos megengedte a v\u00e1s\u00e1rhelyieknek hogy a Maroson malmot \u00e9p\u00edtsenek (1554); mint erd\u00e9lyi vajda it\u00e9l\u0151sz\u00e9ket tartott Dob\u00f3 Istv\u00e1nnal egy\u00fctt V\u00e1s\u00e1rhelyen (1554). Jelenl\u00e9t\u00e9ben ogy. tartottak a mv.-i V\u00e1rtemplomban ahol \u00f6ssze\u00edrt\u00e1k a sz\u00e9kelys\u00e9get illet\u0151 jogszab\u00e1lyokat, kor\u00e1bbi hat\u00e1rozatokat \u00e9s szok\u00e1sjogi norm\u00e1kat 88 artikulusban \u00e9s meg\u00faj\u00edtott\u00e1k a vall\u00e1si t\u00fcrelemre vonatkoz\u00f3 kor\u00e1bbi 1550-es tordai rendelkez\u00e9seket (1555). Vajdaszentiv\u00e1nyon \u00e9s V\u00e9csen is lakott. Izabella kir\u00e1lyn\u00e9 tartoz\u00e1sai fej\u00e9ben, a k\u00f6lcs\u00f6nvett 9000 forintban z\u00e1logjogon a vajdaszentiv\u00e1nyi Kendi Ferenc tan\u00e1csos\u00e1nak \u00e9s J\u00e1nos, Ferenc, Farkas fiainak adta a g\u00f6rg\u00e9nyi v\u00e1rat (1557. j\u00fan. 21.) \u00e9s a hozz\u00e1 tartoz\u00f3 birtokait: G\u00f6rg\u00e9nyszentimre, K\u00e1sva, Hod\u00e1k, Lib\u00e1nfalva, Orsova, Kincses, Als\u00f3- \u00e9s Fels\u0151oroszi, Als\u00f3- \u00e9s Fels\u0151kih\u00e9r, Soroph\u00e1za, Szentmih\u00e1lytelke, Kakuts, Ol\u00e1- \u00e9s Magyarb\u00f6lk\u00e9ny, Ol\u00e1h- \u00e9s Magyartelek, H\u00e9tb\u00fckk, P\u00e9terlaka, K\u00f6rtv\u00e9lyf\u00e1ja, Petele, Radn\u00f3tf\u00e1ja, Nagy- \u00e9s Kisoroszfalu, Szentm\u00e1rton. A v\u00e9csi v\u00e1rat Werb\u0151czy Istv\u00e1n z\u00e1logos\u00edtotta el neki (1533), J\u00e1nos kir\u00e1ly elrendelte a kolozsmonostori konventnek, hogy iktass\u00e1k be K. F. -et \u00e9s fi\u00e1t V\u00e9cs v\u00e1r\u00e1ba (1537. aug. 10.). Meg akarta szerezni a Pat\u00f3csy birtokokat (1554), de Izabella kir\u00e1lyn\u00e9 visszaadta a Habsburgok \u00e1ltal elkobzott javakat a Pat\u00f3csyaknak (1556). A marosv\u00e9csi v\u00e1ron renesz\u00e1nsz \u00e1talak\u00edt\u00e1sokat v\u00e9geztetett (1537 \u00e9s 1555-ben). El\u0151bb Izabell\u00e1t seg\u00edtette, de azut\u00e1n el\u00e9gedetlen volt vele \u00e9s fi\u00e1val \u00e9s a Port\u00e1n\u00e1l bev\u00e1dolta. Izabella ezt megtudva csak alkalomra v\u00e1rt hogy bossz\u00fat \u00e1lljon rajta. Balassa Menyh\u00e1rtot haszn\u00e1lta fel eszk\u00f6z\u00fcl. A feh\u00e9rv\u00e1ri ogy.-en \u00e9jjel r\u00e1t\u00f6rt \u00e9s meg\u00f6lte. K\u00e9s\u0151bb Izabella kir\u00e1lyn\u00e9 pr\u00f3b\u00e1lta menteni mag\u00e1t azzal hogy Kendi \u0151t meg akarta m\u00e9rgezni, de a lelkiismeret- furdal\u00e1st\u00f3l b\u00faskomor lett \u00e9s nemsok\u00e1ra meg is halt. A v\u00e1rat Balass\u00e1nak adom\u00e1nyozta. Fia J\u00e1nos Zsigmond a v\u00e1rat \u00e9s uradalmat, h\u00e9t akkor jobb\u00e1gyig\u00e1ba hajtott marossz\u00e9ki sz\u00e9kely faluval egy\u00fctt Bekes G\u00e1sp\u00e1rnak 25. 000 Ft.-on adta z\u00e1logba (1562). Azut\u00e1n a v\u00e9csi v\u00e1r gyakran cser\u00e9lt gazd\u00e1t. A kast\u00e9ly a parkkal egy\u00fctt \u201eA\u201e kateg\u00f3ri\u00e1j\u00fa m\u0171eml\u00e9k. <br \/><strong>Irod.:<\/strong> Balogh Jol\u00e1n 1943; Bicsok-Orb\u00e1n; Id\u0151t\u00e1r 1; Jakab; Kelemen Lajos 2009; K\u0151v\u00e1ry L\u00e1szl\u00f3 1852; Maros megye; P\u00e1l-Antal 2009; Rh\u00e9deyek \u00e9s Fr\u00e1terek; Sz\u00e9kelys\u00e9g; Sz\u00e9pr\u00e9ti: R\u00e9gi \u00e9s \u00faj vil\u00e1g, Valori mure\u015fene de patrimoniu<\/br><\/p>\n","protected":false},"excerpt":{"rendered":"<p>1500 k. \u2020 Gyulafeh\u00e9rv\u00e1r, 1558. szept. 1, meg\u0151lt\u00e9k.: tan\u00e1cs\u00far, cs\u00e1sz\u00e1ri biztos, erd\u00e9lyi vajda. \u2013 Antal (\u2020 1504 k) \u00e9s cegei Wass Kata fia. Feles\u00e9ge: 1. B\u00e1nffy Magdolna (\u2020 1538), 2. L\u00e9vay Kata (\u2020 1551), 3. Homonnai Borb\u00e1la. Gyermekei: Ferenc, Gy\u00f6rgy, G\u00e1bor (\u2020 1594), Antal. \u2013 Kor\u00e1nak legnagyobb tehets\u00e9ge volt. Jelszava: Fata viam inveniunt. Erd\u00e9lyi vajda [&hellip;]<\/p>\n","protected":false},"featured_media":0,"comment_status":"open","ping_status":"closed","template":"","meta":[],"product_brand":[],"product_cat":[137],"product_tag":[],"class_list":{"0":"post-11676","1":"product","2":"type-product","3":"status-publish","5":"product_cat-maros-megyei-eletrajzi-lexikon","7":"first","8":"instock","9":"shipping-taxable","10":"product-type-simple"},"_links":{"self":[{"href":"https:\/\/uj.adatbank.ro\/lexikon\/wp-json\/wp\/v2\/product\/11676","targetHints":{"allow":["GET"]}}],"collection":[{"href":"https:\/\/uj.adatbank.ro\/lexikon\/wp-json\/wp\/v2\/product"}],"about":[{"href":"https:\/\/uj.adatbank.ro\/lexikon\/wp-json\/wp\/v2\/types\/product"}],"replies":[{"embeddable":true,"href":"https:\/\/uj.adatbank.ro\/lexikon\/wp-json\/wp\/v2\/comments?post=11676"}],"wp:attachment":[{"href":"https:\/\/uj.adatbank.ro\/lexikon\/wp-json\/wp\/v2\/media?parent=11676"}],"wp:term":[{"taxonomy":"product_brand","embeddable":true,"href":"https:\/\/uj.adatbank.ro\/lexikon\/wp-json\/wp\/v2\/product_brand?post=11676"},{"taxonomy":"product_cat","embeddable":true,"href":"https:\/\/uj.adatbank.ro\/lexikon\/wp-json\/wp\/v2\/product_cat?post=11676"},{"taxonomy":"product_tag","embeddable":true,"href":"https:\/\/uj.adatbank.ro\/lexikon\/wp-json\/wp\/v2\/product_tag?post=11676"}],"curies":[{"name":"wp","href":"https:\/\/api.w.org\/{rel}","templated":true}]}}