{"id":11677,"date":"2025-06-29T14:01:17","date_gmt":"2025-06-29T12:01:17","guid":{"rendered":"https:\/\/uj.adatbank.ro\/lexikon\/termek\/kendi-ferenc-szentivani\/"},"modified":"2025-06-29T14:01:17","modified_gmt":"2025-06-29T12:01:17","slug":"kendi-ferenc-szentivani","status":"publish","type":"product","link":"https:\/\/uj.adatbank.ro\/lexikon\/termek\/kendi-ferenc-szentivani\/","title":{"rendered":"KENDI Ferenc, szentiv\u00e1ni"},"content":{"rendered":"<p>? \u2020 Gyalu, 1594. szept. 12- kiv\u00e9gezt\u00e9k.: f\u0151isp\u00e1n, fefedelmi tan\u00e1csos. \u2013 K. Mih\u00e1ly \u00e9s Szilv\u00e1si Zs\u00f3fia v. B\u00e1nfyy Kata fia. S\u00e1ndor testv\u00e9re. K\u00fck\u00fcll\u0151 vm. f\u0151isp\u00e1nja (1576\u201394). Az adom\u00e1nylev\u00e9l alapj\u00e1n birtok\u00e1ban volt a radn\u00f3ti v\u00e1rkast\u00e9ly, ami a kerel\u0151szentp\u00e1li csata ut\u00e1n (1575\u2013) ker\u00fclt a birtok\u00e1ba, Bog\u00e1ti Farkas el\u0151z\u0151 tulajdonos kiv\u00e9gz\u00e9se ut\u00e1n. B\u00e1thory Zsigmond fejedelemt\u0151l kapta adom\u00e1nyk\u00e9nt a radn\u00f3ti v\u00e1rat \u00e9s birtokot (1587). Kiterjesztette a v\u00e1r \u00e9szaki sz\u00e1rny\u00e1t \u00e9s befedette ig\u00e9nyesen szerkesztett boltozattokkal. A hozz\u00e1 tartoz\u00f3 ludasi birtok is a tulajdon\u00e1ba ker\u00fclt. A vajdai it\u00e9l\u0151sz\u00e9k el\u0151tt beiktatt\u00e1k birtokaiba (1591), t\u00f6bbek k\u00f6z\u00f6tt felsorolnak egy eg\u00e9sz birtokot is melynek fel\u00e9t Velenc\u00e9nek m\u00e1sikat Meggyesfalv\u00e1nak h\u00edvnak. Sz\u00e9p\u00edtette a szer\u00e9ny radn\u00f3ti ref. templomot (1593), harangot aj\u00e1nd\u00e9kozott a templomnak (1595). B\u00e1thory Zsigmond az ellene sz\u0151tt mer\u00e9nylet gyan\u0171ja miatt t\u00f6bb m\u00e1s erd\u00e9lyi f\u0151\u00farral egy\u00fctt letart\u00f3ztatta, Gyalu v\u00e1r\u00e1ba hurcoltatta \u00e9s megfolytatta t\u00e1rsaival egy\u00fctt mert Habsburg ellenes t\u00f6r\u00f6kp\u00e1rti volt. Birtokait elkobozta. Ludas \u00edgy ker\u00fclt a Kornisok tulajdon\u00e1ba. <br \/><strong>Irod.:<\/strong> B\u00e1lint Zsigmond 2010; Id\u0151t\u00e1r 1; Kov\u00e1cs Andr\u00e1s; Kov\u00e1cs Andr\u00e1s: A radn\u00f3ti v\u00e1rkast\u00e9ly (Kv., 1994); Mo. f\u0151isp\u00e1njai; Keresztes 1995, Keresztes Gyula: A radn\u00f3ti reform\u00e1tus templom: \u00c9vfordul\u00f3 k\u00fcsz\u00f6b\u00e9n (N\u00fa., 1993. jan. 29.); Nagy L\u00e1szl\u00f3: A rosszh\u00edr\u0171 B\u00e1thoriak(Bp., 1984); P\u00e1lmay; Szekeres A. I.: C\u00edmeres eml\u00e9kek Radn\u00f3ton = P\u00e1l-Antal \u2013 Simon<\/br><\/p>\n","protected":false},"excerpt":{"rendered":"<p>? \u2020 Gyalu, 1594. szept. 12- kiv\u00e9gezt\u00e9k.: f\u0151isp\u00e1n, fefedelmi tan\u00e1csos. \u2013 K. Mih\u00e1ly \u00e9s Szilv\u00e1si Zs\u00f3fia v. B\u00e1nfyy Kata fia. S\u00e1ndor testv\u00e9re. K\u00fck\u00fcll\u0151 vm. f\u0151isp\u00e1nja (1576\u201394). Az adom\u00e1nylev\u00e9l alapj\u00e1n birtok\u00e1ban volt a radn\u00f3ti v\u00e1rkast\u00e9ly, ami a kerel\u0151szentp\u00e1li csata ut\u00e1n (1575\u2013) ker\u00fclt a birtok\u00e1ba, Bog\u00e1ti Farkas el\u0151z\u0151 tulajdonos kiv\u00e9gz\u00e9se ut\u00e1n. B\u00e1thory Zsigmond fejedelemt\u0151l kapta adom\u00e1nyk\u00e9nt a [&hellip;]<\/p>\n","protected":false},"featured_media":0,"comment_status":"open","ping_status":"closed","template":"","meta":[],"product_brand":[],"product_cat":[137],"product_tag":[],"class_list":{"0":"post-11677","1":"product","2":"type-product","3":"status-publish","5":"product_cat-maros-megyei-eletrajzi-lexikon","7":"first","8":"instock","9":"shipping-taxable","10":"product-type-simple"},"_links":{"self":[{"href":"https:\/\/uj.adatbank.ro\/lexikon\/wp-json\/wp\/v2\/product\/11677","targetHints":{"allow":["GET"]}}],"collection":[{"href":"https:\/\/uj.adatbank.ro\/lexikon\/wp-json\/wp\/v2\/product"}],"about":[{"href":"https:\/\/uj.adatbank.ro\/lexikon\/wp-json\/wp\/v2\/types\/product"}],"replies":[{"embeddable":true,"href":"https:\/\/uj.adatbank.ro\/lexikon\/wp-json\/wp\/v2\/comments?post=11677"}],"wp:attachment":[{"href":"https:\/\/uj.adatbank.ro\/lexikon\/wp-json\/wp\/v2\/media?parent=11677"}],"wp:term":[{"taxonomy":"product_brand","embeddable":true,"href":"https:\/\/uj.adatbank.ro\/lexikon\/wp-json\/wp\/v2\/product_brand?post=11677"},{"taxonomy":"product_cat","embeddable":true,"href":"https:\/\/uj.adatbank.ro\/lexikon\/wp-json\/wp\/v2\/product_cat?post=11677"},{"taxonomy":"product_tag","embeddable":true,"href":"https:\/\/uj.adatbank.ro\/lexikon\/wp-json\/wp\/v2\/product_tag?post=11677"}],"curies":[{"name":"wp","href":"https:\/\/api.w.org\/{rel}","templated":true}]}}