{"id":11679,"date":"2025-06-29T14:01:21","date_gmt":"2025-06-29T12:01:21","guid":{"rendered":"https:\/\/uj.adatbank.ro\/lexikon\/termek\/kendi-istvan-kendy-szarvaskendi\/"},"modified":"2025-06-29T14:01:21","modified_gmt":"2025-06-29T12:01:21","slug":"kendi-istvan-kendy-szarvaskendi","status":"publish","type":"product","link":"https:\/\/uj.adatbank.ro\/lexikon\/termek\/kendi-istvan-kendy-szarvaskendi\/","title":{"rendered":"KENDI Istv\u00e1n, Kendy; szarvaskendi"},"content":{"rendered":"<p>? \u2020 1628 k.: f\u0151\u00far, kancell\u00e1r, f\u0151isp\u00e1n. \u2013 S\u00e1ndor (\u2020 1594, lefejezt\u00e9k) fia. Visszakapta apja elkobzott birtokait (1600) \u00edgy Erd\u00e1ly egyik leggazdagabb f\u0151ura lett. Sz\u00e9kely M\u00f3zes (1603), majd Bocskai Istv\u00e1n h\u00edve (1605), a fejedelem hadvez\u00e9re \u00e9s diplomat\u00e1ja, Dob\u00f3ka vm. f\u0151isp\u00e1nja. B\u00e1thori G\u00e1bor kancell\u00e1rja (1608). H\u00e1zass\u00e1ga ut\u00e1n egy darabig Mo.-on \u00e9lt. R\u00e9szt vett a B\u00e1thori G\u00e1bor ellen tervezett \u00f6sszeesk\u00fcv\u00e9sben, sz\u00e9ki udvarh\u00e1z\u00e1ban vend\u00e9g\u00fcl l\u00e1tta a fejedelmet \u00e9s egy orvgyilkossal meg akarta \u00f6letni (1610), ez nem hajtotta v\u00e9gre a mer\u00e9nyletet ehelyett feladta megb\u00edz\u00f3j\u00e1t. A fejedelem bosssz\u00faja el\u0151l Kass\u00e1ra menek\u00fclt. Erd\u00e9lyi birtokait\u00f3l megfosztott\u00e1k, a besztercei ogy n\u00f3t\u00e1ztatta (1610. m\u00e1rc. 25). Mikor Bethlen G\u00e1bor ker\u00fclt a fejedelmi tr\u00f3nra a medgyesi ogy. visszaadta birtokait, a fejedelem tan\u00e1csura lett, de \u0151t is el\u00e1rulta Homonnaival \u00e9s Radu vajd\u00e1val konspir\u00e1lt ellene. Mikor \u00e1rul\u00e1s\u00e1t dokomentumok igazolt\u00e1k, a fejedelem azokat bemutatta az alvinci ogy.-en (1616). T\u00f6bbet nem tudott Erd\u00e9lybe j\u00f6mmi de tov\u00e1bbra is munk\u00e1lkodott Bethlen G\u00e1bor ellen \u00edgy \u00fajb\u00f3l n\u00f3t\u00e1ztatta (1619), elvett birtokait Haller Zsigmond Bels\u0151-Szolnok megye f\u0151isp\u00e1nja kapta, k\u00f6zt\u00fck kilenc falut, h\u00e1rom k\u00fari\u00e1val \u00e9s huszaonhat helyen r\u00e9szj\u00f3sz\u00e1ggal. <br \/><strong>Irod.:<\/strong> Bicsok-Orb\u00e1n; Kelemen Lajos 2009, MNL; Nagy L\u00e1szl\u00f3; \u00daM\u00c9L<\/br><\/p>\n","protected":false},"excerpt":{"rendered":"<p>? \u2020 1628 k.: f\u0151\u00far, kancell\u00e1r, f\u0151isp\u00e1n. \u2013 S\u00e1ndor (\u2020 1594, lefejezt\u00e9k) fia. Visszakapta apja elkobzott birtokait (1600) \u00edgy Erd\u00e1ly egyik leggazdagabb f\u0151ura lett. Sz\u00e9kely M\u00f3zes (1603), majd Bocskai Istv\u00e1n h\u00edve (1605), a fejedelem hadvez\u00e9re \u00e9s diplomat\u00e1ja, Dob\u00f3ka vm. f\u0151isp\u00e1nja. B\u00e1thori G\u00e1bor kancell\u00e1rja (1608). H\u00e1zass\u00e1ga ut\u00e1n egy darabig Mo.-on \u00e9lt. R\u00e9szt vett a B\u00e1thori G\u00e1bor [&hellip;]<\/p>\n","protected":false},"featured_media":0,"comment_status":"open","ping_status":"closed","template":"","meta":[],"product_brand":[],"product_cat":[137],"product_tag":[],"class_list":{"0":"post-11679","1":"product","2":"type-product","3":"status-publish","5":"product_cat-maros-megyei-eletrajzi-lexikon","7":"first","8":"instock","9":"shipping-taxable","10":"product-type-simple"},"_links":{"self":[{"href":"https:\/\/uj.adatbank.ro\/lexikon\/wp-json\/wp\/v2\/product\/11679","targetHints":{"allow":["GET"]}}],"collection":[{"href":"https:\/\/uj.adatbank.ro\/lexikon\/wp-json\/wp\/v2\/product"}],"about":[{"href":"https:\/\/uj.adatbank.ro\/lexikon\/wp-json\/wp\/v2\/types\/product"}],"replies":[{"embeddable":true,"href":"https:\/\/uj.adatbank.ro\/lexikon\/wp-json\/wp\/v2\/comments?post=11679"}],"wp:attachment":[{"href":"https:\/\/uj.adatbank.ro\/lexikon\/wp-json\/wp\/v2\/media?parent=11679"}],"wp:term":[{"taxonomy":"product_brand","embeddable":true,"href":"https:\/\/uj.adatbank.ro\/lexikon\/wp-json\/wp\/v2\/product_brand?post=11679"},{"taxonomy":"product_cat","embeddable":true,"href":"https:\/\/uj.adatbank.ro\/lexikon\/wp-json\/wp\/v2\/product_cat?post=11679"},{"taxonomy":"product_tag","embeddable":true,"href":"https:\/\/uj.adatbank.ro\/lexikon\/wp-json\/wp\/v2\/product_tag?post=11679"}],"curies":[{"name":"wp","href":"https:\/\/api.w.org\/{rel}","templated":true}]}}