{"id":11681,"date":"2025-06-29T14:01:27","date_gmt":"2025-06-29T12:01:27","guid":{"rendered":"https:\/\/uj.adatbank.ro\/lexikon\/termek\/kendi-janos-nagykendi\/"},"modified":"2025-06-29T14:01:27","modified_gmt":"2025-06-29T12:01:27","slug":"kendi-janos-nagykendi","status":"publish","type":"product","link":"https:\/\/uj.adatbank.ro\/lexikon\/termek\/kendi-janos-nagykendi\/","title":{"rendered":"KENDI J\u00e1nos, nagykendi"},"content":{"rendered":"<p>Nagykend, 1661, \u2020 1677 : \u00edt\u00e9l\u0151mester. \u2013 Jobb\u00e1gy sz\u00e1rmaz\u00e1s\u00fa, sz\u00fcleit felszabad\u00edtotta a jobb\u00e1gys\u00e1gb\u00f3l Nagykendr\u0151l Kelementelk\u00e9re k\u00f6lt\u00f6ztette. Feles\u00e9ge: 1. a cs\u00edkfalvi Bak\u00f3 Erzs\u00e9bet; 2. M\u00f3r\u00e9 Zs\u00f3fia ? \u2013 A fejedelmi t\u00e1bla \u00edrnoka (1623, 1632\u201338). II. R\u00e1k\u00f3czi Gy\u00f6gy idej\u00e9ben fel\u00edvelt p\u00e1ly\u00e1ja: Marossz\u00e9k n\u00f3t\u00e1riusa (1656), a fejedelmi t\u00e1bla \u00fcln\u00f6ke, fejedelmi prefektus, az alvinci uradalom prefektusa (1658), Ugron Andr\u00e1s f\u0151p\u00e9nzt\u00e1ros mellett p\u00e9nzt\u00e1ros (1660), Apafi elfogadta h\u0171s\u00e9gesk\u00fcj\u00e9t \u00e9s hal\u00e1l\u00e1ig a fejedelmi t\u00e1bla \u00edt\u00e9l\u0151mestere volt (1661- 1677). Az ogy. \u00e1lland\u00f3 r\u00e9sztvev\u0151je. Birtokokat szerzett K\u00fck\u00fcll\u0151, Torda vm.-ben \u00e9s Marossz\u00e9k ter\u00fclet\u00e9n, megv\u00e1s\u00e1rolta a borosjen\u0151i Szentandr\u00e1si Gy\u00f6rgy z\u00e1gori birtok\u00e1t (1650. \u00e1pr. 5.), k\u00f3r\u00f3di, k\u00f3r\u00f3dszentm\u00e1rtoni, f\u00fcletelki birtokokat, h\u00e1zakat szerzett. A kelementelki udvarh\u00e1z\u00e1ban f\u0151nemesek is megl\u00e1togat\u00e1k. Ut\u00f3dai nem maradtak, a fejedelem Vajda L\u00e1szl\u00f3nak adom\u00e1nyozta a kelementelki, k\u00f3r\u00f3di, k\u00f3rodszentm\u00e1rtoni \u00e9s z\u00e1gori birtok\u00e1t (1678. j\u00fal. 10.). A legjelent\u0151sebb erd\u00e9lyi iskol\u00e1knak alap\u00edtv\u00e1nyokat tett, a mv.-i r\u00e9szes\u00fclt a legnagyobb m\u00e9rt\u00e9kben, az ispot\u00e1lyt \u00e9s a ref. egyh\u00e1zat is t\u00e1mogatta. <br \/><strong>Irod.:<\/strong> Bo\u00e9r Hunor: A Magyar Auton\u00f3m Tartom\u00e1ny M\u00fazeumainak Kollekt\u00edv Tan\u00e1csa (1956\u20131957) = Maros megyei m. 3.; Cs\u00e1ki \u00c1rp\u00e1d: K. J., Apafi Mih\u00e1ly fejedelem \u00edt\u00e9l\u0151mestere (1661\u20131677) = Maros megyei m. 3.<\/br><\/p>\n","protected":false},"excerpt":{"rendered":"<p>Nagykend, 1661, \u2020 1677 : \u00edt\u00e9l\u0151mester. \u2013 Jobb\u00e1gy sz\u00e1rmaz\u00e1s\u00fa, sz\u00fcleit felszabad\u00edtotta a jobb\u00e1gys\u00e1gb\u00f3l Nagykendr\u0151l Kelementelk\u00e9re k\u00f6lt\u00f6ztette. Feles\u00e9ge: 1. a cs\u00edkfalvi Bak\u00f3 Erzs\u00e9bet; 2. M\u00f3r\u00e9 Zs\u00f3fia ? \u2013 A fejedelmi t\u00e1bla \u00edrnoka (1623, 1632\u201338). II. R\u00e1k\u00f3czi Gy\u00f6gy idej\u00e9ben fel\u00edvelt p\u00e1ly\u00e1ja: Marossz\u00e9k n\u00f3t\u00e1riusa (1656), a fejedelmi t\u00e1bla \u00fcln\u00f6ke, fejedelmi prefektus, az alvinci uradalom prefektusa (1658), Ugron Andr\u00e1s [&hellip;]<\/p>\n","protected":false},"featured_media":0,"comment_status":"open","ping_status":"closed","template":"","meta":[],"product_brand":[],"product_cat":[137],"product_tag":[],"class_list":{"0":"post-11681","1":"product","2":"type-product","3":"status-publish","5":"product_cat-maros-megyei-eletrajzi-lexikon","7":"first","8":"instock","9":"shipping-taxable","10":"product-type-simple"},"_links":{"self":[{"href":"https:\/\/uj.adatbank.ro\/lexikon\/wp-json\/wp\/v2\/product\/11681","targetHints":{"allow":["GET"]}}],"collection":[{"href":"https:\/\/uj.adatbank.ro\/lexikon\/wp-json\/wp\/v2\/product"}],"about":[{"href":"https:\/\/uj.adatbank.ro\/lexikon\/wp-json\/wp\/v2\/types\/product"}],"replies":[{"embeddable":true,"href":"https:\/\/uj.adatbank.ro\/lexikon\/wp-json\/wp\/v2\/comments?post=11681"}],"wp:attachment":[{"href":"https:\/\/uj.adatbank.ro\/lexikon\/wp-json\/wp\/v2\/media?parent=11681"}],"wp:term":[{"taxonomy":"product_brand","embeddable":true,"href":"https:\/\/uj.adatbank.ro\/lexikon\/wp-json\/wp\/v2\/product_brand?post=11681"},{"taxonomy":"product_cat","embeddable":true,"href":"https:\/\/uj.adatbank.ro\/lexikon\/wp-json\/wp\/v2\/product_cat?post=11681"},{"taxonomy":"product_tag","embeddable":true,"href":"https:\/\/uj.adatbank.ro\/lexikon\/wp-json\/wp\/v2\/product_tag?post=11681"}],"curies":[{"name":"wp","href":"https:\/\/api.w.org\/{rel}","templated":true}]}}