{"id":11682,"date":"2025-06-29T14:01:28","date_gmt":"2025-06-29T12:01:28","guid":{"rendered":"https:\/\/uj.adatbank.ro\/lexikon\/termek\/kendi-judit-szentivani-haller-istvanne-gr\/"},"modified":"2025-06-29T14:01:28","modified_gmt":"2025-06-29T12:01:28","slug":"kendi-judit-szentivani-haller-istvanne-gr","status":"publish","type":"product","link":"https:\/\/uj.adatbank.ro\/lexikon\/termek\/kendi-judit-szentivani-haller-istvanne-gr\/","title":{"rendered":"KENDI Judit, szentiv\u00e1ni, Haller Istv\u00e1nn\u00e9 gr."},"content":{"rendered":"<p>1589 \u2020 1634. okt. 10.: f\u00f6ldbirtokos. \u2013 Ferenc l\u00e1nya (\u2020 1594). F\u00e9rje Haller Istv\u00e1n (1591\u20131657). Ezzel a h\u00e1zass\u00e1ggal (1610) ker\u00fclt Kerel\u0151szentp\u00e1l a Hallerek birtok\u00e1ba. <br \/><strong>Irod.:<\/strong> Harmath-K\u00e1lm\u00e1n, Nagy Iv\u00e1n<\/br><\/p>\n","protected":false},"excerpt":{"rendered":"<p>1589 \u2020 1634. okt. 10.: f\u00f6ldbirtokos. \u2013 Ferenc l\u00e1nya (\u2020 1594). F\u00e9rje Haller Istv\u00e1n (1591\u20131657). Ezzel a h\u00e1zass\u00e1ggal (1610) ker\u00fclt Kerel\u0151szentp\u00e1l a Hallerek birtok\u00e1ba. Irod.: Harmath-K\u00e1lm\u00e1n, Nagy Iv\u00e1n<\/p>\n","protected":false},"featured_media":0,"comment_status":"open","ping_status":"closed","template":"","meta":[],"product_brand":[],"product_cat":[137],"product_tag":[],"class_list":{"0":"post-11682","1":"product","2":"type-product","3":"status-publish","5":"product_cat-maros-megyei-eletrajzi-lexikon","7":"first","8":"instock","9":"shipping-taxable","10":"product-type-simple"},"_links":{"self":[{"href":"https:\/\/uj.adatbank.ro\/lexikon\/wp-json\/wp\/v2\/product\/11682","targetHints":{"allow":["GET"]}}],"collection":[{"href":"https:\/\/uj.adatbank.ro\/lexikon\/wp-json\/wp\/v2\/product"}],"about":[{"href":"https:\/\/uj.adatbank.ro\/lexikon\/wp-json\/wp\/v2\/types\/product"}],"replies":[{"embeddable":true,"href":"https:\/\/uj.adatbank.ro\/lexikon\/wp-json\/wp\/v2\/comments?post=11682"}],"wp:attachment":[{"href":"https:\/\/uj.adatbank.ro\/lexikon\/wp-json\/wp\/v2\/media?parent=11682"}],"wp:term":[{"taxonomy":"product_brand","embeddable":true,"href":"https:\/\/uj.adatbank.ro\/lexikon\/wp-json\/wp\/v2\/product_brand?post=11682"},{"taxonomy":"product_cat","embeddable":true,"href":"https:\/\/uj.adatbank.ro\/lexikon\/wp-json\/wp\/v2\/product_cat?post=11682"},{"taxonomy":"product_tag","embeddable":true,"href":"https:\/\/uj.adatbank.ro\/lexikon\/wp-json\/wp\/v2\/product_tag?post=11682"}],"curies":[{"name":"wp","href":"https:\/\/api.w.org\/{rel}","templated":true}]}}