{"id":11683,"date":"2025-06-29T14:01:30","date_gmt":"2025-06-29T12:01:30","guid":{"rendered":"https:\/\/uj.adatbank.ro\/lexikon\/termek\/kendi-krisztina-szarvaskendi-kendilonai\/"},"modified":"2025-06-29T14:01:30","modified_gmt":"2025-06-29T12:01:30","slug":"kendi-krisztina-szarvaskendi-kendilonai","status":"publish","type":"product","link":"https:\/\/uj.adatbank.ro\/lexikon\/termek\/kendi-krisztina-szarvaskendi-kendilonai\/","title":{"rendered":"KENDI Krisztina, szarvaskendi, kendil\u00f3nai"},"content":{"rendered":"<p>? \u2020 ?: a l\u00f3nai kast\u00e9ly tulajdonosa. \u2013 K. S\u00e1ndo (\u2020 1594)r \u00e9s Pat\u00f3csi Kl\u00e1ra le\u00e1nya. Testv\u00e9rei: K. Istv\u00e1n \u00e9s Zsuzsanna. F\u00e9rje: 1. Ghiczy P\u00e9ter, 2. Kovacs\u00f3czy Farkas, 3. N\u00e9meth Gergely, 4. hallerk\u0151i Haller Zsigmond (1595\u20131626 u.). Testv\u00e9r\u00e9t\u0151l, K. Zsuzsann\u00e1t\u00f3l, annak v\u00e9grendelete szerint (1602. febr. 17.) ing\u00f3s\u00e1gokat \u00f6r\u00f6k\u00f6ltek Istv\u00e1nnal egy\u00fctt. F\u00e9rje, Haller Zsigmond, Bethlen v\u00e1r\u00e1t, a feh\u00e9regyh\u00e1zi kast\u00e9lyt, udvarh\u00e1zait a hozz\u00e1 tartoz\u00f3 birtokokkal feles\u00e9g\u00e9re hagyta. Bethlen G\u00e1bort\u00f3l adom\u00e1nylevelet kaptak a L\u00f3nai birtokra (1816), amely a Haller csal\u00e1d\u00e9 maradt (\u20131688) majd Teleki birtok lett (1688\u20131935). <br \/><strong>Irod.:<\/strong> Bicsok-Orb\u00e1n; Erd\u00e9lyi testamentumok, 3.; Id\u0151t\u00e1r 1; P\u00e1lmay<\/br><\/p>\n","protected":false},"excerpt":{"rendered":"<p>? \u2020 ?: a l\u00f3nai kast\u00e9ly tulajdonosa. \u2013 K. S\u00e1ndo (\u2020 1594)r \u00e9s Pat\u00f3csi Kl\u00e1ra le\u00e1nya. Testv\u00e9rei: K. Istv\u00e1n \u00e9s Zsuzsanna. F\u00e9rje: 1. Ghiczy P\u00e9ter, 2. Kovacs\u00f3czy Farkas, 3. N\u00e9meth Gergely, 4. hallerk\u0151i Haller Zsigmond (1595\u20131626 u.). Testv\u00e9r\u00e9t\u0151l, K. Zsuzsann\u00e1t\u00f3l, annak v\u00e9grendelete szerint (1602. febr. 17.) ing\u00f3s\u00e1gokat \u00f6r\u00f6k\u00f6ltek Istv\u00e1nnal egy\u00fctt. F\u00e9rje, Haller Zsigmond, Bethlen v\u00e1r\u00e1t, [&hellip;]<\/p>\n","protected":false},"featured_media":0,"comment_status":"open","ping_status":"closed","template":"","meta":[],"product_brand":[],"product_cat":[137],"product_tag":[],"class_list":{"0":"post-11683","1":"product","2":"type-product","3":"status-publish","5":"product_cat-maros-megyei-eletrajzi-lexikon","7":"first","8":"instock","9":"shipping-taxable","10":"product-type-simple"},"_links":{"self":[{"href":"https:\/\/uj.adatbank.ro\/lexikon\/wp-json\/wp\/v2\/product\/11683","targetHints":{"allow":["GET"]}}],"collection":[{"href":"https:\/\/uj.adatbank.ro\/lexikon\/wp-json\/wp\/v2\/product"}],"about":[{"href":"https:\/\/uj.adatbank.ro\/lexikon\/wp-json\/wp\/v2\/types\/product"}],"replies":[{"embeddable":true,"href":"https:\/\/uj.adatbank.ro\/lexikon\/wp-json\/wp\/v2\/comments?post=11683"}],"wp:attachment":[{"href":"https:\/\/uj.adatbank.ro\/lexikon\/wp-json\/wp\/v2\/media?parent=11683"}],"wp:term":[{"taxonomy":"product_brand","embeddable":true,"href":"https:\/\/uj.adatbank.ro\/lexikon\/wp-json\/wp\/v2\/product_brand?post=11683"},{"taxonomy":"product_cat","embeddable":true,"href":"https:\/\/uj.adatbank.ro\/lexikon\/wp-json\/wp\/v2\/product_cat?post=11683"},{"taxonomy":"product_tag","embeddable":true,"href":"https:\/\/uj.adatbank.ro\/lexikon\/wp-json\/wp\/v2\/product_tag?post=11683"}],"curies":[{"name":"wp","href":"https:\/\/api.w.org\/{rel}","templated":true}]}}