{"id":11687,"date":"2025-06-29T14:01:38","date_gmt":"2025-06-29T12:01:38","guid":{"rendered":"https:\/\/uj.adatbank.ro\/lexikon\/termek\/kendi-sandor-szarvaskendi-kendilonai\/"},"modified":"2025-06-29T14:01:38","modified_gmt":"2025-06-29T12:01:38","slug":"kendi-sandor-szarvaskendi-kendilonai","status":"publish","type":"product","link":"https:\/\/uj.adatbank.ro\/lexikon\/termek\/kendi-sandor-szarvaskendi-kendilonai\/","title":{"rendered":"KENDI S\u00e1ndor, szarvaskendi, kendilonai"},"content":{"rendered":"<p>? \u2020 Kv., 1594 aug. 30, kiv\u00e9gezt\u00e9k : f\u00f6ldbirtokos, tan\u00e1csos. \u2013 Mih\u00e1ly \u00e9s Szilv\u00e1si Zs\u00f3fia v. B\u00e1nffy Kata fia. Feles\u00e9ge1. Pat\u00f3csi Kl\u00e1ra, 2. Alm\u00e1di Anna. Gyermekei: Zs\u00f3fia Bog\u00e1thi Menyh\u00e9rtn\u00e9, Zsuzsanna B\u00e1thori Boldizs\u00e1r majd Cs\u00e1ky Istv\u00e1nn\u00e9, Krisztina (n\u00e9gy f\u00e9rjes, Haller Zsigmond az utols\u00f3) Istv\u00e1n kancell\u00e1r. B\u00e1thory Zsigmond tan\u00e1csosa (\u2020 1610). \u00c9lete v\u00e9g\u00e9ig Bels\u0151-Szolnok, Doboka \u00e9s K\u00fck\u00fcll\u0151 vm.-i birtokokon l\u00e9v\u0151 r\u00e9szj\u00f3sz\u00e1gi t\u00edzedeket, F\u00fclp\u00f6s\u00f6n a t\u00edzed fel\u00e9t kapta B\u00e1thory Zsigmondt\u00f3l (1585. m\u00e1rc. 17.). B\u00e1thory Zsigmond az ellene sz\u0151tt mer\u00e9nylet gyan\u00faja miatt t\u00f6bb m\u00e1s erd\u00e9lyi f\u0151\u00farral, k\u00f6zt\u00fck G\u00e1borral testv\u00e9r\u00e9vel egy\u00fctt letart\u00f3ztatta \u00e9s Kv. piac\u00e1n kiv\u00e9geztette. Javait elkoboztatta, azokat fia Istv\u00e1n csak 1600-ban kapota visssza (Radn\u00f3t v\u00e1r\u00e1t is. <br \/><strong>Irod.:<\/strong> Kem\u00e9ny J\u00f3zsef: Erd\u00e9lyorsz\u00e1g t\u00f6rt\u00e9neti t\u00e1ra (Kv., 1837, 1845); Magyarf\u00fclp\u00f6s; MNL; Nagy L\u00e1szl\u00f3; P\u00e1lmay, \u00daM\u00c9L<\/br><\/p>\n","protected":false},"excerpt":{"rendered":"<p>? \u2020 Kv., 1594 aug. 30, kiv\u00e9gezt\u00e9k : f\u00f6ldbirtokos, tan\u00e1csos. \u2013 Mih\u00e1ly \u00e9s Szilv\u00e1si Zs\u00f3fia v. B\u00e1nffy Kata fia. Feles\u00e9ge1. Pat\u00f3csi Kl\u00e1ra, 2. Alm\u00e1di Anna. Gyermekei: Zs\u00f3fia Bog\u00e1thi Menyh\u00e9rtn\u00e9, Zsuzsanna B\u00e1thori Boldizs\u00e1r majd Cs\u00e1ky Istv\u00e1nn\u00e9, Krisztina (n\u00e9gy f\u00e9rjes, Haller Zsigmond az utols\u00f3) Istv\u00e1n kancell\u00e1r. B\u00e1thory Zsigmond tan\u00e1csosa (\u2020 1610). \u00c9lete v\u00e9g\u00e9ig Bels\u0151-Szolnok, Doboka \u00e9s K\u00fck\u00fcll\u0151 [&hellip;]<\/p>\n","protected":false},"featured_media":0,"comment_status":"open","ping_status":"closed","template":"","meta":[],"product_brand":[],"product_cat":[137],"product_tag":[],"class_list":{"0":"post-11687","1":"product","2":"type-product","3":"status-publish","5":"product_cat-maros-megyei-eletrajzi-lexikon","7":"first","8":"instock","9":"shipping-taxable","10":"product-type-simple"},"_links":{"self":[{"href":"https:\/\/uj.adatbank.ro\/lexikon\/wp-json\/wp\/v2\/product\/11687","targetHints":{"allow":["GET"]}}],"collection":[{"href":"https:\/\/uj.adatbank.ro\/lexikon\/wp-json\/wp\/v2\/product"}],"about":[{"href":"https:\/\/uj.adatbank.ro\/lexikon\/wp-json\/wp\/v2\/types\/product"}],"replies":[{"embeddable":true,"href":"https:\/\/uj.adatbank.ro\/lexikon\/wp-json\/wp\/v2\/comments?post=11687"}],"wp:attachment":[{"href":"https:\/\/uj.adatbank.ro\/lexikon\/wp-json\/wp\/v2\/media?parent=11687"}],"wp:term":[{"taxonomy":"product_brand","embeddable":true,"href":"https:\/\/uj.adatbank.ro\/lexikon\/wp-json\/wp\/v2\/product_brand?post=11687"},{"taxonomy":"product_cat","embeddable":true,"href":"https:\/\/uj.adatbank.ro\/lexikon\/wp-json\/wp\/v2\/product_cat?post=11687"},{"taxonomy":"product_tag","embeddable":true,"href":"https:\/\/uj.adatbank.ro\/lexikon\/wp-json\/wp\/v2\/product_tag?post=11687"}],"curies":[{"name":"wp","href":"https:\/\/api.w.org\/{rel}","templated":true}]}}