{"id":11688,"date":"2025-06-29T14:01:39","date_gmt":"2025-06-29T12:01:39","guid":{"rendered":"https:\/\/uj.adatbank.ro\/lexikon\/termek\/kendi-zsofia-szarvaskendi-bogathi-menyhartne\/"},"modified":"2025-06-29T14:01:39","modified_gmt":"2025-06-29T12:01:39","slug":"kendi-zsofia-szarvaskendi-bogathi-menyhartne","status":"publish","type":"product","link":"https:\/\/uj.adatbank.ro\/lexikon\/termek\/kendi-zsofia-szarvaskendi-bogathi-menyhartne\/","title":{"rendered":"KENDI Zs\u00f3fia, szarvaskendi, Bog\u00e1thi Menyh\u00e1rtn\u00e9"},"content":{"rendered":"<p>? \u2020 ?: f\u00f6ldbirtokos. \u2013 K. S\u00e1ndor (\u2020 1594), Bels\u0151-Szolnok vm. f\u0151isp\u00e1nja, kancell\u00e1r (1565) \u00e9s Pat\u00f3csy Kl\u00e1ra v. Alm\u00e1di Anna l\u00e1nya. F\u00e9rje Bog\u00e1thy Menyh\u00e9rt az erd\u00e9lyi hadak f\u0151parancsnoka (1605). \u2013 V\u00e9grendelet\u00e9ben (1598. dec. 20.) a v\u00e1s\u00e1rhelyi ispot\u00e1lynak p\u00e9nzt adom\u00e1nyozott (10. flor). <br \/><strong>Irod.:<\/strong> Erd\u00e9lyi testamentumok 2., Id\u0151t\u00e1r 1,<\/br><\/p>\n","protected":false},"excerpt":{"rendered":"<p>? \u2020 ?: f\u00f6ldbirtokos. \u2013 K. S\u00e1ndor (\u2020 1594), Bels\u0151-Szolnok vm. f\u0151isp\u00e1nja, kancell\u00e1r (1565) \u00e9s Pat\u00f3csy Kl\u00e1ra v. Alm\u00e1di Anna l\u00e1nya. F\u00e9rje Bog\u00e1thy Menyh\u00e9rt az erd\u00e9lyi hadak f\u0151parancsnoka (1605). \u2013 V\u00e9grendelet\u00e9ben (1598. dec. 20.) a v\u00e1s\u00e1rhelyi ispot\u00e1lynak p\u00e9nzt adom\u00e1nyozott (10. flor). Irod.: Erd\u00e9lyi testamentumok 2., Id\u0151t\u00e1r 1,<\/p>\n","protected":false},"featured_media":0,"comment_status":"open","ping_status":"closed","template":"","meta":[],"product_brand":[],"product_cat":[137],"product_tag":[],"class_list":{"0":"post-11688","1":"product","2":"type-product","3":"status-publish","5":"product_cat-maros-megyei-eletrajzi-lexikon","7":"first","8":"instock","9":"shipping-taxable","10":"product-type-simple"},"_links":{"self":[{"href":"https:\/\/uj.adatbank.ro\/lexikon\/wp-json\/wp\/v2\/product\/11688","targetHints":{"allow":["GET"]}}],"collection":[{"href":"https:\/\/uj.adatbank.ro\/lexikon\/wp-json\/wp\/v2\/product"}],"about":[{"href":"https:\/\/uj.adatbank.ro\/lexikon\/wp-json\/wp\/v2\/types\/product"}],"replies":[{"embeddable":true,"href":"https:\/\/uj.adatbank.ro\/lexikon\/wp-json\/wp\/v2\/comments?post=11688"}],"wp:attachment":[{"href":"https:\/\/uj.adatbank.ro\/lexikon\/wp-json\/wp\/v2\/media?parent=11688"}],"wp:term":[{"taxonomy":"product_brand","embeddable":true,"href":"https:\/\/uj.adatbank.ro\/lexikon\/wp-json\/wp\/v2\/product_brand?post=11688"},{"taxonomy":"product_cat","embeddable":true,"href":"https:\/\/uj.adatbank.ro\/lexikon\/wp-json\/wp\/v2\/product_cat?post=11688"},{"taxonomy":"product_tag","embeddable":true,"href":"https:\/\/uj.adatbank.ro\/lexikon\/wp-json\/wp\/v2\/product_tag?post=11688"}],"curies":[{"name":"wp","href":"https:\/\/api.w.org\/{rel}","templated":true}]}}