{"id":11690,"date":"2025-06-29T14:01:44","date_gmt":"2025-06-29T12:01:44","guid":{"rendered":"https:\/\/uj.adatbank.ro\/lexikon\/termek\/kendlinger-jakabus\/"},"modified":"2025-06-29T14:01:44","modified_gmt":"2025-06-29T12:01:44","slug":"kendlinger-jakabus","status":"publish","type":"product","link":"https:\/\/uj.adatbank.ro\/lexikon\/termek\/kendlinger-jakabus\/","title":{"rendered":"KENDLINGER Jakabus"},"content":{"rendered":"<p>? \u2020 ?: fest\u0151. \u2013 A segesv\u00e1ri Szent Mikl\u00f3s hegyi templom, Bergkirche, n\u00e9h\u00e1ny falfestm\u00e9ny\u00e9nek alkot\u00f3ja: Szent Ferenc legend\u00e1i, J\u00e9zus szenved\u00e9s\u00e9nek sorozata (1483 \u2013 1484. k\u00f6r\u00fcl.). k\u00e9sz\u00fclt. a k\u00e9s\u0151 g\u00f3tikus festm\u00e9ny. <br \/><strong>Irod.:<\/strong> L\u00e9sty\u00e1n \u2013 templomok 2.; Firea\u2013Pop<\/br><\/p>\n","protected":false},"excerpt":{"rendered":"<p>? \u2020 ?: fest\u0151. \u2013 A segesv\u00e1ri Szent Mikl\u00f3s hegyi templom, Bergkirche, n\u00e9h\u00e1ny falfestm\u00e9ny\u00e9nek alkot\u00f3ja: Szent Ferenc legend\u00e1i, J\u00e9zus szenved\u00e9s\u00e9nek sorozata (1483 \u2013 1484. k\u00f6r\u00fcl.). k\u00e9sz\u00fclt. a k\u00e9s\u0151 g\u00f3tikus festm\u00e9ny. Irod.: L\u00e9sty\u00e1n \u2013 templomok 2.; Firea\u2013Pop<\/p>\n","protected":false},"featured_media":0,"comment_status":"open","ping_status":"closed","template":"","meta":[],"product_brand":[],"product_cat":[137],"product_tag":[],"class_list":{"0":"post-11690","1":"product","2":"type-product","3":"status-publish","5":"product_cat-maros-megyei-eletrajzi-lexikon","7":"first","8":"instock","9":"shipping-taxable","10":"product-type-simple"},"_links":{"self":[{"href":"https:\/\/uj.adatbank.ro\/lexikon\/wp-json\/wp\/v2\/product\/11690","targetHints":{"allow":["GET"]}}],"collection":[{"href":"https:\/\/uj.adatbank.ro\/lexikon\/wp-json\/wp\/v2\/product"}],"about":[{"href":"https:\/\/uj.adatbank.ro\/lexikon\/wp-json\/wp\/v2\/types\/product"}],"replies":[{"embeddable":true,"href":"https:\/\/uj.adatbank.ro\/lexikon\/wp-json\/wp\/v2\/comments?post=11690"}],"wp:attachment":[{"href":"https:\/\/uj.adatbank.ro\/lexikon\/wp-json\/wp\/v2\/media?parent=11690"}],"wp:term":[{"taxonomy":"product_brand","embeddable":true,"href":"https:\/\/uj.adatbank.ro\/lexikon\/wp-json\/wp\/v2\/product_brand?post=11690"},{"taxonomy":"product_cat","embeddable":true,"href":"https:\/\/uj.adatbank.ro\/lexikon\/wp-json\/wp\/v2\/product_cat?post=11690"},{"taxonomy":"product_tag","embeddable":true,"href":"https:\/\/uj.adatbank.ro\/lexikon\/wp-json\/wp\/v2\/product_tag?post=11690"}],"curies":[{"name":"wp","href":"https:\/\/api.w.org\/{rel}","templated":true}]}}