{"id":11693,"date":"2025-06-29T14:01:50","date_gmt":"2025-06-29T12:01:50","guid":{"rendered":"https:\/\/uj.adatbank.ro\/lexikon\/termek\/kenessey-kenessei\/"},"modified":"2025-06-29T14:01:50","modified_gmt":"2025-06-29T12:01:50","slug":"kenessey-kenessei","status":"publish","type":"product","link":"https:\/\/uj.adatbank.ro\/lexikon\/termek\/kenessey-kenessei\/","title":{"rendered":"KENESSEY, kenessei"},"content":{"rendered":"<p>kiterjedt csal\u00e1d, a moh\u00e1csi v\u00e9sz ut\u00e1n menek\u00fclt Erd\u00e9lybe, majd K. Istv\u00e1n feles\u00e9ge \u00e9s fia Teleki Mih\u00e1ly seg\u00edts\u00e9g\u00e9vel telepszik le \u00e9s a nemess\u00e9g\u00fcket \u00fajra meger\u0151s\u00edtett\u00e9k (1626). K. B\u00e9la (1858\u20131918) p\u00fcsp\u00f6k, a ref. teol\u00f3gia igazgat\u00f3ja volt Kv., K. Mikl\u00f3s magyar kir. Honv\u00e9d husz\u00e1rhadnagy Mv.-en. <br \/><strong>Irod.:<\/strong> Entz\u2013Kov\u00e1cs P\u00e1lmay<\/br><\/p>\n","protected":false},"excerpt":{"rendered":"<p>kiterjedt csal\u00e1d, a moh\u00e1csi v\u00e9sz ut\u00e1n menek\u00fclt Erd\u00e9lybe, majd K. Istv\u00e1n feles\u00e9ge \u00e9s fia Teleki Mih\u00e1ly seg\u00edts\u00e9g\u00e9vel telepszik le \u00e9s a nemess\u00e9g\u00fcket \u00fajra meger\u0151s\u00edtett\u00e9k (1626). K. B\u00e9la (1858\u20131918) p\u00fcsp\u00f6k, a ref. teol\u00f3gia igazgat\u00f3ja volt Kv., K. Mikl\u00f3s magyar kir. Honv\u00e9d husz\u00e1rhadnagy Mv.-en. Irod.: Entz\u2013Kov\u00e1cs P\u00e1lmay<\/p>\n","protected":false},"featured_media":0,"comment_status":"open","ping_status":"closed","template":"","meta":[],"product_brand":[],"product_cat":[137],"product_tag":[],"class_list":{"0":"post-11693","1":"product","2":"type-product","3":"status-publish","5":"product_cat-maros-megyei-eletrajzi-lexikon","7":"first","8":"instock","9":"shipping-taxable","10":"product-type-simple"},"_links":{"self":[{"href":"https:\/\/uj.adatbank.ro\/lexikon\/wp-json\/wp\/v2\/product\/11693","targetHints":{"allow":["GET"]}}],"collection":[{"href":"https:\/\/uj.adatbank.ro\/lexikon\/wp-json\/wp\/v2\/product"}],"about":[{"href":"https:\/\/uj.adatbank.ro\/lexikon\/wp-json\/wp\/v2\/types\/product"}],"replies":[{"embeddable":true,"href":"https:\/\/uj.adatbank.ro\/lexikon\/wp-json\/wp\/v2\/comments?post=11693"}],"wp:attachment":[{"href":"https:\/\/uj.adatbank.ro\/lexikon\/wp-json\/wp\/v2\/media?parent=11693"}],"wp:term":[{"taxonomy":"product_brand","embeddable":true,"href":"https:\/\/uj.adatbank.ro\/lexikon\/wp-json\/wp\/v2\/product_brand?post=11693"},{"taxonomy":"product_cat","embeddable":true,"href":"https:\/\/uj.adatbank.ro\/lexikon\/wp-json\/wp\/v2\/product_cat?post=11693"},{"taxonomy":"product_tag","embeddable":true,"href":"https:\/\/uj.adatbank.ro\/lexikon\/wp-json\/wp\/v2\/product_tag?post=11693"}],"curies":[{"name":"wp","href":"https:\/\/api.w.org\/{rel}","templated":true}]}}