{"id":11695,"date":"2025-06-29T14:01:54","date_gmt":"2025-06-29T12:01:54","guid":{"rendered":"https:\/\/uj.adatbank.ro\/lexikon\/termek\/kenosi-zsigmond\/"},"modified":"2025-06-29T14:01:54","modified_gmt":"2025-06-29T12:01:54","slug":"kenosi-zsigmond","status":"publish","type":"product","link":"https:\/\/uj.adatbank.ro\/lexikon\/termek\/kenosi-zsigmond\/","title":{"rendered":"K\u00c9NOSI Zsigmond"},"content":{"rendered":"<p>? \u202018. sz.: tan\u00edt\u00f3. \u2013 Ny\u00e1r\u00e1dszentl\u00e1szl\u00f3n tan\u00edt\u00f3 (1767). Szentgeric\u00e9n, (1772\u20131775-ig Sz\u00e9kelykereszt\u00faron, majd Okl\u00e1ndon tan\u00edtott. <br \/><strong>Irod.:<\/strong> Kelemen; Ny\u00e1r\u00e1dszentl\u00e1szl\u00f3<\/br><\/p>\n","protected":false},"excerpt":{"rendered":"<p>? \u202018. sz.: tan\u00edt\u00f3. \u2013 Ny\u00e1r\u00e1dszentl\u00e1szl\u00f3n tan\u00edt\u00f3 (1767). Szentgeric\u00e9n, (1772\u20131775-ig Sz\u00e9kelykereszt\u00faron, majd Okl\u00e1ndon tan\u00edtott. Irod.: Kelemen; Ny\u00e1r\u00e1dszentl\u00e1szl\u00f3<\/p>\n","protected":false},"featured_media":0,"comment_status":"open","ping_status":"closed","template":"","meta":[],"product_brand":[],"product_cat":[137],"product_tag":[],"class_list":{"0":"post-11695","1":"product","2":"type-product","3":"status-publish","5":"product_cat-maros-megyei-eletrajzi-lexikon","7":"first","8":"instock","9":"shipping-taxable","10":"product-type-simple"},"_links":{"self":[{"href":"https:\/\/uj.adatbank.ro\/lexikon\/wp-json\/wp\/v2\/product\/11695","targetHints":{"allow":["GET"]}}],"collection":[{"href":"https:\/\/uj.adatbank.ro\/lexikon\/wp-json\/wp\/v2\/product"}],"about":[{"href":"https:\/\/uj.adatbank.ro\/lexikon\/wp-json\/wp\/v2\/types\/product"}],"replies":[{"embeddable":true,"href":"https:\/\/uj.adatbank.ro\/lexikon\/wp-json\/wp\/v2\/comments?post=11695"}],"wp:attachment":[{"href":"https:\/\/uj.adatbank.ro\/lexikon\/wp-json\/wp\/v2\/media?parent=11695"}],"wp:term":[{"taxonomy":"product_brand","embeddable":true,"href":"https:\/\/uj.adatbank.ro\/lexikon\/wp-json\/wp\/v2\/product_brand?post=11695"},{"taxonomy":"product_cat","embeddable":true,"href":"https:\/\/uj.adatbank.ro\/lexikon\/wp-json\/wp\/v2\/product_cat?post=11695"},{"taxonomy":"product_tag","embeddable":true,"href":"https:\/\/uj.adatbank.ro\/lexikon\/wp-json\/wp\/v2\/product_tag?post=11695"}],"curies":[{"name":"wp","href":"https:\/\/api.w.org\/{rel}","templated":true}]}}