{"id":11696,"date":"2025-06-29T14:01:57","date_gmt":"2025-06-29T12:01:57","guid":{"rendered":"https:\/\/uj.adatbank.ro\/lexikon\/termek\/kenossy-bela-kenosi-es-homorodvamosfalvi\/"},"modified":"2025-06-29T14:01:57","modified_gmt":"2025-06-29T12:01:57","slug":"kenossy-bela-kenosi-es-homorodvamosfalvi","status":"publish","type":"product","link":"https:\/\/uj.adatbank.ro\/lexikon\/termek\/kenossy-bela-kenosi-es-homorodvamosfalvi\/","title":{"rendered":"K\u00c9NOSSY B\u00e9la, k\u00e9nosi \u00e9s homor\u00f3dv\u00e1mosfalvi"},"content":{"rendered":"<p>1856 k. \u2020 Segesv\u00e1r, 1907. m\u00e1j. 9.: Udvarhelyv\u00e1rmegye f\u0151jegyz\u0151je. A Ferencz J\u00f3zsef \u00e9s a M\u00e1ria Rend lovagja. \u2013 Vereseit k\u00f6z\u00f6lte az: Ellenz\u00e9k, Gyergy\u00f3 \u00e9s m\u00e1s erd\u00e9lyi lapok. <br \/><strong>Irod.:<\/strong> Guly\u00e1s, Kelemen<\/br><\/p>\n","protected":false},"excerpt":{"rendered":"<p>1856 k. \u2020 Segesv\u00e1r, 1907. m\u00e1j. 9.: Udvarhelyv\u00e1rmegye f\u0151jegyz\u0151je. A Ferencz J\u00f3zsef \u00e9s a M\u00e1ria Rend lovagja. \u2013 Vereseit k\u00f6z\u00f6lte az: Ellenz\u00e9k, Gyergy\u00f3 \u00e9s m\u00e1s erd\u00e9lyi lapok. Irod.: Guly\u00e1s, Kelemen<\/p>\n","protected":false},"featured_media":0,"comment_status":"open","ping_status":"closed","template":"","meta":[],"product_brand":[],"product_cat":[137],"product_tag":[],"class_list":{"0":"post-11696","1":"product","2":"type-product","3":"status-publish","5":"product_cat-maros-megyei-eletrajzi-lexikon","7":"first","8":"instock","9":"shipping-taxable","10":"product-type-simple"},"_links":{"self":[{"href":"https:\/\/uj.adatbank.ro\/lexikon\/wp-json\/wp\/v2\/product\/11696","targetHints":{"allow":["GET"]}}],"collection":[{"href":"https:\/\/uj.adatbank.ro\/lexikon\/wp-json\/wp\/v2\/product"}],"about":[{"href":"https:\/\/uj.adatbank.ro\/lexikon\/wp-json\/wp\/v2\/types\/product"}],"replies":[{"embeddable":true,"href":"https:\/\/uj.adatbank.ro\/lexikon\/wp-json\/wp\/v2\/comments?post=11696"}],"wp:attachment":[{"href":"https:\/\/uj.adatbank.ro\/lexikon\/wp-json\/wp\/v2\/media?parent=11696"}],"wp:term":[{"taxonomy":"product_brand","embeddable":true,"href":"https:\/\/uj.adatbank.ro\/lexikon\/wp-json\/wp\/v2\/product_brand?post=11696"},{"taxonomy":"product_cat","embeddable":true,"href":"https:\/\/uj.adatbank.ro\/lexikon\/wp-json\/wp\/v2\/product_cat?post=11696"},{"taxonomy":"product_tag","embeddable":true,"href":"https:\/\/uj.adatbank.ro\/lexikon\/wp-json\/wp\/v2\/product_tag?post=11696"}],"curies":[{"name":"wp","href":"https:\/\/api.w.org\/{rel}","templated":true}]}}