{"id":11697,"date":"2025-06-29T14:01:58","date_gmt":"2025-06-29T12:01:58","guid":{"rendered":"https:\/\/uj.adatbank.ro\/lexikon\/termek\/kenossy-zoltan-kenosi-es-homorodvamosfalvi\/"},"modified":"2025-06-29T14:01:58","modified_gmt":"2025-06-29T12:01:58","slug":"kenossy-zoltan-kenosi-es-homorodvamosfalvi","status":"publish","type":"product","link":"https:\/\/uj.adatbank.ro\/lexikon\/termek\/kenossy-zoltan-kenosi-es-homorodvamosfalvi\/","title":{"rendered":"K\u00c9NOSSY Zolt\u00e1n, k\u00e9nosi \u00e9s homor\u00f3dv\u00e1mosfalvi"},"content":{"rendered":"<p>? \u2020 ?: agronomus, sportol\u00f3. \u2013 Haller Lujza gr\u00f3fn\u0151 unok\u00e1ja, feles\u00e9ge egy Schuster le\u00e1ny. Segesv\u00e1ron futballozott, a rom\u00e1n Vulturii sportegyes\u00fclet tagjak\u00e9nt (1930-as \u00e9vekben). <br \/><strong>Irod.:<\/strong> M\u00e1th\u00e9 Andr\u00e1s: Volt egyszer egy futballcsapat. (N\u00fa., 1998. jan. 27.)<\/br><\/p>\n","protected":false},"excerpt":{"rendered":"<p>? \u2020 ?: agronomus, sportol\u00f3. \u2013 Haller Lujza gr\u00f3fn\u0151 unok\u00e1ja, feles\u00e9ge egy Schuster le\u00e1ny. Segesv\u00e1ron futballozott, a rom\u00e1n Vulturii sportegyes\u00fclet tagjak\u00e9nt (1930-as \u00e9vekben). Irod.: M\u00e1th\u00e9 Andr\u00e1s: Volt egyszer egy futballcsapat. (N\u00fa., 1998. jan. 27.)<\/p>\n","protected":false},"featured_media":0,"comment_status":"open","ping_status":"closed","template":"","meta":[],"product_brand":[],"product_cat":[137],"product_tag":[],"class_list":{"0":"post-11697","1":"product","2":"type-product","3":"status-publish","5":"product_cat-maros-megyei-eletrajzi-lexikon","7":"first","8":"instock","9":"shipping-taxable","10":"product-type-simple"},"_links":{"self":[{"href":"https:\/\/uj.adatbank.ro\/lexikon\/wp-json\/wp\/v2\/product\/11697","targetHints":{"allow":["GET"]}}],"collection":[{"href":"https:\/\/uj.adatbank.ro\/lexikon\/wp-json\/wp\/v2\/product"}],"about":[{"href":"https:\/\/uj.adatbank.ro\/lexikon\/wp-json\/wp\/v2\/types\/product"}],"replies":[{"embeddable":true,"href":"https:\/\/uj.adatbank.ro\/lexikon\/wp-json\/wp\/v2\/comments?post=11697"}],"wp:attachment":[{"href":"https:\/\/uj.adatbank.ro\/lexikon\/wp-json\/wp\/v2\/media?parent=11697"}],"wp:term":[{"taxonomy":"product_brand","embeddable":true,"href":"https:\/\/uj.adatbank.ro\/lexikon\/wp-json\/wp\/v2\/product_brand?post=11697"},{"taxonomy":"product_cat","embeddable":true,"href":"https:\/\/uj.adatbank.ro\/lexikon\/wp-json\/wp\/v2\/product_cat?post=11697"},{"taxonomy":"product_tag","embeddable":true,"href":"https:\/\/uj.adatbank.ro\/lexikon\/wp-json\/wp\/v2\/product_tag?post=11697"}],"curies":[{"name":"wp","href":"https:\/\/api.w.org\/{rel}","templated":true}]}}